
{"id":98118,"date":"2025-08-22T06:10:57","date_gmt":"2025-08-22T06:10:57","guid":{"rendered":"https:\/\/www.indiedevday.es\/?page_id=98118"},"modified":"2025-08-24T09:38:05","modified_gmt":"2025-08-24T09:38:05","slug":"weird-market-2025","status":"publish","type":"page","link":"https:\/\/www.indiedevday.es\/en\/weird-market-2025\/","title":{"rendered":"Weird Market 2025"},"content":{"rendered":"<div data-elementor-type=\"wp-page\" data-elementor-id=\"98118\" class=\"elementor elementor-98118\" data-elementor-post-type=\"page\">\n\t\t\t\t\t\t<section class=\"elementor-section elementor-top-section elementor-element elementor-element-528a603 elementor-section-height-min-height elementor-section-boxed elementor-section-height-default elementor-section-items-middle\" data-id=\"528a603\" data-element_type=\"section\" data-settings=\"{&quot;background_background&quot;:&quot;classic&quot;}\">\n\t\t\t\t\t\t\t<div class=\"elementor-background-overlay\"><\/div>\n\t\t\t\t\t\t\t<div class=\"elementor-container elementor-column-gap-default\">\n\t\t\t\t\t<div class=\"elementor-column elementor-col-100 elementor-top-column elementor-element elementor-element-35cb9c6\" data-id=\"35cb9c6\" data-element_type=\"column\">\n\t\t\t<div class=\"elementor-widget-wrap elementor-element-populated\">\n\t\t\t\t\t\t<section class=\"elementor-section elementor-inner-section elementor-element elementor-element-64f9281 elementor-section-boxed elementor-section-height-default elementor-section-height-default\" data-id=\"64f9281\" data-element_type=\"section\">\n\t\t\t\t\t\t<div class=\"elementor-container elementor-column-gap-default\">\n\t\t\t\t\t<div class=\"elementor-column elementor-col-100 elementor-inner-column elementor-element elementor-element-f5eb16e\" data-id=\"f5eb16e\" data-element_type=\"column\" data-settings=\"{&quot;background_background&quot;:&quot;classic&quot;}\">\n\t\t\t<div class=\"elementor-widget-wrap elementor-element-populated\">\n\t\t\t\t<div class=\"elementor-element elementor-element-9f5213e e-flex e-con-boxed e-con e-parent\" data-id=\"9f5213e\" data-element_type=\"container\">\n\t\t\t\t\t<div class=\"e-con-inner\">\n\t\t<div class=\"elementor-element elementor-element-b5e0139 e-flex e-con-boxed e-con e-child\" data-id=\"b5e0139\" data-element_type=\"container\">\n\t\t\t\t\t<div class=\"e-con-inner\">\n\t\t<div class=\"elementor-element elementor-element-6421727 e-flex e-con-boxed e-con e-child\" data-id=\"6421727\" data-element_type=\"container\" data-settings=\"{&quot;background_background&quot;:&quot;classic&quot;}\">\n\t\t\t\t\t<div class=\"e-con-inner\">\n\t\t\t\t<div class=\"elementor-element elementor-element-150ece2 elementor-widget elementor-widget-image\" data-id=\"150ece2\" data-element_type=\"widget\" data-widget_type=\"image.default\">\n\t\t\t\t<div class=\"elementor-widget-container\">\n\t\t\t\t\t\t\t\t\t\t\t\t\t\t\t<img decoding=\"async\" width=\"768\" height=\"1\" src=\"https:\/\/www.indiedevday.es\/wp-content\/uploads\/2023\/03\/Recurso-11IDPlogo2.svg\" class=\"attachment-medium_large size-medium_large wp-image-88076\" alt=\"indiedevplay logo\" \/>\t\t\t\t\t\t\t\t\t\t\t\t\t\t\t<\/div>\n\t\t\t\t<\/div>\n\t\t\t\t\t<\/div>\n\t\t\t\t<\/div>\n\t\t<div class=\"elementor-element elementor-element-ebf99cd e-flex e-con-boxed e-con e-child\" data-id=\"ebf99cd\" data-element_type=\"container\">\n\t\t\t\t\t<div class=\"e-con-inner\">\n\t\t\t\t<div class=\"elementor-element elementor-element-f1b862f nomouse elementor-widget elementor-widget-heading\" data-id=\"f1b862f\" data-element_type=\"widget\" data-widget_type=\"heading.default\">\n\t\t\t\t<div class=\"elementor-widget-container\">\n\t\t\t\t\t<h2 class=\"elementor-heading-title elementor-size-default\">IDD + Weird Market<\/h2>\t\t\t\t<\/div>\n\t\t\t\t<\/div>\n\t\t\t\t<div class=\"elementor-element elementor-element-0d27bc4 elementor-widget elementor-widget-text-editor\" data-id=\"0d27bc4\" data-element_type=\"widget\" data-widget_type=\"text-editor.default\">\n\t\t\t\t<div class=\"elementor-widget-container\">\n\t\t\t\t\t\t\t\t\t<p><span style=\"letter-spacing: 0px;\">IndieDevPlay is a project to promote national developments as part of other events, fairs and spaces not focused in independent development as their sole objective.<\/span><\/p><p><span style=\"letter-spacing: 0px;\">\u00a0<\/span><\/p><p>En esta ocasi\u00f3n IDP se va de viaje a Valencia para crear un espacio de showcase.<\/p>\t\t\t\t\t\t\t\t<\/div>\n\t\t\t\t<\/div>\n\t\t\t\t\t<\/div>\n\t\t\t\t<\/div>\n\t\t\t\t\t<\/div>\n\t\t\t\t<\/div>\n\t\t\t\t\t<\/div>\n\t\t\t\t<\/div>\n\t\t\t\t<div class=\"elementor-element elementor-element-155ee90 elementor-widget elementor-widget-heading\" data-id=\"155ee90\" data-element_type=\"widget\" data-widget_type=\"heading.default\">\n\t\t\t\t<div class=\"elementor-widget-container\">\n\t\t\t\t\t<h1 class=\"elementor-heading-title elementor-size-default\"><b>IndieDevPlay<\/b><br>\n<h2 style=\"color:white\"><\/h2><\/h1>\t\t\t\t<\/div>\n\t\t\t\t<\/div>\n\t\t<div class=\"elementor-element elementor-element-6628102 e-con-full e-flex e-con e-parent\" data-id=\"6628102\" data-element_type=\"container\">\n\t\t\t\t<div class=\"elementor-element elementor-element-3673893 elementor-widget elementor-widget-image\" data-id=\"3673893\" data-element_type=\"widget\" data-widget_type=\"image.default\">\n\t\t\t\t<div class=\"elementor-widget-container\">\n\t\t\t\t\t\t\t\t\t\t\t\t\t\t\t<img fetchpriority=\"high\" decoding=\"async\" width=\"800\" height=\"277\" src=\"https:\/\/www.indiedevday.es\/wp-content\/uploads\/2024\/07\/logo_weird_blanco-1024x355.png\" class=\"attachment-large size-large wp-image-91622\" alt=\"logo weird market\" srcset=\"https:\/\/www.indiedevday.es\/wp-content\/uploads\/2024\/07\/logo_weird_blanco-1024x355.png 1024w, https:\/\/www.indiedevday.es\/wp-content\/uploads\/2024\/07\/logo_weird_blanco-300x104.png 300w, https:\/\/www.indiedevday.es\/wp-content\/uploads\/2024\/07\/logo_weird_blanco-768x266.png 768w, https:\/\/www.indiedevday.es\/wp-content\/uploads\/2024\/07\/logo_weird_blanco-1536x533.png 1536w, https:\/\/www.indiedevday.es\/wp-content\/uploads\/2024\/07\/logo_weird_blanco-18x6.png 18w, https:\/\/www.indiedevday.es\/wp-content\/uploads\/2024\/07\/logo_weird_blanco.png 1695w\" sizes=\"(max-width: 800px) 100vw, 800px\" \/>\t\t\t\t\t\t\t\t\t\t\t\t\t\t\t<\/div>\n\t\t\t\t<\/div>\n\t\t\t\t<\/div>\n\t\t\t\t<div class=\"elementor-element elementor-element-0c41c9d elementor-widget elementor-widget-text-editor\" data-id=\"0c41c9d\" data-element_type=\"widget\" data-widget_type=\"text-editor.default\">\n\t\t\t\t<div class=\"elementor-widget-container\">\n\t\t\t\t\t\t\t\t\t<p><b>WEIRD MARKET<\/b><span style=\"font-weight: 400;\"> es un escaparate de lo que est\u00e1 por llegar.<\/span><\/p><p>\u00a0<\/p><p><span style=\"font-weight: 400;\">Las \u00faltimas tendencias del sector de la animaci\u00f3n, videojuegos y new media se convierten en los protagonistas de las conferencias, mesas redondas y encuentros.<\/span><\/p><p>\u00a0<\/p><p><span style=\"font-weight: 400;\">El showroom de esta 17\u00aa edici\u00f3n contar\u00e1 de nuevo con la colaboraci\u00f3n de BCN Game Fest y\u00a0 se podr\u00e1n probar experiencias innovadoras y videojuego, as\u00ed como informaci\u00f3n de asociaciones, centros formativos y eventos, entre otros.<\/span><\/p><p>\u00a0<\/p><p><span style=\"font-weight: 400;\">Este espacio estar\u00e1 abierto tanto para un p\u00fablico profesional como para el p\u00fablico general.<\/span><\/p><p><span style=\"font-weight: 400;\">Horario: Viernes y s\u00e1bado de 11:00 a 14:00h y de 16:00 a 19:00h.<\/span><\/p><p><span style=\"font-weight: 400;\">Lugar: <\/span><a href=\"https:\/\/www.google.com\/maps\/place\/\/data=!4m2!3m1!1s0xd6048f63da49ce1:0x37b1bcba9ad9547a?sa=X&amp;ved=1t:8290&amp;ictx=111\"><span style=\"font-weight: 400;\">LAS NAVES-\u00a0 Nave 1 C\/ de Joan Verdeguer, 22, Poblats Mar\u00edtims, 46024 Val\u00e8ncia<\/span><\/a><\/p><p>\u00a0<\/p><p><span style=\"font-weight: 400;\">El coste de participaci\u00f3n es gratuito para creadores y desarrolladores de videojuegos, animaci\u00f3n, juegos de mesa o c\u00f3mic, siendo \u00fanicamente indispensable completar una inscripci\u00f3n <\/span><span style=\"font-weight: 400;\">antes del 8 de septiembre<\/span><span style=\"font-weight: 400;\"> con materiales del proyecto a exponer.<\/span><\/p><p><span style=\"font-weight: 400;\">El env\u00edo de la solicitud NO implica ser seleccionado para participar en el showroom. La confirmaci\u00f3n de participaci\u00f3n se comunicar\u00e1, v\u00eda correo electr\u00f3nico.<\/span><\/p><p>\u00a0<\/p><p><span style=\"font-weight: 400;\">Esta participaci\u00f3n obliga al expositor a ajustarse a los t\u00e9rminos, condiciones y plazos que establece la organizaci\u00f3n que tendr\u00e1 en cuenta el aforo y calidad.\u00a0<\/span><\/p>\t\t\t\t\t\t\t\t<\/div>\n\t\t\t\t<\/div>\n\t\t\t\t<div class=\"elementor-element elementor-element-ff1a623 elementor-align-center elementor-widget elementor-widget-button\" data-id=\"ff1a623\" data-element_type=\"widget\" data-widget_type=\"button.default\">\n\t\t\t\t<div class=\"elementor-widget-container\">\n\t\t\t\t\t\t\t\t\t<div class=\"elementor-button-wrapper\">\n\t\t\t\t\t<a class=\"elementor-button elementor-button-link elementor-size-sm\" href=\"https:\/\/docs.google.com\/presentation\/d\/1dbOtvpnqbv8Gz-qi6ULNl7JvzFEX0QrB\/edit?slide=id.p1#slide=id.p1\">\n\t\t\t\t\t\t<span class=\"elementor-button-content-wrapper\">\n\t\t\t\t\t\t\t\t\t<span class=\"elementor-button-text\">DOSSIER INFORMACI\u00d3N Y REGLAMENTO<\/span>\n\t\t\t\t\t<\/span>\n\t\t\t\t\t<\/a>\n\t\t\t\t<\/div>\n\t\t\t\t\t\t\t\t<\/div>\n\t\t\t\t<\/div>\n\t\t\t\t<div class=\"elementor-element elementor-element-9cc6010 elementor-align-center elementor-widget elementor-widget-button\" data-id=\"9cc6010\" data-element_type=\"widget\" data-widget_type=\"button.default\">\n\t\t\t\t<div class=\"elementor-widget-container\">\n\t\t\t\t\t\t\t\t\t<div class=\"elementor-button-wrapper\">\n\t\t\t\t\t<a class=\"elementor-button elementor-button-link elementor-size-sm\" href=\"https:\/\/www.cognitoforms.com\/ElEjeAsturias\/WEIRDMARKET2025IndieDevPlay\">\n\t\t\t\t\t\t<span class=\"elementor-button-content-wrapper\">\n\t\t\t\t\t\t\t\t\t<span class=\"elementor-button-text\">INSCRIPCIONES VIDEOJUEGOS<\/span>\n\t\t\t\t\t<\/span>\n\t\t\t\t\t<\/a>\n\t\t\t\t<\/div>\n\t\t\t\t\t\t\t\t<\/div>\n\t\t\t\t<\/div>\n\t\t\t\t<div class=\"elementor-element elementor-element-5d6d1f2 elementor-align-center elementor-widget elementor-widget-button\" data-id=\"5d6d1f2\" data-element_type=\"widget\" data-widget_type=\"button.default\">\n\t\t\t\t<div class=\"elementor-widget-container\">\n\t\t\t\t\t\t\t\t\t<div class=\"elementor-button-wrapper\">\n\t\t\t\t\t<a class=\"elementor-button elementor-button-link elementor-size-sm\" href=\"https:\/\/docs.google.com\/forms\/u\/1\/d\/e\/1FAIpQLSegtCp40Rp7StX9DKT5VYMDngGyIp0ou2JeEt7Jv-_yrR3rJw\/viewform?usp=send_form\">\n\t\t\t\t\t\t<span class=\"elementor-button-content-wrapper\">\n\t\t\t\t\t\t\t\t\t<span class=\"elementor-button-text\">INSCRIPCIONES OTROS<\/span>\n\t\t\t\t\t<\/span>\n\t\t\t\t\t<\/a>\n\t\t\t\t<\/div>\n\t\t\t\t\t\t\t\t<\/div>\n\t\t\t\t<\/div>\n\t\t\t\t\t<\/div>\n\t\t<\/div>\n\t\t\t\t\t<\/div>\n\t\t<\/section>\n\t\t\t\t\t<\/div>\n\t\t<\/div>\n\t\t\t\t\t<\/div>\n\t\t<\/section>\n\t\t\t\t<\/div>","protected":false},"excerpt":{"rendered":"<p>IDD + Weird Market IndieDevPlay es un proyecto con el que impulsar los desarrollos nacionales en el marco de otros eventos, ferias y espacios de un \u00e1mbito diferente al desarrollo independiente como \u00fanico objetivo. \u00a0 En esta ocasi\u00f3n IDP se va de viaje a Valencia para crear un espacio de showcase. IndieDevPlay WEIRD MARKET es [&hellip;]<\/p>","protected":false},"author":1,"featured_media":0,"parent":0,"menu_order":0,"comment_status":"closed","ping_status":"closed","template":"elementor_header_footer","meta":{"footnotes":""},"class_list":["post-98118","page","type-page","status-publish","hentry"],"_links":{"self":[{"href":"https:\/\/www.indiedevday.es\/en\/wp-json\/wp\/v2\/pages\/98118","targetHints":{"allow":["GET"]}}],"collection":[{"href":"https:\/\/www.indiedevday.es\/en\/wp-json\/wp\/v2\/pages"}],"about":[{"href":"https:\/\/www.indiedevday.es\/en\/wp-json\/wp\/v2\/types\/page"}],"author":[{"embeddable":true,"href":"https:\/\/www.indiedevday.es\/en\/wp-json\/wp\/v2\/users\/1"}],"replies":[{"embeddable":true,"href":"https:\/\/www.indiedevday.es\/en\/wp-json\/wp\/v2\/comments?post=98118"}],"version-history":[{"count":27,"href":"https:\/\/www.indiedevday.es\/en\/wp-json\/wp\/v2\/pages\/98118\/revisions"}],"predecessor-version":[{"id":98157,"href":"https:\/\/www.indiedevday.es\/en\/wp-json\/wp\/v2\/pages\/98118\/revisions\/98157"}],"wp:attachment":[{"href":"https:\/\/www.indiedevday.es\/en\/wp-json\/wp\/v2\/media?parent=98118"}],"curies":[{"name":"wp","href":"https:\/\/api.w.org\/{rel}","templated":true}]}}