
{"id":947,"date":"2019-07-15T17:33:46","date_gmt":"2019-07-15T17:33:46","guid":{"rendered":"http:\/\/www.indiedevday.es\/?page_id=947"},"modified":"2019-07-24T19:07:35","modified_gmt":"2019-07-24T19:07:35","slug":"solicitud-expositor","status":"publish","type":"page","link":"https:\/\/www.indiedevday.es\/en\/solicitud-expositor\/","title":{"rendered":"Solicitud de puesto de expositor"},"content":{"rendered":"<div data-elementor-type=\"wp-post\" data-elementor-id=\"947\" class=\"elementor elementor-947\" data-elementor-post-type=\"page\">\n\t\t\t\t\t\t<section class=\"elementor-section elementor-top-section elementor-element elementor-element-1e1e206 elementor-section-boxed elementor-section-height-default elementor-section-height-default wpr-particle-no wpr-jarallax-no wpr-parallax-no wpr-sticky-section-no\" data-id=\"1e1e206\" data-element_type=\"section\" data-settings=\"{&quot;background_background&quot;:&quot;classic&quot;}\">\n\t\t\t\t\t\t<div class=\"elementor-container elementor-column-gap-default\">\n\t\t\t\t\t<div class=\"elementor-column elementor-col-100 elementor-top-column elementor-element elementor-element-10da514\" data-id=\"10da514\" data-element_type=\"column\">\n\t\t\t<div class=\"elementor-widget-wrap elementor-element-populated\">\n\t\t\t\t\t\t<div class=\"elementor-element elementor-element-cb16e72 elementor-widget elementor-widget-image\" data-id=\"cb16e72\" data-element_type=\"widget\" data-widget_type=\"image.default\">\n\t\t\t\t<div class=\"elementor-widget-container\">\n\t\t\t\t\t\t\t\t\t\t\t\t\t\t\t<img fetchpriority=\"high\" decoding=\"async\" width=\"800\" height=\"288\" src=\"https:\/\/www.indiedevday.es\/wp-content\/uploads\/2019\/07\/bannerwebne-1024x368.png\" class=\"attachment-large size-large wp-image-936\" alt=\"\" srcset=\"https:\/\/www.indiedevday.es\/wp-content\/uploads\/2019\/07\/bannerwebne-1024x368.png 1024w, https:\/\/www.indiedevday.es\/wp-content\/uploads\/2019\/07\/bannerwebne-300x108.png 300w, https:\/\/www.indiedevday.es\/wp-content\/uploads\/2019\/07\/bannerwebne-768x276.png 768w, https:\/\/www.indiedevday.es\/wp-content\/uploads\/2019\/07\/bannerwebne-830x298.png 830w, https:\/\/www.indiedevday.es\/wp-content\/uploads\/2019\/07\/bannerwebne-230x83.png 230w, https:\/\/www.indiedevday.es\/wp-content\/uploads\/2019\/07\/bannerwebne-350x126.png 350w, https:\/\/www.indiedevday.es\/wp-content\/uploads\/2019\/07\/bannerwebne-480x173.png 480w, https:\/\/www.indiedevday.es\/wp-content\/uploads\/2019\/07\/bannerwebne.png 2048w\" sizes=\"(max-width: 800px) 100vw, 800px\" \/>\t\t\t\t\t\t\t\t\t\t\t\t\t\t\t<\/div>\n\t\t\t\t<\/div>\n\t\t\t\t\t<\/div>\n\t\t<\/div>\n\t\t\t\t\t<\/div>\n\t\t<\/section>\n\t\t\t\t<section class=\"elementor-section elementor-top-section elementor-element elementor-element-454770d5 elementor-section-boxed elementor-section-height-default elementor-section-height-default wpr-particle-no wpr-jarallax-no wpr-parallax-no wpr-sticky-section-no\" data-id=\"454770d5\" data-element_type=\"section\" id=\"services\">\n\t\t\t\t\t\t<div class=\"elementor-container elementor-column-gap-default\">\n\t\t\t\t\t<div class=\"elementor-column elementor-col-100 elementor-top-column elementor-element elementor-element-49c465df\" data-id=\"49c465df\" data-element_type=\"column\">\n\t\t\t<div class=\"elementor-widget-wrap elementor-element-populated\">\n\t\t\t\t\t\t<div class=\"elementor-element elementor-element-39c9553d elementor-widget elementor-widget-heading\" data-id=\"39c9553d\" data-element_type=\"widget\" data-widget_type=\"heading.default\">\n\t\t\t\t<div class=\"elementor-widget-container\">\n\t\t\t\t\t<h3 class=\"elementor-heading-title elementor-size-default\">SOLICITUD DE PUESTO EXPOSITOR<\/h3>\t\t\t\t<\/div>\n\t\t\t\t<\/div>\n\t\t\t\t<div class=\"elementor-element elementor-element-3584b5 elementor-widget-divider--view-line elementor-widget elementor-widget-divider\" data-id=\"3584b5\" data-element_type=\"widget\" data-widget_type=\"divider.default\">\n\t\t\t\t<div class=\"elementor-widget-container\">\n\t\t\t\t\t\t\t<div class=\"elementor-divider\">\n\t\t\t<span class=\"elementor-divider-separator\">\n\t\t\t\t\t\t<\/span>\n\t\t<\/div>\n\t\t\t\t\t\t<\/div>\n\t\t\t\t<\/div>\n\t\t\t\t<div class=\"elementor-element elementor-element-2a1e8f3 elementor-widget elementor-widget-text-editor\" data-id=\"2a1e8f3\" data-element_type=\"widget\" data-widget_type=\"text-editor.default\">\n\t\t\t\t<div class=\"elementor-widget-container\">\n\t\t\t\t\t\t\t\t\t<p>En IndieDevDay 2 vamos a recibir solicitudes para exponer vuestros videojuegos hasta el <strong>8\u00a0de agosto<\/strong>.<\/p><p style=\"text-align: justify;\">Tan solo tienes que rellenar el formulario de m\u00e1s abajo y te contactaremos para confirmar el puesto.<\/p><p style=\"text-align: justify;\">Este a\u00f1o vamos a intentar ofrecer un mayor evento tanto al p\u00fablico como a los expositores, y para ello, a\u00f1adiremos un peque\u00f1o coste a los stands:<\/p><p><strong>Stand IndieDevDay 2<\/strong><\/p><ul><li>Mesa de 2mx0,8m(o medida similar) durante 2 d\u00edas de evento (7 S\u00e1bado y 8 Domingo de Septiembre ma\u00f1ana y tarde *horario por confirmar)<\/li><li dir=\"ltr\">2 sillas (Comunicad si necesitar\u00edais m\u00e1s)<\/li><li dir=\"ltr\">Decoraci\u00f3n est\u00e1ndar de mesa<\/li><li dir=\"ltr\">Botella agua 1,5L por d\u00eda<\/li><li dir=\"ltr\">Acceso a tomas de corriente<\/li><li dir=\"ltr\">Posibilidad de venta de productos y merchandising<\/li><li dir=\"ltr\">Logo en redes y web de IndieDevDay<\/li><\/ul><div style=\"text-align: justify;\"><span style=\"white-space: pre-wrap;\">Precio: <strong>20\u20ac<\/strong> <\/span><\/div><p style=\"text-align: justify;\">\u00a0<\/p>\t\t\t\t\t\t\t\t<\/div>\n\t\t\t\t<\/div>\n\t\t\t\t<div class=\"elementor-element elementor-element-18cd6ab elementor-widget elementor-widget-text-editor\" data-id=\"18cd6ab\" data-element_type=\"widget\" data-widget_type=\"text-editor.default\">\n\t\t\t\t<div class=\"elementor-widget-container\">\n\t\t\t\t\t\t\t\t\t<div class=\"cognito\"><script src=\"https:\/\/services.cognitoforms.com\/s\/7P-ZTme7oU6d5ITfbOgeQw\"><\/script>\n<script>Cognito.load(\"forms\", { id: \"37\" });<\/script><\/div>\t\t\t\t\t\t\t\t<\/div>\n\t\t\t\t<\/div>\n\t\t\t\t\t<\/div>\n\t\t<\/div>\n\t\t\t\t\t<\/div>\n\t\t<\/section>\n\t\t\t\t<section class=\"elementor-section elementor-top-section elementor-element elementor-element-dbd9029 elementor-section-boxed elementor-section-height-default elementor-section-height-default wpr-particle-no wpr-jarallax-no wpr-parallax-no wpr-sticky-section-no\" data-id=\"dbd9029\" data-element_type=\"section\">\n\t\t\t\t\t\t<div class=\"elementor-container elementor-column-gap-default\">\n\t\t\t\t\t<div class=\"elementor-column elementor-col-100 elementor-top-column elementor-element elementor-element-a22eb34\" data-id=\"a22eb34\" data-element_type=\"column\">\n\t\t\t<div class=\"elementor-widget-wrap elementor-element-populated\">\n\t\t\t\t\t\t\t<\/div>\n\t\t<\/div>\n\t\t\t\t\t<\/div>\n\t\t<\/section>\n\t\t\t\t<section class=\"elementor-section elementor-top-section elementor-element elementor-element-6af86639 elementor-section-boxed elementor-section-height-default elementor-section-height-default wpr-particle-no wpr-jarallax-no wpr-parallax-no wpr-sticky-section-no\" data-id=\"6af86639\" data-element_type=\"section\" data-settings=\"{&quot;background_background&quot;:&quot;classic&quot;}\">\n\t\t\t\t\t\t<div class=\"elementor-container elementor-column-gap-default\">\n\t\t\t\t\t<div class=\"elementor-column elementor-col-100 elementor-top-column elementor-element elementor-element-7c43a80e\" data-id=\"7c43a80e\" data-element_type=\"column\">\n\t\t\t<div class=\"elementor-widget-wrap elementor-element-populated\">\n\t\t\t\t\t\t<div class=\"elementor-element elementor-element-4c271b4 sydney-social-row elementor-shape-rounded elementor-grid-0 e-grid-align-center elementor-widget elementor-widget-social-icons\" data-id=\"4c271b4\" data-element_type=\"widget\" data-widget_type=\"social-icons.default\">\n\t\t\t\t<div class=\"elementor-widget-container\">\n\t\t\t\t\t\t\t<div class=\"elementor-social-icons-wrapper elementor-grid\" role=\"list\">\n\t\t\t\t\t\t\t<span class=\"elementor-grid-item\" role=\"listitem\">\n\t\t\t\t\t<a class=\"elementor-icon elementor-social-icon elementor-social-icon-facebook elementor-repeater-item-1fc9825\" href=\"https:\/\/www.facebook.com\/Indiedevday-279375892840809\" target=\"_blank\">\n\t\t\t\t\t\t<span class=\"elementor-screen-only\">Facebook<\/span>\n\t\t\t\t\t\t\t\t\t\t\t\t\t<i class=\"fa fa-facebook\" aria-hidden=\"true\"><\/i>\n\t\t\t\t\t\t\t\t\t\t\t<\/a>\n\t\t\t\t<\/span>\n\t\t\t\t\t\t\t<span class=\"elementor-grid-item\" role=\"listitem\">\n\t\t\t\t\t<a class=\"elementor-icon elementor-social-icon elementor-social-icon-twitter elementor-repeater-item-3cff2d5\" href=\"https:\/\/twitter.com\/IndieDevDay\" target=\"_blank\">\n\t\t\t\t\t\t<span class=\"elementor-screen-only\">Twitter<\/span>\n\t\t\t\t\t\t\t\t\t\t\t\t\t<i class=\"fa fa-twitter\" aria-hidden=\"true\"><\/i>\n\t\t\t\t\t\t\t\t\t\t\t<\/a>\n\t\t\t\t<\/span>\n\t\t\t\t\t\t\t<span class=\"elementor-grid-item\" role=\"listitem\">\n\t\t\t\t\t<a class=\"elementor-icon elementor-social-icon elementor-social-icon-instagram elementor-repeater-item-cc36850\" href=\"https:\/\/www.instagram.com\/indiedevday\/\" target=\"_blank\">\n\t\t\t\t\t\t<span class=\"elementor-screen-only\">Instagram<\/span>\n\t\t\t\t\t\t\t\t\t\t\t\t\t<i class=\"fa fa-instagram\" aria-hidden=\"true\"><\/i>\n\t\t\t\t\t\t\t\t\t\t\t<\/a>\n\t\t\t\t<\/span>\n\t\t\t\t\t<\/div>\n\t\t\t\t\t\t<\/div>\n\t\t\t\t<\/div>\n\t\t\t\t\t<\/div>\n\t\t<\/div>\n\t\t\t\t\t<\/div>\n\t\t<\/section>\n\t\t\t\t<\/div>","protected":false},"excerpt":{"rendered":"<p>SOLICITUD DE PUESTO EXPOSITOR En IndieDevDay 2 vamos a recibir solicitudes para exponer vuestros videojuegos hasta el 8\u00a0de agosto. Tan solo tienes que rellenar el formulario de m\u00e1s abajo y te contactaremos para confirmar el puesto. Este a\u00f1o vamos a intentar ofrecer un mayor evento tanto al p\u00fablico como a los expositores, y para ello, a\u00f1adiremos un peque\u00f1o coste a los stands: Stand IndieDevDay 2 Mesa de 2mx0,8m(o medida similar) durante 2 d\u00edas de evento (7 S\u00e1bado y 8 Domingo de Septiembre ma\u00f1ana y tarde *horario por confirmar) 2 sillas (Comunicad si necesitar\u00edais m\u00e1s) Decoraci\u00f3n est\u00e1ndar de mesa Botella agua 1,5L por d\u00eda Acceso a tomas de corriente Posibilidad de venta de productos y merchandising Logo en redes y web de IndieDevDay Precio: 20\u20ac \u00a0 Facebook Twitter Instagram<\/p>","protected":false},"author":1,"featured_media":0,"parent":0,"menu_order":0,"comment_status":"closed","ping_status":"closed","template":"page-templates\/page_front-page.php","meta":{"footnotes":""},"class_list":["post-947","page","type-page","status-publish","hentry"],"_links":{"self":[{"href":"https:\/\/www.indiedevday.es\/en\/wp-json\/wp\/v2\/pages\/947","targetHints":{"allow":["GET"]}}],"collection":[{"href":"https:\/\/www.indiedevday.es\/en\/wp-json\/wp\/v2\/pages"}],"about":[{"href":"https:\/\/www.indiedevday.es\/en\/wp-json\/wp\/v2\/types\/page"}],"author":[{"embeddable":true,"href":"https:\/\/www.indiedevday.es\/en\/wp-json\/wp\/v2\/users\/1"}],"replies":[{"embeddable":true,"href":"https:\/\/www.indiedevday.es\/en\/wp-json\/wp\/v2\/comments?post=947"}],"version-history":[{"count":22,"href":"https:\/\/www.indiedevday.es\/en\/wp-json\/wp\/v2\/pages\/947\/revisions"}],"predecessor-version":[{"id":975,"href":"https:\/\/www.indiedevday.es\/en\/wp-json\/wp\/v2\/pages\/947\/revisions\/975"}],"wp:attachment":[{"href":"https:\/\/www.indiedevday.es\/en\/wp-json\/wp\/v2\/media?parent=947"}],"curies":[{"name":"wp","href":"https:\/\/api.w.org\/{rel}","templated":true}]}}