
{"id":90528,"date":"2024-02-29T11:29:28","date_gmt":"2024-02-29T11:29:28","guid":{"rendered":"https:\/\/www.indiedevday.es\/?page_id=90528"},"modified":"2024-07-15T08:34:28","modified_gmt":"2024-07-15T08:34:28","slug":"retrobarcelona-2024","status":"publish","type":"page","link":"https:\/\/www.indiedevday.es\/en\/retrobarcelona-2024\/","title":{"rendered":"RetroBarcelona 2024"},"content":{"rendered":"<div data-elementor-type=\"wp-page\" data-elementor-id=\"90528\" class=\"elementor elementor-90528\" data-elementor-post-type=\"page\">\n\t\t\t\t\t\t<section class=\"elementor-section elementor-top-section elementor-element elementor-element-528a603 elementor-section-height-min-height elementor-section-boxed elementor-section-height-default elementor-section-items-middle wpr-particle-no wpr-jarallax-no wpr-parallax-no wpr-sticky-section-no\" data-id=\"528a603\" data-element_type=\"section\" data-settings=\"{&quot;background_background&quot;:&quot;classic&quot;}\">\n\t\t\t\t\t\t\t<div class=\"elementor-background-overlay\"><\/div>\n\t\t\t\t\t\t\t<div class=\"elementor-container elementor-column-gap-default\">\n\t\t\t\t\t<div class=\"elementor-column elementor-col-100 elementor-top-column elementor-element elementor-element-35cb9c6\" data-id=\"35cb9c6\" data-element_type=\"column\">\n\t\t\t<div class=\"elementor-widget-wrap elementor-element-populated\">\n\t\t\t\t\t\t<section class=\"elementor-section elementor-inner-section elementor-element elementor-element-64f9281 elementor-section-boxed elementor-section-height-default elementor-section-height-default wpr-particle-no wpr-jarallax-no wpr-parallax-no wpr-sticky-section-no\" data-id=\"64f9281\" data-element_type=\"section\">\n\t\t\t\t\t\t<div class=\"elementor-container elementor-column-gap-default\">\n\t\t\t\t\t<div class=\"elementor-column elementor-col-100 elementor-inner-column elementor-element elementor-element-f5eb16e\" data-id=\"f5eb16e\" data-element_type=\"column\" data-settings=\"{&quot;background_background&quot;:&quot;classic&quot;}\">\n\t\t\t<div class=\"elementor-widget-wrap elementor-element-populated\">\n\t\t\t\t<div class=\"elementor-element elementor-element-12b06ff e-flex e-con-boxed wpr-particle-no wpr-jarallax-no wpr-parallax-no wpr-sticky-section-no e-con e-parent\" data-id=\"12b06ff\" data-element_type=\"container\">\n\t\t\t\t\t<div class=\"e-con-inner\">\n\t\t<div class=\"elementor-element elementor-element-da70c09 e-flex e-con-boxed wpr-particle-no wpr-jarallax-no wpr-parallax-no wpr-sticky-section-no e-con e-child\" data-id=\"da70c09\" data-element_type=\"container\">\n\t\t\t\t\t<div class=\"e-con-inner\">\n\t\t<div class=\"elementor-element elementor-element-d2395b1 e-flex e-con-boxed wpr-particle-no wpr-jarallax-no wpr-parallax-no wpr-sticky-section-no e-con e-child\" data-id=\"d2395b1\" data-element_type=\"container\" data-settings=\"{&quot;background_background&quot;:&quot;classic&quot;}\">\n\t\t\t\t\t<div class=\"e-con-inner\">\n\t\t\t\t<div class=\"elementor-element elementor-element-11f5403 elementor-widget elementor-widget-image\" data-id=\"11f5403\" data-element_type=\"widget\" data-widget_type=\"image.default\">\n\t\t\t\t<div class=\"elementor-widget-container\">\n\t\t\t\t\t\t\t\t\t\t\t\t\t\t\t<img decoding=\"async\" width=\"768\" height=\"1\" src=\"https:\/\/www.indiedevday.es\/wp-content\/uploads\/2023\/03\/Recurso-11IDPlogo2.svg\" class=\"attachment-medium_large size-medium_large wp-image-88076\" alt=\"indiedevplay logo\" \/>\t\t\t\t\t\t\t\t\t\t\t\t\t\t\t<\/div>\n\t\t\t\t<\/div>\n\t\t\t\t\t<\/div>\n\t\t\t\t<\/div>\n\t\t<div class=\"elementor-element elementor-element-258f69c e-flex e-con-boxed wpr-particle-no wpr-jarallax-no wpr-parallax-no wpr-sticky-section-no e-con e-child\" data-id=\"258f69c\" data-element_type=\"container\">\n\t\t\t\t\t<div class=\"e-con-inner\">\n\t\t\t\t<div class=\"elementor-element elementor-element-1c2094a nomouse elementor-widget elementor-widget-heading\" data-id=\"1c2094a\" data-element_type=\"widget\" data-widget_type=\"heading.default\">\n\t\t\t\t<div class=\"elementor-widget-container\">\n\t\t\t\t\t<h2 class=\"elementor-heading-title elementor-size-default\">IDD + RetroBarcelona<\/h2>\t\t\t\t<\/div>\n\t\t\t\t<\/div>\n\t\t\t\t<div class=\"elementor-element elementor-element-a6a517d elementor-widget elementor-widget-text-editor\" data-id=\"a6a517d\" data-element_type=\"widget\" data-widget_type=\"text-editor.default\">\n\t\t\t\t<div class=\"elementor-widget-container\">\n\t\t\t\t\t\t\t\t\t<p><span style=\"letter-spacing: 0px;\">IndieDevPlay is a project to promote national developments as part of other events, fairs and spaces not focused in independent development as their sole objective.<\/span><\/p><p><span style=\"letter-spacing: 0px;\">\u00a0<\/span><\/p><p>En esta ocasi\u00f3n IDP se va de viaje a Bilbao para asistir a la BIGy aporta un espacio donde probar varios videojuegos independientes.<\/p><p>\u00a0<\/p>\t\t\t\t\t\t\t\t<\/div>\n\t\t\t\t<\/div>\n\t\t\t\t\t<\/div>\n\t\t\t\t<\/div>\n\t\t\t\t\t<\/div>\n\t\t\t\t<\/div>\n\t\t\t\t<div class=\"elementor-element elementor-element-d1094d8 elementor-widget elementor-widget-text-editor\" data-id=\"d1094d8\" data-element_type=\"widget\" data-widget_type=\"text-editor.default\">\n\t\t\t\t<div class=\"elementor-widget-container\">\n\t\t\t\t\t\t\t\t\t<p>Sponsored By&nbsp;<\/p>\t\t\t\t\t\t\t\t<\/div>\n\t\t\t\t<\/div>\n\t\t\t\t<div class=\"elementor-element elementor-element-5ac24ca elementor-widget elementor-widget-image\" data-id=\"5ac24ca\" data-element_type=\"widget\" data-widget_type=\"image.default\">\n\t\t\t\t<div class=\"elementor-widget-container\">\n\t\t\t\t\t\t\t\t\t\t\t\t\t\t\t<img fetchpriority=\"high\" decoding=\"async\" width=\"800\" height=\"259\" src=\"https:\/\/www.indiedevday.es\/wp-content\/uploads\/2022\/08\/Ministerio-Cultura.png\" class=\"attachment-large size-large wp-image-69607\" alt=\"ministerio de cultura y deporte gobierno de espa\u00f1a logo\" srcset=\"https:\/\/www.indiedevday.es\/wp-content\/uploads\/2022\/08\/Ministerio-Cultura.png 1000w, https:\/\/www.indiedevday.es\/wp-content\/uploads\/2022\/08\/Ministerio-Cultura-300x97.png 300w, https:\/\/www.indiedevday.es\/wp-content\/uploads\/2022\/08\/Ministerio-Cultura-768x249.png 768w, https:\/\/www.indiedevday.es\/wp-content\/uploads\/2022\/08\/Ministerio-Cultura-18x6.png 18w\" sizes=\"(max-width: 800px) 100vw, 800px\" \/>\t\t\t\t\t\t\t\t\t\t\t\t\t\t\t<\/div>\n\t\t\t\t<\/div>\n\t\t\t\t\t<\/div>\n\t\t\t\t<\/div>\n\t\t\t\t<div class=\"elementor-element elementor-element-155ee90 elementor-widget elementor-widget-heading\" data-id=\"155ee90\" data-element_type=\"widget\" data-widget_type=\"heading.default\">\n\t\t\t\t<div class=\"elementor-widget-container\">\n\t\t\t\t\t<h1 class=\"elementor-heading-title elementor-size-default\"><b>RETROBARCELONA 2024<\/b>\n<h2 style=\"color:white\"><br><\/h2><\/h1>\t\t\t\t<\/div>\n\t\t\t\t<\/div>\n\t\t\t\t<div class=\"elementor-element elementor-element-0c41c9d elementor-widget elementor-widget-text-editor\" data-id=\"0c41c9d\" data-element_type=\"widget\" data-widget_type=\"text-editor.default\">\n\t\t\t\t<div class=\"elementor-widget-container\">\n\t\t\t\t\t\t\t\t\t<p class=\"translation-block\"><strong>RetroBarcelona <\/strong> es la feria de referencia dentro de mundo de los videojuegos con una perspectiva hist\u00f3rica que aglutina la pasi\u00f3n por los videojuegos de aquellas primeras videoconsolas y ordenadores que nos han acompa\u00f1ado a lo largo de nuestras vidas y que lleva celebr\u00e1ndose desde 2013.<\/p><p>\u00a0<\/p><p><strong>Fechas: 18 y 19 Mayo<br \/>Lugar: La Farga de L&#8217;Hospitalet de Llobregat<\/strong><\/p><p>\u00a0<\/p><p class=\"translation-block\">Puedes conocer m\u00e1s sobre RetroBarcelona en <a href=\"https:\/\/www.retrobarcelona.org\/\" target=\"_self\">https:\/\/www.retrobarcelona.org\/<\/a>.<\/p><p>Gracias a IndieDevPlay habr\u00e1 un espacio dedicado a videojuegos desarrollados en la actualidad, pero con est\u00e9tica y mec\u00e1nicas retro o directamente desarrollados para plataformas retro con un precio cerrado.<\/p><p>\u00a0<\/p><p><strong>Stand IndieDevPlay en RetroBarcelona:<\/strong><\/p><p style=\"padding-left: 40px;\">&#8211; Mesa 1,80m x 0,75m<\/p><p style=\"padding-left: 40px;\">&#8211; 1 silla<\/p><p style=\"padding-left: 40px;\">&#8211; Toma de corriente<\/p><p style=\"padding-left: 40px;\">&#8211; 2 acreditaciones<\/p><p class=\"translation-block\"><strong>Precio:<\/strong> 100\u20ac + IVA<\/p><p>\u00a0<\/p><p>If you want to participate, access the form below or send us an email to indiedevday@gmail.com<\/p>\t\t\t\t\t\t\t\t<\/div>\n\t\t\t\t<\/div>\n\t\t\t\t<div class=\"elementor-element elementor-element-84835b3 elementor-widget elementor-widget-image\" data-id=\"84835b3\" data-element_type=\"widget\" data-widget_type=\"image.default\">\n\t\t\t\t<div class=\"elementor-widget-container\">\n\t\t\t\t\t\t\t\t\t\t\t\t\t\t\t\t<a href=\"http:\/\/www.cometcon.org\">\n\t\t\t\t\t\t\t<img decoding=\"async\" width=\"244\" height=\"244\" src=\"https:\/\/www.indiedevday.es\/wp-content\/uploads\/2024\/02\/Logotip-Retro-01@2x-1.png\" class=\"attachment-full size-full wp-image-90541\" alt=\"\" srcset=\"https:\/\/www.indiedevday.es\/wp-content\/uploads\/2024\/02\/Logotip-Retro-01@2x-1.png 244w, https:\/\/www.indiedevday.es\/wp-content\/uploads\/2024\/02\/Logotip-Retro-01@2x-1-150x150.png 150w, https:\/\/www.indiedevday.es\/wp-content\/uploads\/2024\/02\/Logotip-Retro-01@2x-1-12x12.png 12w\" sizes=\"(max-width: 244px) 100vw, 244px\" \/>\t\t\t\t\t\t\t\t<\/a>\n\t\t\t\t\t\t\t\t\t\t\t\t\t\t\t<\/div>\n\t\t\t\t<\/div>\n\t\t\t\t\t<\/div>\n\t\t<\/div>\n\t\t\t\t\t<\/div>\n\t\t<\/section>\n\t\t\t\t<div class=\"elementor-element elementor-element-be12df7 elementor-widget__width-inherit elementor-widget elementor-widget-shortcode\" data-id=\"be12df7\" data-element_type=\"widget\" data-widget_type=\"shortcode.default\">\n\t\t\t\t<div class=\"elementor-widget-container\">\n\t\t\t\t\t\t\t<div class=\"elementor-shortcode\"><iframe src=\"https:\/\/www.cognitoforms.com\/f\/7P-ZTme7oU6d5ITfbOgeQw\/118\" style=\"border:0;width:100%;\" height=\"2288\"><\/iframe>\n<script src=\"https:\/\/www.cognitoforms.com\/f\/iframe.js\"><\/script><\/div>\n\t\t\t\t\t\t<\/div>\n\t\t\t\t<\/div>\n\t\t\t\t\t<\/div>\n\t\t<\/div>\n\t\t\t\t\t<\/div>\n\t\t<\/section>\n\t\t\t\t<\/div>","protected":false},"excerpt":{"rendered":"<p>IDD + RetroBarcelona IndieDevPlay es un proyecto con el que impulsar los desarrollos nacionales en el marco de otros eventos, ferias y espacios de un \u00e1mbito diferente al desarrollo independiente como \u00fanico objetivo. \u00a0 En esta ocasi\u00f3n IDP se va de viaje a Bilbao para asistir a la BIGy aporta un espacio donde probar varios videojuegos independientes. \u00a0 Patrocinado por&nbsp; RETROBARCELONA 2024 RetroBarcelona es la feria de referencia dentro de mundo de los videojuegos con una perspectiva hist\u00f3rica que aglutina la pasi\u00f3n por los videojuegos de aquellas primeras videoconsolas y ordenadores que nos han acompa\u00f1ado a lo largo de nuestras vidas y que lleva celebr\u00e1ndose desde 2013. \u00a0 Fechas: 18 y 19 MayoLugar: La Farga de L&#8217;Hospitalet de Llobregat \u00a0 Puedes conocer m\u00e1s sobre RetroBarcelona en https:\/\/www.retrobarcelona.org\/. Gracias a IndieDevPlay habr\u00e1 un espacio dedicado a videojuegos desarrollados en la actualidad, pero con est\u00e9tica y mec\u00e1nicas retro o directamente desarrollados para plataformas retro con un precio cerrado. \u00a0 Stand IndieDevPlay en RetroBarcelona: &#8211; Mesa 1,80m x 0,75m &#8211; 1 silla &#8211; Toma de corriente &#8211; 2 acreditaciones Precio: 100\u20ac + IVA \u00a0 Si quieres participar, accede a al formulario m\u00e1s abajo o m\u00e1ndanos un mail a indiedevday@gmail.com<\/p>","protected":false},"author":1,"featured_media":0,"parent":0,"menu_order":0,"comment_status":"closed","ping_status":"closed","template":"elementor_header_footer","meta":{"footnotes":""},"class_list":["post-90528","page","type-page","status-publish","hentry"],"_links":{"self":[{"href":"https:\/\/www.indiedevday.es\/en\/wp-json\/wp\/v2\/pages\/90528","targetHints":{"allow":["GET"]}}],"collection":[{"href":"https:\/\/www.indiedevday.es\/en\/wp-json\/wp\/v2\/pages"}],"about":[{"href":"https:\/\/www.indiedevday.es\/en\/wp-json\/wp\/v2\/types\/page"}],"author":[{"embeddable":true,"href":"https:\/\/www.indiedevday.es\/en\/wp-json\/wp\/v2\/users\/1"}],"replies":[{"embeddable":true,"href":"https:\/\/www.indiedevday.es\/en\/wp-json\/wp\/v2\/comments?post=90528"}],"version-history":[{"count":55,"href":"https:\/\/www.indiedevday.es\/en\/wp-json\/wp\/v2\/pages\/90528\/revisions"}],"predecessor-version":[{"id":91628,"href":"https:\/\/www.indiedevday.es\/en\/wp-json\/wp\/v2\/pages\/90528\/revisions\/91628"}],"wp:attachment":[{"href":"https:\/\/www.indiedevday.es\/en\/wp-json\/wp\/v2\/media?parent=90528"}],"curies":[{"name":"wp","href":"https:\/\/api.w.org\/{rel}","templated":true}]}}