
{"id":89653,"date":"2023-07-05T10:21:37","date_gmt":"2023-07-05T10:21:37","guid":{"rendered":"https:\/\/www.indiedevday.es\/?page_id=89653"},"modified":"2024-09-30T20:28:18","modified_gmt":"2024-09-30T20:28:18","slug":"vag-experience-2023","status":"publish","type":"page","link":"https:\/\/www.indiedevday.es\/en\/vag-experience-2023\/","title":{"rendered":"VAG Experience 2023"},"content":{"rendered":"<div data-elementor-type=\"wp-page\" data-elementor-id=\"89653\" class=\"elementor elementor-89653\">\n\t\t\t\t\t\t<section class=\"elementor-section elementor-top-section elementor-element elementor-element-528a603 elementor-section-height-min-height elementor-section-boxed elementor-section-height-default elementor-section-items-middle\" data-id=\"528a603\" data-element_type=\"section\" data-e-type=\"section\" data-settings=\"{&quot;background_background&quot;:&quot;classic&quot;}\">\n\t\t\t\t\t\t\t<div class=\"elementor-background-overlay\"><\/div>\n\t\t\t\t\t\t\t<div class=\"elementor-container elementor-column-gap-default\">\n\t\t\t\t\t<div class=\"elementor-column elementor-col-100 elementor-top-column elementor-element elementor-element-35cb9c6\" data-id=\"35cb9c6\" data-element_type=\"column\" data-e-type=\"column\">\n\t\t\t<div class=\"elementor-widget-wrap elementor-element-populated\">\n\t\t\t\t\t\t<section class=\"elementor-section elementor-inner-section elementor-element elementor-element-0b10e83 elementor-section-boxed elementor-section-height-default elementor-section-height-default\" data-id=\"0b10e83\" data-element_type=\"section\" data-e-type=\"section\">\n\t\t\t\t\t\t<div class=\"elementor-container elementor-column-gap-default\">\n\t\t\t\t\t<div class=\"elementor-column elementor-col-50 elementor-inner-column elementor-element elementor-element-83d7896 gen_intros03 animated-fast elementor-invisible\" data-id=\"83d7896\" data-element_type=\"column\" data-e-type=\"column\" data-settings=\"{&quot;background_background&quot;:&quot;classic&quot;,&quot;animation&quot;:&quot;fadeIn&quot;,&quot;animation_delay&quot;:900}\">\n\t\t\t<div class=\"elementor-widget-wrap elementor-element-populated\">\n\t\t\t\t\t\t<div class=\"elementor-element elementor-element-7b1545e elementor-widget elementor-widget-image\" data-id=\"7b1545e\" data-element_type=\"widget\" data-e-type=\"widget\" data-widget_type=\"image.default\">\n\t\t\t\t<div class=\"elementor-widget-container\">\n\t\t\t\t\t\t\t\t\t\t\t\t\t\t\t<img decoding=\"async\" width=\"768\" height=\"1\" src=\"https:\/\/www.indiedevday.es\/wp-content\/uploads\/2023\/03\/Recurso-11IDPlogo2.svg\" class=\"attachment-medium_large size-medium_large wp-image-88076\" alt=\"indiedevplay logo\" \/>\t\t\t\t\t\t\t\t\t\t\t\t\t\t\t<\/div>\n\t\t\t\t<\/div>\n\t\t\t\t\t<\/div>\n\t\t<\/div>\n\t\t\t\t<div class=\"elementor-column elementor-col-50 elementor-inner-column elementor-element elementor-element-59ca854 gen_intros02\" data-id=\"59ca854\" data-element_type=\"column\" data-e-type=\"column\">\n\t\t\t<div class=\"elementor-widget-wrap elementor-element-populated\">\n\t\t\t\t\t\t<div class=\"elementor-element elementor-element-bcba633 nomouse elementor-widget elementor-widget-heading\" data-id=\"bcba633\" data-element_type=\"widget\" data-e-type=\"widget\" data-widget_type=\"heading.default\">\n\t\t\t\t<div class=\"elementor-widget-container\">\n\t\t\t\t\t<h2 class=\"elementor-heading-title elementor-size-default\">IDD + VAG<\/h2>\t\t\t\t<\/div>\n\t\t\t\t<\/div>\n\t\t\t\t<div class=\"elementor-element elementor-element-3e6125b elementor-widget elementor-widget-text-editor\" data-id=\"3e6125b\" data-element_type=\"widget\" data-e-type=\"widget\" data-widget_type=\"text-editor.default\">\n\t\t\t\t<div class=\"elementor-widget-container\">\n\t\t\t\t\t\t\t\t\t<p><span style=\"letter-spacing: 0px;\">IndieDevPlay is a project to promote national developments as part of other events, fairs and spaces not focused in independent development as their sole objective.<\/span><\/p>\n<p><span style=\"letter-spacing: 0px;\">&nbsp;<\/span><\/p>\n<p>En esta ocasi\u00f3n IDP se va de viaje a las terras del Ebre para asistir a la VAG Experience en Amposta y aporta un espacio donde probar varios videojuegos independientes.<\/p>\n<p><\/p>\t\t\t\t\t\t\t\t<\/div>\n\t\t\t\t<\/div>\n\t\t\t\t\t<\/div>\n\t\t<\/div>\n\t\t\t\t\t<\/div>\n\t\t<\/section>\n\t\t\t\t<section class=\"elementor-section elementor-inner-section elementor-element elementor-element-ad25255 elementor-section-boxed elementor-section-height-default elementor-section-height-default\" data-id=\"ad25255\" data-element_type=\"section\" data-e-type=\"section\">\n\t\t\t\t\t\t<div class=\"elementor-container elementor-column-gap-default\">\n\t\t\t\t\t<div class=\"elementor-column elementor-col-100 elementor-inner-column elementor-element elementor-element-f261a4b\" data-id=\"f261a4b\" data-element_type=\"column\" data-e-type=\"column\">\n\t\t\t<div class=\"elementor-widget-wrap elementor-element-populated\">\n\t\t\t\t\t\t<div class=\"elementor-element elementor-element-0eeb90a elementor-widget elementor-widget-text-editor\" data-id=\"0eeb90a\" data-element_type=\"widget\" data-e-type=\"widget\" data-widget_type=\"text-editor.default\">\n\t\t\t\t<div class=\"elementor-widget-container\">\n\t\t\t\t\t\t\t\t\t<p>Sponsored By&nbsp;<\/p>\t\t\t\t\t\t\t\t<\/div>\n\t\t\t\t<\/div>\n\t\t\t\t<div class=\"elementor-element elementor-element-6a76692 elementor-widget elementor-widget-image\" data-id=\"6a76692\" data-element_type=\"widget\" data-e-type=\"widget\" data-widget_type=\"image.default\">\n\t\t\t\t<div class=\"elementor-widget-container\">\n\t\t\t\t\t\t\t\t\t\t\t\t\t\t\t<img fetchpriority=\"high\" decoding=\"async\" width=\"800\" height=\"259\" src=\"https:\/\/www.indiedevday.es\/wp-content\/uploads\/2022\/08\/Ministerio-Cultura.png\" class=\"attachment-large size-large wp-image-69607\" alt=\"ministerio de cultura y deporte gobierno de espa\u00f1a logo\" srcset=\"https:\/\/www.indiedevday.es\/wp-content\/uploads\/2022\/08\/Ministerio-Cultura.png 1000w, https:\/\/www.indiedevday.es\/wp-content\/uploads\/2022\/08\/Ministerio-Cultura-300x97.png 300w, https:\/\/www.indiedevday.es\/wp-content\/uploads\/2022\/08\/Ministerio-Cultura-768x249.png 768w, https:\/\/www.indiedevday.es\/wp-content\/uploads\/2022\/08\/Ministerio-Cultura-18x6.png 18w\" sizes=\"(max-width: 800px) 100vw, 800px\" \/>\t\t\t\t\t\t\t\t\t\t\t\t\t\t\t<\/div>\n\t\t\t\t<\/div>\n\t\t\t\t\t<\/div>\n\t\t<\/div>\n\t\t\t\t\t<\/div>\n\t\t<\/section>\n\t\t\t\t<section class=\"elementor-section elementor-inner-section elementor-element elementor-element-cd57003 elementor-section-boxed elementor-section-height-default elementor-section-height-default\" data-id=\"cd57003\" data-element_type=\"section\" data-e-type=\"section\">\n\t\t\t\t\t\t<div class=\"elementor-container elementor-column-gap-default\">\n\t\t\t\t\t<div class=\"elementor-column elementor-col-100 elementor-inner-column elementor-element elementor-element-7bf27eb\" data-id=\"7bf27eb\" data-element_type=\"column\" data-e-type=\"column\" data-settings=\"{&quot;background_background&quot;:&quot;classic&quot;}\">\n\t\t\t<div class=\"elementor-widget-wrap elementor-element-populated\">\n\t\t\t\t\t\t<div class=\"elementor-element elementor-element-1f50b95 elementor-widget elementor-widget-heading\" data-id=\"1f50b95\" data-element_type=\"widget\" data-e-type=\"widget\" data-widget_type=\"heading.default\">\n\t\t\t\t<div class=\"elementor-widget-container\">\n\t\t\t\t\t<h1 class=\"elementor-heading-title elementor-size-default\">VAG Experience<\/h1>\t\t\t\t<\/div>\n\t\t\t\t<\/div>\n\t\t\t\t<div class=\"elementor-element elementor-element-050ee6c elementor-widget elementor-widget-image\" data-id=\"050ee6c\" data-element_type=\"widget\" data-e-type=\"widget\" data-widget_type=\"image.default\">\n\t\t\t\t<div class=\"elementor-widget-container\">\n\t\t\t\t\t\t\t\t\t\t\t\t\t\t\t<img decoding=\"async\" width=\"800\" height=\"423\" src=\"https:\/\/www.indiedevday.es\/wp-content\/uploads\/2022\/05\/LOGO-VAG-VERD.png\" class=\"attachment-large size-large wp-image-53106\" alt=\"\" srcset=\"https:\/\/www.indiedevday.es\/wp-content\/uploads\/2022\/05\/LOGO-VAG-VERD.png 921w, https:\/\/www.indiedevday.es\/wp-content\/uploads\/2022\/05\/LOGO-VAG-VERD-300x159.png 300w, https:\/\/www.indiedevday.es\/wp-content\/uploads\/2022\/05\/LOGO-VAG-VERD-768x406.png 768w, https:\/\/www.indiedevday.es\/wp-content\/uploads\/2022\/05\/LOGO-VAG-VERD-18x10.png 18w\" sizes=\"(max-width: 800px) 100vw, 800px\" \/>\t\t\t\t\t\t\t\t\t\t\t\t\t\t\t<\/div>\n\t\t\t\t<\/div>\n\t\t\t\t\t<\/div>\n\t\t<\/div>\n\t\t\t\t\t<\/div>\n\t\t<\/section>\n\t\t\t\t<div class=\"elementor-element elementor-element-cd638f7 elementor-widget elementor-widget-text-editor\" data-id=\"cd638f7\" data-element_type=\"widget\" data-e-type=\"widget\" data-widget_type=\"text-editor.default\">\n\t\t\t\t<div class=\"elementor-widget-container\">\n\t\t\t\t\t\t\t\t\t<p>El VAG Experience es un evento cultural, art\u00edstico y educativo sobre los videojuegos y el ocio digital, se realiza dentro del proyecto de les Terres de l&#8217;Ebre Video Art Game, creado por una asociaci\u00f3n cultural sin \u00e1nimo de lucro, que quiere potenciar la cultura, el talento y la ind\u00fastria del videojuego en entornos como el delta del Ebro, impulsando y garantizando el talento en el territorio y dar a conocer la cultura, arte, educaci\u00f3n e ind\u00fastria que se generan alrededor del mundo de los videojuegos.<\/p><p><strong>Dates:<\/strong> 6 y 7 de Octubre<\/p><p>Puedes conocer m\u00e1s sobre VAG experience en <a href=\"http:\/\/www.vag.cat\">www.vag.cat<\/a><\/p><p><strong>Los stands asistentes tendr\u00e1n:<\/strong><\/p><p style=\"padding-left: 40px;\" class=\"translation-block\">\u2013 Stand decorado de 2x1m o similar <strong>gratuito<\/strong>.<\/p><p style=\"padding-left: 40px;\">&#8211; Monitor con HDMI y punto de luz.<\/p><p style=\"padding-left: 40px;\">&#8211; Tiempo de exposici\u00f3n, Viernes 6 de octubre, de 16.30h a 20h y S\u00e1bado 7 de octubre de 10h h a 20h<\/p><p style=\"padding-left: 40px;\">&#8211; Una cena de celebraci\u00f3n y fraternidad entre creadores, profesionales e invitados.<\/p><p style=\"padding-left: 40px;\">&#8211; Pernoctaci\u00f3n en alojamiento para 2 personas por estudio.<\/p><p style=\"padding-left: 40px;\">&#8211; Gastos de transporte hasta 150\u20ac (VAG puede gestionar billetes de tren\/bus)<\/p><p>Si quieres participar, accede a este formulario o m\u00e1ndanos un mail a indiedevday@gmail.com<\/p>\t\t\t\t\t\t\t\t<\/div>\n\t\t\t\t<\/div>\n\t\t\t\t<div class=\"elementor-element elementor-element-be12df7 elementor-widget__width-inherit elementor-widget elementor-widget-shortcode\" data-id=\"be12df7\" data-element_type=\"widget\" data-e-type=\"widget\" data-widget_type=\"shortcode.default\">\n\t\t\t\t<div class=\"elementor-widget-container\">\n\t\t\t\t\t\t\t<div class=\"elementor-shortcode\"><iframe src=\"https:\/\/www.cognitoforms.com\/f\/7P-ZTme7oU6d5ITfbOgeQw\/107\" style=\"border:0;width:100%;\" height=\"2186\"><\/iframe>\n<script src=\"https:\/\/www.cognitoforms.com\/f\/iframe.js\"><\/script><\/div>\n\t\t\t\t\t\t<\/div>\n\t\t\t\t<\/div>\n\t\t\t\t\t<\/div>\n\t\t<\/div>\n\t\t\t\t\t<\/div>\n\t\t<\/section>\n\t\t\t\t<\/div>","protected":false},"excerpt":{"rendered":"<p>IDD + VAG IndieDevPlay es un proyecto con el que impulsar los desarrollos nacionales en el marco de otros eventos, ferias y espacios de un \u00e1mbito diferente al desarrollo independiente como \u00fanico objetivo. &nbsp; En esta ocasi\u00f3n IDP se va de viaje a las terras del Ebre para asistir a la VAG Experience en Amposta [&hellip;]<\/p>\n","protected":false},"author":1,"featured_media":0,"parent":0,"menu_order":0,"comment_status":"closed","ping_status":"closed","template":"elementor_header_footer","meta":{"footnotes":""},"class_list":["post-89653","page","type-page","status-publish","hentry"],"_links":{"self":[{"href":"https:\/\/www.indiedevday.es\/en\/wp-json\/wp\/v2\/pages\/89653","targetHints":{"allow":["GET"]}}],"collection":[{"href":"https:\/\/www.indiedevday.es\/en\/wp-json\/wp\/v2\/pages"}],"about":[{"href":"https:\/\/www.indiedevday.es\/en\/wp-json\/wp\/v2\/types\/page"}],"author":[{"embeddable":true,"href":"https:\/\/www.indiedevday.es\/en\/wp-json\/wp\/v2\/users\/1"}],"replies":[{"embeddable":true,"href":"https:\/\/www.indiedevday.es\/en\/wp-json\/wp\/v2\/comments?post=89653"}],"version-history":[{"count":28,"href":"https:\/\/www.indiedevday.es\/en\/wp-json\/wp\/v2\/pages\/89653\/revisions"}],"predecessor-version":[{"id":92550,"href":"https:\/\/www.indiedevday.es\/en\/wp-json\/wp\/v2\/pages\/89653\/revisions\/92550"}],"wp:attachment":[{"href":"https:\/\/www.indiedevday.es\/en\/wp-json\/wp\/v2\/media?parent=89653"}],"curies":[{"name":"wp","href":"https:\/\/api.w.org\/{rel}","templated":true}]}}