
{"id":976,"date":"2019-07-26T17:33:51","date_gmt":"2019-07-26T17:33:51","guid":{"rendered":"http:\/\/www.indiedevday.es\/?page_id=976"},"modified":"2019-08-13T09:25:38","modified_gmt":"2019-08-13T09:25:38","slug":"premio-medios-indie-2019","status":"publish","type":"page","link":"https:\/\/www.indiedevday.es\/ca\/premio-medios-indie-2019\/","title":{"rendered":"Premio Medios Indie 2019"},"content":{"rendered":"<div data-elementor-type=\"wp-post\" data-elementor-id=\"976\" class=\"elementor elementor-976\" data-elementor-post-type=\"page\">\n\t\t\t\t\t\t<section class=\"elementor-section elementor-top-section elementor-element elementor-element-1e1e206 elementor-section-boxed elementor-section-height-default elementor-section-height-default\" data-id=\"1e1e206\" data-element_type=\"section\" data-settings=\"{&quot;background_background&quot;:&quot;classic&quot;}\">\n\t\t\t\t\t\t<div class=\"elementor-container elementor-column-gap-default\">\n\t\t\t\t\t<div class=\"elementor-column elementor-col-100 elementor-top-column elementor-element elementor-element-10da514\" data-id=\"10da514\" data-element_type=\"column\">\n\t\t\t<div class=\"elementor-widget-wrap elementor-element-populated\">\n\t\t\t\t\t\t<div class=\"elementor-element elementor-element-cb16e72 elementor-widget elementor-widget-image\" data-id=\"cb16e72\" data-element_type=\"widget\" data-widget_type=\"image.default\">\n\t\t\t\t<div class=\"elementor-widget-container\">\n\t\t\t\t\t\t\t\t\t\t\t\t\t\t\t<img fetchpriority=\"high\" decoding=\"async\" width=\"800\" height=\"288\" src=\"https:\/\/www.indiedevday.es\/wp-content\/uploads\/2019\/07\/bannerwebne-1024x368.png\" class=\"attachment-large size-large wp-image-936\" alt=\"\" srcset=\"https:\/\/www.indiedevday.es\/wp-content\/uploads\/2019\/07\/bannerwebne-1024x368.png 1024w, https:\/\/www.indiedevday.es\/wp-content\/uploads\/2019\/07\/bannerwebne-300x108.png 300w, https:\/\/www.indiedevday.es\/wp-content\/uploads\/2019\/07\/bannerwebne-768x276.png 768w, https:\/\/www.indiedevday.es\/wp-content\/uploads\/2019\/07\/bannerwebne-830x298.png 830w, https:\/\/www.indiedevday.es\/wp-content\/uploads\/2019\/07\/bannerwebne-230x83.png 230w, https:\/\/www.indiedevday.es\/wp-content\/uploads\/2019\/07\/bannerwebne-350x126.png 350w, https:\/\/www.indiedevday.es\/wp-content\/uploads\/2019\/07\/bannerwebne-480x173.png 480w, https:\/\/www.indiedevday.es\/wp-content\/uploads\/2019\/07\/bannerwebne.png 2048w\" sizes=\"(max-width: 800px) 100vw, 800px\" \/>\t\t\t\t\t\t\t\t\t\t\t\t\t\t\t<\/div>\n\t\t\t\t<\/div>\n\t\t\t\t\t<\/div>\n\t\t<\/div>\n\t\t\t\t\t<\/div>\n\t\t<\/section>\n\t\t\t\t<section class=\"elementor-section elementor-top-section elementor-element elementor-element-454770d5 elementor-section-boxed elementor-section-height-default elementor-section-height-default\" data-id=\"454770d5\" data-element_type=\"section\" id=\"services\">\n\t\t\t\t\t\t<div class=\"elementor-container elementor-column-gap-default\">\n\t\t\t\t\t<div class=\"elementor-column elementor-col-100 elementor-top-column elementor-element elementor-element-49c465df\" data-id=\"49c465df\" data-element_type=\"column\">\n\t\t\t<div class=\"elementor-widget-wrap elementor-element-populated\">\n\t\t\t\t\t\t<div class=\"elementor-element elementor-element-39c9553d elementor-widget elementor-widget-heading\" data-id=\"39c9553d\" data-element_type=\"widget\" data-widget_type=\"heading.default\">\n\t\t\t\t<div class=\"elementor-widget-container\">\n\t\t\t\t\t<h3 class=\"elementor-heading-title elementor-size-default\">PREMIO AL MEJOR MEDIO DE INDIES 2019<\/h3>\t\t\t\t<\/div>\n\t\t\t\t<\/div>\n\t\t\t\t<div class=\"elementor-element elementor-element-3584b5 elementor-widget-divider--view-line elementor-widget elementor-widget-divider\" data-id=\"3584b5\" data-element_type=\"widget\" data-widget_type=\"divider.default\">\n\t\t\t\t<div class=\"elementor-widget-container\">\n\t\t\t\t\t\t\t<div class=\"elementor-divider\">\n\t\t\t<span class=\"elementor-divider-separator\">\n\t\t\t\t\t\t<\/span>\n\t\t<\/div>\n\t\t\t\t\t\t<\/div>\n\t\t\t\t<\/div>\n\t\t\t\t<div class=\"elementor-element elementor-element-2a1e8f3 elementor-widget elementor-widget-text-editor\" data-id=\"2a1e8f3\" data-element_type=\"widget\" data-widget_type=\"text-editor.default\">\n\t\t\t\t<div class=\"elementor-widget-container\">\n\t\t\t\t\t\t\t\t\t<p>En esta edici\u00f3n del Indie Dev Day queremos reconocer la labor de los medios (blogs, webs, streamers, youtubers) que se dedican total o parcialmente a dar difusi\u00f3n a los videojuegos independientes nacionales.<\/p><p>Para ello hemos creado una categor\u00eda especial dentro de los IndieDevDay Awards con un premio dedicado al mejor medio indie de este a\u00f1o, que se entregar\u00e1 durante el Indie Dev Day 2 el 8 de Septiembre en Barcelona.<\/p><p>Si tienes un medio en cualquier formato de difusi\u00f3n que hable de videojuegos indie desarrollados en espa\u00f1a de manera regular, puedes rellenar el formulario de m\u00e1s abajo para optar al premio en los IndieDevDay Awards.<br \/><br \/>V\u00e1lido hasta el 13 de Agosto a las 12:00.<\/p>\t\t\t\t\t\t\t\t<\/div>\n\t\t\t\t<\/div>\n\t\t\t\t<div class=\"elementor-element elementor-element-18cd6ab elementor-widget elementor-widget-text-editor\" data-id=\"18cd6ab\" data-element_type=\"widget\" data-widget_type=\"text-editor.default\">\n\t\t\t\t<div class=\"elementor-widget-container\">\n\t\t\t\t\t\t\t\t\t<div class=\"cognito\">\n<script src=\"https:\/\/services.cognitoforms.com\/s\/7P-ZTme7oU6d5ITfbOgeQw\"><\/script>\n<script>Cognito.load(\"forms\", { id: \"38\" });<\/script>\n<\/div>\t\t\t\t\t\t\t\t<\/div>\n\t\t\t\t<\/div>\n\t\t\t\t\t<\/div>\n\t\t<\/div>\n\t\t\t\t\t<\/div>\n\t\t<\/section>\n\t\t\t\t<section class=\"elementor-section elementor-top-section elementor-element elementor-element-dbd9029 elementor-section-boxed elementor-section-height-default elementor-section-height-default\" data-id=\"dbd9029\" data-element_type=\"section\">\n\t\t\t\t\t\t<div class=\"elementor-container elementor-column-gap-default\">\n\t\t\t\t\t<div class=\"elementor-column elementor-col-100 elementor-top-column elementor-element elementor-element-a22eb34\" data-id=\"a22eb34\" data-element_type=\"column\">\n\t\t\t<div class=\"elementor-widget-wrap elementor-element-populated\">\n\t\t\t\t\t\t\t<\/div>\n\t\t<\/div>\n\t\t\t\t\t<\/div>\n\t\t<\/section>\n\t\t\t\t<section class=\"elementor-section elementor-top-section elementor-element elementor-element-6af86639 elementor-section-boxed elementor-section-height-default elementor-section-height-default\" data-id=\"6af86639\" data-element_type=\"section\" data-settings=\"{&quot;background_background&quot;:&quot;classic&quot;}\">\n\t\t\t\t\t\t<div class=\"elementor-container elementor-column-gap-default\">\n\t\t\t\t\t<div class=\"elementor-column elementor-col-100 elementor-top-column elementor-element elementor-element-7c43a80e\" data-id=\"7c43a80e\" data-element_type=\"column\">\n\t\t\t<div class=\"elementor-widget-wrap elementor-element-populated\">\n\t\t\t\t\t\t<div class=\"elementor-element elementor-element-4c271b4 sydney-social-row elementor-shape-rounded elementor-grid-0 e-grid-align-center elementor-widget elementor-widget-social-icons\" data-id=\"4c271b4\" data-element_type=\"widget\" data-widget_type=\"social-icons.default\">\n\t\t\t\t<div class=\"elementor-widget-container\">\n\t\t\t\t\t\t\t<div class=\"elementor-social-icons-wrapper elementor-grid\" role=\"list\">\n\t\t\t\t\t\t\t<span class=\"elementor-grid-item\" role=\"listitem\">\n\t\t\t\t\t<a class=\"elementor-icon elementor-social-icon elementor-social-icon-facebook elementor-repeater-item-1fc9825\" href=\"https:\/\/www.facebook.com\/Indiedevday-279375892840809\" target=\"_blank\">\n\t\t\t\t\t\t<span class=\"elementor-screen-only\">Facebook<\/span>\n\t\t\t\t\t\t\t\t\t\t\t\t\t<i class=\"fa fa-facebook\" aria-hidden=\"true\"><\/i>\n\t\t\t\t\t\t\t\t\t\t\t<\/a>\n\t\t\t\t<\/span>\n\t\t\t\t\t\t\t<span class=\"elementor-grid-item\" role=\"listitem\">\n\t\t\t\t\t<a class=\"elementor-icon elementor-social-icon elementor-social-icon-twitter elementor-repeater-item-3cff2d5\" href=\"https:\/\/twitter.com\/IndieDevDay\" target=\"_blank\">\n\t\t\t\t\t\t<span class=\"elementor-screen-only\">Twitter<\/span>\n\t\t\t\t\t\t\t\t\t\t\t\t\t<i class=\"fa fa-twitter\" aria-hidden=\"true\"><\/i>\n\t\t\t\t\t\t\t\t\t\t\t<\/a>\n\t\t\t\t<\/span>\n\t\t\t\t\t\t\t<span class=\"elementor-grid-item\" role=\"listitem\">\n\t\t\t\t\t<a class=\"elementor-icon elementor-social-icon elementor-social-icon-instagram elementor-repeater-item-cc36850\" href=\"https:\/\/www.instagram.com\/indiedevday\/\" target=\"_blank\">\n\t\t\t\t\t\t<span class=\"elementor-screen-only\">Instagram<\/span>\n\t\t\t\t\t\t\t\t\t\t\t\t\t<i class=\"fa fa-instagram\" aria-hidden=\"true\"><\/i>\n\t\t\t\t\t\t\t\t\t\t\t<\/a>\n\t\t\t\t<\/span>\n\t\t\t\t\t<\/div>\n\t\t\t\t\t\t<\/div>\n\t\t\t\t<\/div>\n\t\t\t\t\t<\/div>\n\t\t<\/div>\n\t\t\t\t\t<\/div>\n\t\t<\/section>\n\t\t\t\t<\/div>","protected":false},"excerpt":{"rendered":"<p>PREMIO AL MEJOR MEDIO DE INDIES 2019 En esta edici\u00f3n del Indie Dev Day queremos reconocer la labor de los medios (blogs, webs, streamers, youtubers) que se dedican total o parcialmente a dar difusi\u00f3n a los videojuegos independientes nacionales. Para ello hemos creado una categor\u00eda especial dentro de los IndieDevDay Awards con un premio dedicado [&hellip;]<\/p>","protected":false},"author":1,"featured_media":0,"parent":0,"menu_order":0,"comment_status":"closed","ping_status":"closed","template":"page-templates\/page_front-page.php","meta":{"footnotes":""},"class_list":["post-976","page","type-page","status-publish","hentry"],"_links":{"self":[{"href":"https:\/\/www.indiedevday.es\/ca\/wp-json\/wp\/v2\/pages\/976","targetHints":{"allow":["GET"]}}],"collection":[{"href":"https:\/\/www.indiedevday.es\/ca\/wp-json\/wp\/v2\/pages"}],"about":[{"href":"https:\/\/www.indiedevday.es\/ca\/wp-json\/wp\/v2\/types\/page"}],"author":[{"embeddable":true,"href":"https:\/\/www.indiedevday.es\/ca\/wp-json\/wp\/v2\/users\/1"}],"replies":[{"embeddable":true,"href":"https:\/\/www.indiedevday.es\/ca\/wp-json\/wp\/v2\/comments?post=976"}],"version-history":[{"count":6,"href":"https:\/\/www.indiedevday.es\/ca\/wp-json\/wp\/v2\/pages\/976\/revisions"}],"predecessor-version":[{"id":1026,"href":"https:\/\/www.indiedevday.es\/ca\/wp-json\/wp\/v2\/pages\/976\/revisions\/1026"}],"wp:attachment":[{"href":"https:\/\/www.indiedevday.es\/ca\/wp-json\/wp\/v2\/media?parent=976"}],"curies":[{"name":"wp","href":"https:\/\/api.w.org\/{rel}","templated":true}]}}