
{"id":92678,"date":"2024-10-17T13:23:41","date_gmt":"2024-10-17T13:23:41","guid":{"rendered":"https:\/\/www.indiedevday.es\/?page_id=92678"},"modified":"2024-10-22T16:26:56","modified_gmt":"2024-10-22T16:26:56","slug":"4-jornadas-de-videojuegos-y-creacion-digital-navarra","status":"publish","type":"page","link":"https:\/\/www.indiedevday.es\/ca\/4-jornadas-de-videojuegos-y-creacion-digital-navarra\/","title":{"rendered":"4 Jornadas de Videojuegos y Creaci\u00f3n Digital Navarra"},"content":{"rendered":"<div data-elementor-type=\"wp-page\" data-elementor-id=\"92678\" class=\"elementor elementor-92678\" data-elementor-post-type=\"page\">\n\t\t\t\t\t\t<section class=\"elementor-section elementor-top-section elementor-element elementor-element-528a603 elementor-section-height-min-height elementor-section-boxed elementor-section-height-default elementor-section-items-middle wpr-particle-no wpr-jarallax-no wpr-parallax-no wpr-sticky-section-no\" data-id=\"528a603\" data-element_type=\"section\" data-settings=\"{&quot;background_background&quot;:&quot;classic&quot;}\">\n\t\t\t\t\t\t\t<div class=\"elementor-background-overlay\"><\/div>\n\t\t\t\t\t\t\t<div class=\"elementor-container elementor-column-gap-default\">\n\t\t\t\t\t<div class=\"elementor-column elementor-col-100 elementor-top-column elementor-element elementor-element-35cb9c6\" data-id=\"35cb9c6\" data-element_type=\"column\">\n\t\t\t<div class=\"elementor-widget-wrap elementor-element-populated\">\n\t\t\t\t\t\t<section class=\"elementor-section elementor-inner-section elementor-element elementor-element-64f9281 elementor-section-boxed elementor-section-height-default elementor-section-height-default wpr-particle-no wpr-jarallax-no wpr-parallax-no wpr-sticky-section-no\" data-id=\"64f9281\" data-element_type=\"section\">\n\t\t\t\t\t\t<div class=\"elementor-container elementor-column-gap-default\">\n\t\t\t\t\t<div class=\"elementor-column elementor-col-100 elementor-inner-column elementor-element elementor-element-f5eb16e\" data-id=\"f5eb16e\" data-element_type=\"column\" data-settings=\"{&quot;background_background&quot;:&quot;classic&quot;}\">\n\t\t\t<div class=\"elementor-widget-wrap elementor-element-populated\">\n\t\t\t\t<div class=\"elementor-element elementor-element-9f5213e e-flex e-con-boxed wpr-particle-no wpr-jarallax-no wpr-parallax-no wpr-sticky-section-no e-con e-parent\" data-id=\"9f5213e\" data-element_type=\"container\">\n\t\t\t\t\t<div class=\"e-con-inner\">\n\t\t<div class=\"elementor-element elementor-element-b5e0139 e-flex e-con-boxed wpr-particle-no wpr-jarallax-no wpr-parallax-no wpr-sticky-section-no e-con e-child\" data-id=\"b5e0139\" data-element_type=\"container\">\n\t\t\t\t\t<div class=\"e-con-inner\">\n\t\t<div class=\"elementor-element elementor-element-6421727 e-flex e-con-boxed wpr-particle-no wpr-jarallax-no wpr-parallax-no wpr-sticky-section-no e-con e-child\" data-id=\"6421727\" data-element_type=\"container\" data-settings=\"{&quot;background_background&quot;:&quot;classic&quot;}\">\n\t\t\t\t\t<div class=\"e-con-inner\">\n\t\t\t\t<div class=\"elementor-element elementor-element-150ece2 elementor-widget elementor-widget-image\" data-id=\"150ece2\" data-element_type=\"widget\" data-widget_type=\"image.default\">\n\t\t\t\t<div class=\"elementor-widget-container\">\n\t\t\t\t\t\t\t\t\t\t\t\t\t\t\t<img decoding=\"async\" width=\"768\" height=\"1\" src=\"https:\/\/www.indiedevday.es\/wp-content\/uploads\/2023\/03\/Recurso-11IDPlogo2.svg\" class=\"attachment-medium_large size-medium_large wp-image-88076\" alt=\"indiedevplay logo\" \/>\t\t\t\t\t\t\t\t\t\t\t\t\t\t\t<\/div>\n\t\t\t\t<\/div>\n\t\t\t\t\t<\/div>\n\t\t\t\t<\/div>\n\t\t<div class=\"elementor-element elementor-element-ebf99cd e-flex e-con-boxed wpr-particle-no wpr-jarallax-no wpr-parallax-no wpr-sticky-section-no e-con e-child\" data-id=\"ebf99cd\" data-element_type=\"container\">\n\t\t\t\t\t<div class=\"e-con-inner\">\n\t\t\t\t<div class=\"elementor-element elementor-element-f1b862f nomouse elementor-widget elementor-widget-heading\" data-id=\"f1b862f\" data-element_type=\"widget\" data-widget_type=\"heading.default\">\n\t\t\t\t<div class=\"elementor-widget-container\">\n\t\t\t\t\t<h2 class=\"elementor-heading-title elementor-size-default\">IDD + NICDO<\/h2>\t\t\t\t<\/div>\n\t\t\t\t<\/div>\n\t\t\t\t<div class=\"elementor-element elementor-element-0d27bc4 elementor-widget elementor-widget-text-editor\" data-id=\"0d27bc4\" data-element_type=\"widget\" data-widget_type=\"text-editor.default\">\n\t\t\t\t<div class=\"elementor-widget-container\">\n\t\t\t\t\t\t\t\t\t<p><span style=\"letter-spacing: 0px;\">IndieDevPlay es un proyecto con el que impulsar los desarrollos nacionales en el marco de otros eventos, ferias y espacios de un \u00e1mbito diferente al desarrollo independiente.<\/span><span style=\"letter-spacing: 0px;\">\u00a0<\/span><\/p><p>En esta ocasi\u00f3n IDP se va de viaje a Pamplona para organizar un ciclo de conferencias y un espacio de showcase donde descubrir videojuegos independientes.<\/p>\t\t\t\t\t\t\t\t<\/div>\n\t\t\t\t<\/div>\n\t\t\t\t\t<\/div>\n\t\t\t\t<\/div>\n\t\t\t\t\t<\/div>\n\t\t\t\t<\/div>\n\t\t\t\t\t<\/div>\n\t\t\t\t<\/div>\n\t\t\t\t<div class=\"elementor-element elementor-element-155ee90 elementor-widget elementor-widget-heading\" data-id=\"155ee90\" data-element_type=\"widget\" data-widget_type=\"heading.default\">\n\t\t\t\t<div class=\"elementor-widget-container\">\n\t\t\t\t\t<h1 class=\"elementor-heading-title elementor-size-default\">4\u00ba Jornadas de Videojuegos y Creaci\u00f3n Digital de Navarra\n<\/h1>\t\t\t\t<\/div>\n\t\t\t\t<\/div>\n\t\t\t\t<div class=\"elementor-element elementor-element-0c41c9d elementor-widget elementor-widget-text-editor\" data-id=\"0c41c9d\" data-element_type=\"widget\" data-widget_type=\"text-editor.default\">\n\t\t\t\t<div class=\"elementor-widget-container\">\n\t\t\t\t\t\t\t\t\t<p>Un a\u00f1o m\u00e1s se celebran las Jornadas de VIdeojuegos y Creaci\u00f3n Digital de Navarra, que en su 4 edici\u00f3n crece tanto en tiempo como espacio, aumentando a dos jornadas y ofreciendo a los asistentes un ciclo de conferencias dedicadas tanto a estudiantes y profesionales como a p\u00fablico general y tambien un espacio de showcase donde los asistentes puedan descubrir videojuegos locales, universidades y otros proyectos de primera mano.<\/p><p><strong>Fechas:\u00a0 8 y 9 Noviembre<\/strong><\/p><p>Puedes conocer m\u00e1s sobre anteriores ediciones de las jornadas <a href=\"https:\/\/www.culturanavarra.es\/es\/jornadas-de-videojuegos-y-creacion-digital-en-navarra\">AQU\u00cd<\/a>.<\/p><p>\u00a0<\/p><p><strong>Cualquier estudio nacional puede solicitar participar en el showcase de las jornadas con las que tendr\u00edan:<\/strong><\/p><p style=\"padding-left: 40px;\">&#8211; Stand con TV de 32\u00bb incluido<\/p><p style=\"padding-left: 40px;\">&#8211; Branding del proyecto presentado en el stand<\/p><p style=\"padding-left: 40px;\">&#8211; Soporte y ayuda monetaria para desplazamiento (a valorar por la organizaci\u00f3n tr\u00e1s la recepci\u00f3n de la solicitud)<\/p><p>Si quieres participar, accede a al formulario m\u00e1s abajo o m\u00e1ndanos un mail a info@indiedevday.es<\/p>\t\t\t\t\t\t\t\t<\/div>\n\t\t\t\t<\/div>\n\t\t\t\t<div class=\"elementor-element elementor-element-84835b3 elementor-widget elementor-widget-image\" data-id=\"84835b3\" data-element_type=\"widget\" data-widget_type=\"image.default\">\n\t\t\t\t<div class=\"elementor-widget-container\">\n\t\t\t\t\t\t\t\t\t\t\t\t\t\t\t\t<a href=\"https:\/\/www.bilbaogamesconference.com\/\">\n\t\t\t\t\t\t\t<img fetchpriority=\"high\" decoding=\"async\" width=\"2560\" height=\"2560\" src=\"https:\/\/www.indiedevday.es\/wp-content\/uploads\/2024\/10\/videojuegos-y-creacion-digital-1_1-scaled.jpg\" class=\"attachment-full size-full wp-image-92681\" alt=\"\" srcset=\"https:\/\/www.indiedevday.es\/wp-content\/uploads\/2024\/10\/videojuegos-y-creacion-digital-1_1-scaled.jpg 2560w, https:\/\/www.indiedevday.es\/wp-content\/uploads\/2024\/10\/videojuegos-y-creacion-digital-1_1-300x300.jpg 300w, https:\/\/www.indiedevday.es\/wp-content\/uploads\/2024\/10\/videojuegos-y-creacion-digital-1_1-1024x1024.jpg 1024w, https:\/\/www.indiedevday.es\/wp-content\/uploads\/2024\/10\/videojuegos-y-creacion-digital-1_1-150x150.jpg 150w, https:\/\/www.indiedevday.es\/wp-content\/uploads\/2024\/10\/videojuegos-y-creacion-digital-1_1-768x768.jpg 768w, https:\/\/www.indiedevday.es\/wp-content\/uploads\/2024\/10\/videojuegos-y-creacion-digital-1_1-1536x1536.jpg 1536w, https:\/\/www.indiedevday.es\/wp-content\/uploads\/2024\/10\/videojuegos-y-creacion-digital-1_1-2048x2048.jpg 2048w, https:\/\/www.indiedevday.es\/wp-content\/uploads\/2024\/10\/videojuegos-y-creacion-digital-1_1-12x12.jpg 12w\" sizes=\"(max-width: 2560px) 100vw, 2560px\" \/>\t\t\t\t\t\t\t\t<\/a>\n\t\t\t\t\t\t\t\t\t\t\t\t\t\t\t<\/div>\n\t\t\t\t<\/div>\n\t\t\t\t\t<\/div>\n\t\t<\/div>\n\t\t\t\t\t<\/div>\n\t\t<\/section>\n\t\t\t\t<div class=\"elementor-element elementor-element-be12df7 elementor-widget__width-inherit elementor-widget elementor-widget-shortcode\" data-id=\"be12df7\" data-element_type=\"widget\" data-widget_type=\"shortcode.default\">\n\t\t\t\t<div class=\"elementor-widget-container\">\n\t\t\t\t\t\t\t<div class=\"elementor-shortcode\"><iframe src=\"https:\/\/www.cognitoforms.com\/f\/7P-ZTme7oU6d5ITfbOgeQw\/152\" allow=\"payment\" style=\"border:0;width:100%;\" height=\"1678\"><\/iframe>\n<script src=\"https:\/\/www.cognitoforms.com\/f\/iframe.js\"><\/script><\/div>\n\t\t\t\t\t\t<\/div>\n\t\t\t\t<\/div>\n\t\t\t\t\t<\/div>\n\t\t<\/div>\n\t\t\t\t\t<\/div>\n\t\t<\/section>\n\t\t\t\t<section class=\"elementor-section elementor-top-section elementor-element elementor-element-b68527e elementor-section-full_width elementor-section-content-middle elementor-section-height-default elementor-section-height-default wpr-particle-no wpr-jarallax-no wpr-parallax-no wpr-sticky-section-no\" data-id=\"b68527e\" data-element_type=\"section\" data-settings=\"{&quot;background_background&quot;:&quot;classic&quot;}\">\n\t\t\t\t\t\t\t<div class=\"elementor-background-overlay\"><\/div>\n\t\t\t\t\t\t\t<div class=\"elementor-container elementor-column-gap-default\">\n\t\t\t\t\t<div class=\"elementor-column elementor-col-100 elementor-top-column elementor-element elementor-element-ff894be\" data-id=\"ff894be\" data-element_type=\"column\" data-settings=\"{&quot;background_background&quot;:&quot;classic&quot;}\">\n\t\t\t<div class=\"elementor-widget-wrap elementor-element-populated\">\n\t\t\t\t\t\t<div class=\"elementor-element elementor-element-b7d6373 elementor-widget elementor-widget-image\" data-id=\"b7d6373\" data-element_type=\"widget\" data-widget_type=\"image.default\">\n\t\t\t\t<div class=\"elementor-widget-container\">\n\t\t\t\t\t\t\t\t\t\t\t\t\t\t\t<img decoding=\"async\" width=\"354\" height=\"83\" src=\"https:\/\/www.indiedevday.es\/wp-content\/uploads\/2022\/04\/INDIEDEVDAY.png\" class=\"attachment-medium_large size-medium_large wp-image-8689\" alt=\"\" srcset=\"https:\/\/www.indiedevday.es\/wp-content\/uploads\/2022\/04\/INDIEDEVDAY.png 354w, https:\/\/www.indiedevday.es\/wp-content\/uploads\/2022\/04\/INDIEDEVDAY-300x70.png 300w\" sizes=\"(max-width: 354px) 100vw, 354px\" \/>\t\t\t\t\t\t\t\t\t\t\t\t\t\t\t<\/div>\n\t\t\t\t<\/div>\n\t\t\t\t<div class=\"elementor-element elementor-element-b06115f elementor-align-center elementor-tablet-align-center elementor-mobile-align-center elementor-widget elementor-widget-button\" data-id=\"b06115f\" data-element_type=\"widget\" data-widget_type=\"button.default\">\n\t\t\t\t<div class=\"elementor-widget-container\">\n\t\t\t\t\t\t\t\t\t<div class=\"elementor-button-wrapper\">\n\t\t\t\t\t<a class=\"elementor-button elementor-button-link elementor-size-sm\" href=\"https:\/\/www.indiedevday.es\/ca\">\n\t\t\t\t\t\t<span class=\"elementor-button-content-wrapper\">\n\t\t\t\t\t\t\t\t\t<span class=\"elementor-button-text\">2023<\/span>\n\t\t\t\t\t<\/span>\n\t\t\t\t\t<\/a>\n\t\t\t\t<\/div>\n\t\t\t\t\t\t\t\t<\/div>\n\t\t\t\t<\/div>\n\t\t\t\t\t<\/div>\n\t\t<\/div>\n\t\t\t\t\t<\/div>\n\t\t<\/section>\n\t\t\t\t<section class=\"elementor-section elementor-top-section elementor-element elementor-element-e81ee3e elementor-section-content-middle elementor-section-boxed elementor-section-height-default elementor-section-height-default wpr-particle-no wpr-jarallax-no wpr-parallax-no wpr-sticky-section-no\" data-id=\"e81ee3e\" data-element_type=\"section\" data-settings=\"{&quot;background_background&quot;:&quot;classic&quot;}\">\n\t\t\t\t\t\t<div class=\"elementor-container elementor-column-gap-default\">\n\t\t\t\t\t<div class=\"elementor-column elementor-col-33 elementor-top-column elementor-element elementor-element-785ca9c elementor-hidden-tablet elementor-hidden-mobile\" data-id=\"785ca9c\" data-element_type=\"column\">\n\t\t\t<div class=\"elementor-widget-wrap elementor-element-populated\">\n\t\t\t\t\t\t<div class=\"elementor-element elementor-element-6a3107f elementor-widget elementor-widget-image\" data-id=\"6a3107f\" data-element_type=\"widget\" data-widget_type=\"image.default\">\n\t\t\t\t<div class=\"elementor-widget-container\">\n\t\t\t\t\t\t\t\t\t\t\t\t\t\t\t\t<a href=\"http:\/\/www.indiedevday.es\/ca\/\">\n\t\t\t\t\t\t\t<img loading=\"lazy\" decoding=\"async\" width=\"150\" height=\"150\" src=\"https:\/\/www.indiedevday.es\/wp-content\/uploads\/2022\/04\/Logo_Nuevo_Redes_recortado_fzhwpn-150x150.png\" class=\"attachment-thumbnail size-thumbnail wp-image-9521\" alt=\"\" srcset=\"https:\/\/www.indiedevday.es\/wp-content\/uploads\/2022\/04\/Logo_Nuevo_Redes_recortado_fzhwpn-150x150.png 150w, https:\/\/www.indiedevday.es\/wp-content\/uploads\/2022\/04\/Logo_Nuevo_Redes_recortado_fzhwpn-12x12.png 12w\" sizes=\"(max-width: 150px) 100vw, 150px\" \/>\t\t\t\t\t\t\t\t<\/a>\n\t\t\t\t\t\t\t\t\t\t\t\t\t\t\t<\/div>\n\t\t\t\t<\/div>\n\t\t\t\t\t<\/div>\n\t\t<\/div>\n\t\t\t\t<div class=\"elementor-column elementor-col-33 elementor-top-column elementor-element elementor-element-231e146\" data-id=\"231e146\" data-element_type=\"column\">\n\t\t\t<div class=\"elementor-widget-wrap elementor-element-populated\">\n\t\t\t\t\t\t<div class=\"elementor-element elementor-element-e94f814 elementor-widget elementor-widget-html\" data-id=\"e94f814\" data-element_type=\"widget\" data-widget_type=\"html.default\">\n\t\t\t\t<div class=\"elementor-widget-container\">\n\t\t\t\t\t<script>\r\nlet btn = document.querySelector('#dosbtn');\r\nlet el = document.querySelector('#ultimoevento');\r\n\r\nbtn.addEventListener('click', function (){setTimeout(myFunc, 600)});\r\n\r\nfunction myFunc() {\r\n   el.scrollIntoView({behavior: \"smooth\", block: \"start\", inline: \"nearest\"});;\r\n}\r\n\r\nlet btn1 = document.querySelector('#unbtn');\r\nlet el1 = document.querySelector('#esteano');\r\n\r\nbtn1.addEventListener('click', function (){setTimeout(myFunc1, 600)});\r\n\r\nfunction myFunc1() {\r\n   el1.scrollIntoView({behavior: \"smooth\", block: \"start\", inline: \"nearest\"});;\r\n}\r\n\r\nlet btn3 = document.querySelector('#tresbtn');\r\nlet el3 = document.querySelector('#donde');\r\n\r\nbtn3.addEventListener('click', function (){setTimeout(myFunc3, 600)});\r\n\r\nfunction myFunc3() {\r\n   el3.scrollIntoView({behavior: \"smooth\", block: \"start\", inline: \"nearest\"});;\r\n}\r\n\r\nlet btn4 = document.querySelector('#cuatrobtn');\r\nlet el4 = document.querySelector('#contacto');\r\n\r\nbtn4.addEventListener('click', function (){setTimeout(myFunc4, 600)});\r\n\r\nfunction myFunc4() {\r\n   el4.scrollIntoView({behavior: \"smooth\", block: \"start\", inline: \"nearest\"});;\r\n}\r\n<\/script>\r\n\t\r\n<script>\r\nif (!(document.querySelector('.elementor-editor-active'))){\r\n    let toggleSwitches = document.querySelectorAll('.toggle_switch'); \r\n    toggleSwitches.forEach((e,i) => {\r\n        let shown = e.closest('.elementor-element').nextElementSibling;\r\n        let toBeShown = shown.nextElementSibling;\r\n        toBeShown.style.display = 'none';\r\n        e.addEventListener('change', function(){\r\n            if (e.checked){\r\n            shown.style.display = 'none';\r\n            toBeShown.style.display = 'block';\r\n            } else {\r\n            shown.style.display = 'block';\r\n            toBeShown.style.display = 'none';\r\n            }\r\n        });\r\n    });\r\n}\r\n<\/script>\r\n<style>\r\n   \/* css for the toggle all switch *\/\r\n   .toggle_switch {\r\n   opacity: 0;\r\n   }\r\n   .toggle_switch::-moz-selection, .toggle_switch:after::-moz-selection, .toggle_switch:before::-moz-selection, .toggle_switch *::-moz-selection, .toggle_switch *:after::-moz-selection, .toggle_switch *:before::-moz-selection, .toggle_switch + .toggle_switch-button::-moz-selection {\r\n   background: none;\r\n   }\r\n   .toggle_switch::selection, .toggle_switch:after::selection, .toggle_switch:before::selection, .toggle_switch *::selection, .toggle_switch *:after::selection, .toggle_switch *:before::selection, .toggle_switch + .toggle_switch-button::selection {\r\n   background: none;\r\n   }\r\n   .toggle_switch + .toggle_switch-button {\r\n   outline: 0;\r\n   display: block;\r\n   width: 4em;\r\n   height: 2em;\r\n   position: relative;\r\n   cursor: pointer;\r\n   left: 50%;\r\n   transform: translateX(-50%);\r\n   -webkit-user-select: none;\r\n   -moz-user-select: none;\r\n   -ms-user-select: none;\r\n   user-select: none;\r\n   }\r\n   .toggle_switch + .toggle_switch-button:after, .toggle_switch + .toggle_switch-button:before {\r\n   position: relative;\r\n   display: block;\r\n   content: \"\";\r\n   width: 50%;\r\n   height: 100%;\r\n   }\r\n   .toggle_switch + .toggle_switch-button:after {\r\n   left: 0;\r\n   }\r\n   .toggle_switch + .toggle_switch-button:before {\r\n   display: none;\r\n   }\r\n   .toggle_switch:checked + .toggle_switch-button:after {\r\n   left: 50%;\r\n   }\r\n   .toggle_switch-ios + .toggle_switch-button {\r\n   background: #808285;\r\n   border-radius: 2em;\r\n   padding: 2px;\r\n   -webkit-transition: all .4s ease;\r\n   transition: all .4s ease;\r\n   border: 1px solid #e8eae9;\r\n   }\r\n   .toggle_switch-ios + .toggle_switch-button:after {\r\n   border-radius: 2em;\r\n   background: #fbfbfb;\r\n   -webkit-transition: left 0.3s cubic-bezier(0.175, 0.885, 0.32, 1.275), padding 0.3s ease, margin 0.3s ease;\r\n   transition: left 0.3s cubic-bezier(0.175, 0.885, 0.32, 1.275), padding 0.3s ease, margin 0.3s ease;\r\n   box-shadow: 0 0 0 1px rgba(0, 0, 0, 0.1), 0 4px 0 rgba(0, 0, 0, 0.08);\r\n   }\r\n   .toggle_switch-ios + .toggle_switch-button:hover:after {\r\n   will-change: padding;\r\n   }\r\n   .toggle_switch-ios + .toggle_switch-button:active {\r\n   box-shadow: inset 0 0 0 2em #e8eae9;\r\n   }\r\n   .toggle_switch-ios + .toggle_switch-button:active:after {\r\n   padding-right: .8em;\r\n   }\r\n   .toggle_switch-ios:checked + .toggle_switch-button {\r\n   background: #5BCBF5;\r\n   }\r\n   .toggle_switch-ios:checked + .toggle_switch-button:active {\r\n   box-shadow: none;\r\n   }\r\n   .toggle_switch-ios:checked + .toggle_switch-button:active:after {\r\n   margin-left: -.8em;\r\n   }\r\n<\/style>\r\n\t\t\t\t<\/div>\n\t\t\t\t<\/div>\n\t\t\t\t\t<\/div>\n\t\t<\/div>\n\t\t\t\t<div class=\"elementor-column elementor-col-33 elementor-top-column elementor-element elementor-element-4f25090\" data-id=\"4f25090\" data-element_type=\"column\">\n\t\t\t<div class=\"elementor-widget-wrap elementor-element-populated\">\n\t\t\t\t\t\t<div class=\"elementor-element elementor-element-a8f32e1 elementor-widget__width-inherit e-grid-align-right e-grid-align-mobile-center elementor-widget-mobile__width-inherit elementor-shape-rounded elementor-grid-0 elementor-widget elementor-widget-social-icons\" data-id=\"a8f32e1\" data-element_type=\"widget\" data-widget_type=\"social-icons.default\">\n\t\t\t\t<div class=\"elementor-widget-container\">\n\t\t\t\t\t\t\t<div class=\"elementor-social-icons-wrapper elementor-grid\" role=\"list\">\n\t\t\t\t\t\t\t<span class=\"elementor-grid-item\" role=\"listitem\">\n\t\t\t\t\t<a class=\"elementor-icon elementor-social-icon elementor-social-icon-facebook elementor-animation-rotate elementor-repeater-item-fc0005a\" href=\"https:\/\/www.facebook.com\/Indiedevday-279375892840809\/\" target=\"_blank\">\n\t\t\t\t\t\t<span class=\"elementor-screen-only\">Facebook<\/span>\n\t\t\t\t\t\t<i aria-hidden=\"true\" class=\"fab fa-facebook\"><\/i>\t\t\t\t\t<\/a>\n\t\t\t\t<\/span>\n\t\t\t\t\t\t\t<span class=\"elementor-grid-item\" role=\"listitem\">\n\t\t\t\t\t<a class=\"elementor-icon elementor-social-icon elementor-social-icon-twitter elementor-animation-rotate elementor-repeater-item-6d722af\" href=\"https:\/\/twitter.com\/indiedevday\" target=\"_blank\">\n\t\t\t\t\t\t<span class=\"elementor-screen-only\">Twitter<\/span>\n\t\t\t\t\t\t<i aria-hidden=\"true\" class=\"fab fa-twitter\"><\/i>\t\t\t\t\t<\/a>\n\t\t\t\t<\/span>\n\t\t\t\t\t\t\t<span class=\"elementor-grid-item\" role=\"listitem\">\n\t\t\t\t\t<a class=\"elementor-icon elementor-social-icon elementor-social-icon-instagram elementor-animation-rotate elementor-repeater-item-3c58f35\" href=\"https:\/\/www.instagram.com\/indiedevday\/\" target=\"_blank\">\n\t\t\t\t\t\t<span class=\"elementor-screen-only\">Instagram<\/span>\n\t\t\t\t\t\t<i aria-hidden=\"true\" class=\"fab fa-instagram\"><\/i>\t\t\t\t\t<\/a>\n\t\t\t\t<\/span>\n\t\t\t\t\t\t\t<span class=\"elementor-grid-item\" role=\"listitem\">\n\t\t\t\t\t<a class=\"elementor-icon elementor-social-icon elementor-social-icon-twitch elementor-animation-rotate elementor-repeater-item-b2d9a1c\" href=\"https:\/\/www.twitch.tv\/indiedevday\" target=\"_blank\">\n\t\t\t\t\t\t<span class=\"elementor-screen-only\">Twitch<\/span>\n\t\t\t\t\t\t<i aria-hidden=\"true\" class=\"fab fa-twitch\"><\/i>\t\t\t\t\t<\/a>\n\t\t\t\t<\/span>\n\t\t\t\t\t\t\t<span class=\"elementor-grid-item\" role=\"listitem\">\n\t\t\t\t\t<a class=\"elementor-icon elementor-social-icon elementor-social-icon-discord elementor-animation-rotate elementor-repeater-item-d1b441d\" href=\"https:\/\/discord.gg\/AAv6vqghaT\" target=\"_blank\">\n\t\t\t\t\t\t<span class=\"elementor-screen-only\">Discord<\/span>\n\t\t\t\t\t\t<i aria-hidden=\"true\" class=\"fab fa-discord\"><\/i>\t\t\t\t\t<\/a>\n\t\t\t\t<\/span>\n\t\t\t\t\t<\/div>\n\t\t\t\t\t\t<\/div>\n\t\t\t\t<\/div>\n\t\t\t\t\t<\/div>\n\t\t<\/div>\n\t\t\t\t\t<\/div>\n\t\t<\/section>\n\t\t\t\t<\/div>","protected":false},"excerpt":{"rendered":"<p>IDD + NICDO IndieDevPlay es un proyecto con el que impulsar los desarrollos nacionales en el marco de otros eventos, ferias y espacios de un \u00e1mbito diferente al desarrollo independiente.\u00a0 En esta ocasi\u00f3n IDP se va de viaje a Pamplona para organizar un ciclo de conferencias y un espacio de showcase donde descubrir videojuegos independientes. 4\u00ba Jornadas de Videojuegos y Creaci\u00f3n Digital de Navarra Un a\u00f1o m\u00e1s se celebran las Jornadas de VIdeojuegos y Creaci\u00f3n Digital de Navarra, que en su 4 edici\u00f3n crece tanto en tiempo como espacio, aumentando a dos jornadas y ofreciendo a los asistentes un ciclo de conferencias dedicadas tanto a estudiantes y profesionales como a p\u00fablico general y tambien un espacio de showcase donde los asistentes puedan descubrir videojuegos locales, universidades y otros proyectos de primera mano. Fechas:\u00a0 8 y 9 Noviembre Puedes conocer m\u00e1s sobre anteriores ediciones de las jornadas AQU\u00cd. \u00a0 Cualquier estudio nacional puede solicitar participar en el showcase de las jornadas con las que tendr\u00edan: &#8211; Stand con TV de 32\u00bb incluido &#8211; Branding del proyecto presentado en el stand &#8211; Soporte y ayuda monetaria para desplazamiento (a valorar por la organizaci\u00f3n tr\u00e1s la recepci\u00f3n de la solicitud) Si quieres participar, accede a al formulario m\u00e1s abajo o m\u00e1ndanos un mail a info@indiedevday.es 2023 Facebook Twitter Instagram Twitch Discord<\/p>","protected":false},"author":1,"featured_media":0,"parent":0,"menu_order":0,"comment_status":"closed","ping_status":"closed","template":"elementor_header_footer","meta":{"footnotes":""},"class_list":["post-92678","page","type-page","status-publish","hentry"],"_links":{"self":[{"href":"https:\/\/www.indiedevday.es\/ca\/wp-json\/wp\/v2\/pages\/92678","targetHints":{"allow":["GET"]}}],"collection":[{"href":"https:\/\/www.indiedevday.es\/ca\/wp-json\/wp\/v2\/pages"}],"about":[{"href":"https:\/\/www.indiedevday.es\/ca\/wp-json\/wp\/v2\/types\/page"}],"author":[{"embeddable":true,"href":"https:\/\/www.indiedevday.es\/ca\/wp-json\/wp\/v2\/users\/1"}],"replies":[{"embeddable":true,"href":"https:\/\/www.indiedevday.es\/ca\/wp-json\/wp\/v2\/comments?post=92678"}],"version-history":[{"count":23,"href":"https:\/\/www.indiedevday.es\/ca\/wp-json\/wp\/v2\/pages\/92678\/revisions"}],"predecessor-version":[{"id":92731,"href":"https:\/\/www.indiedevday.es\/ca\/wp-json\/wp\/v2\/pages\/92678\/revisions\/92731"}],"wp:attachment":[{"href":"https:\/\/www.indiedevday.es\/ca\/wp-json\/wp\/v2\/media?parent=92678"}],"curies":[{"name":"wp","href":"https:\/\/api.w.org\/{rel}","templated":true}]}}