
{"id":92367,"date":"2024-09-23T07:21:16","date_gmt":"2024-09-23T07:21:16","guid":{"rendered":"https:\/\/www.indiedevday.es\/?page_id=92367"},"modified":"2024-09-23T12:54:06","modified_gmt":"2024-09-23T12:54:06","slug":"indieburguerraw24","status":"publish","type":"page","link":"https:\/\/www.indiedevday.es\/ca\/indieburguerraw24\/","title":{"rendered":"IndieBurguerRaw24"},"content":{"rendered":"<div data-elementor-type=\"wp-page\" data-elementor-id=\"92367\" class=\"elementor elementor-92367\" data-elementor-post-type=\"page\">\n\t\t\t\t<div class=\"elementor-element elementor-element-89ff436 e-flex e-con-boxed wpr-particle-no wpr-jarallax-no wpr-parallax-no wpr-sticky-section-no e-con e-parent\" data-id=\"89ff436\" data-element_type=\"container\" data-settings=\"{&quot;background_background&quot;:&quot;classic&quot;}\">\n\t\t\t\t\t<div class=\"e-con-inner\">\n\t\t<div class=\"elementor-element elementor-element-b672898 e-con-full e-flex wpr-particle-no wpr-jarallax-no wpr-parallax-no wpr-sticky-section-no e-con e-child\" data-id=\"b672898\" data-element_type=\"container\">\n\t\t\t\t<div class=\"elementor-element elementor-element-d05f6ad elementor-widget elementor-widget-image\" data-id=\"d05f6ad\" data-element_type=\"widget\" data-widget_type=\"image.default\">\n\t\t\t\t<div class=\"elementor-widget-container\">\n\t\t\t\t\t\t\t\t\t\t\t\t\t\t\t<img fetchpriority=\"high\" decoding=\"async\" width=\"800\" height=\"415\" src=\"https:\/\/www.indiedevday.es\/wp-content\/uploads\/2024\/09\/Cartel-IBR-1024x531.png\" class=\"attachment-large size-large wp-image-92416\" alt=\"\" srcset=\"https:\/\/www.indiedevday.es\/wp-content\/uploads\/2024\/09\/Cartel-IBR-1024x531.png 1024w, https:\/\/www.indiedevday.es\/wp-content\/uploads\/2024\/09\/Cartel-IBR-300x155.png 300w, https:\/\/www.indiedevday.es\/wp-content\/uploads\/2024\/09\/Cartel-IBR-768x398.png 768w, https:\/\/www.indiedevday.es\/wp-content\/uploads\/2024\/09\/Cartel-IBR-1536x796.png 1536w, https:\/\/www.indiedevday.es\/wp-content\/uploads\/2024\/09\/Cartel-IBR-2048x1062.png 2048w, https:\/\/www.indiedevday.es\/wp-content\/uploads\/2024\/09\/Cartel-IBR-18x9.png 18w\" sizes=\"(max-width: 800px) 100vw, 800px\" \/>\t\t\t\t\t\t\t\t\t\t\t\t\t\t\t<\/div>\n\t\t\t\t<\/div>\n\t\t\t\t<\/div>\n\t\t<div class=\"elementor-element elementor-element-3a7a65d e-con-full e-flex wpr-particle-no wpr-jarallax-no wpr-parallax-no wpr-sticky-section-no e-con e-child\" data-id=\"3a7a65d\" data-element_type=\"container\">\n\t\t<div class=\"elementor-element elementor-element-bde012c e-con-full e-flex wpr-particle-no wpr-jarallax-no wpr-parallax-no wpr-sticky-section-no e-con e-child\" data-id=\"bde012c\" data-element_type=\"container\" data-settings=\"{&quot;background_background&quot;:&quot;classic&quot;}\">\n\t\t\t\t<div class=\"elementor-element elementor-element-5bb18ff elementor-widget__width-inherit elementor-widget elementor-widget-shortcode\" data-id=\"5bb18ff\" data-element_type=\"widget\" id=\"orange\" data-widget_type=\"shortcode.default\">\n\t\t\t\t<div class=\"elementor-widget-container\">\n\t\t\t\t\t\t\t<div class=\"elementor-shortcode\"><div id=\"shop-frame\" data-url=\"https:\/\/shop.eventix.io\/07dbddbc-2406-44fa-a91e-43ce0d9c1093\" style=\"max-width: 600px; margin:0 auto;\"><\/div>\n<script src=\"https:\/\/shop.eventix.io\/build\/integrate.js\"><\/script>\n                        <\/div>\n\t\t\t\t\t\t<\/div>\n\t\t\t\t<\/div>\n\t\t\t\t<\/div>\n\t\t<div class=\"elementor-element elementor-element-050cc1a e-con-full e-flex wpr-particle-no wpr-jarallax-no wpr-parallax-no wpr-sticky-section-no e-con e-child\" data-id=\"050cc1a\" data-element_type=\"container\">\n\t\t\t\t<div class=\"elementor-element elementor-element-df9c34a elementor-widget elementor-widget-heading\" data-id=\"df9c34a\" data-element_type=\"widget\" data-widget_type=\"heading.default\">\n\t\t\t\t<div class=\"elementor-widget-container\">\n\t\t\t\t\t<h2 class=\"elementor-heading-title elementor-size-default\">F.A.Q.<\/h2>\t\t\t\t<\/div>\n\t\t\t\t<\/div>\n\t\t\t\t<div class=\"elementor-element elementor-element-91e2206 wpr-advanced-accordion-icon-side-box elementor-widget elementor-widget-wpr-advanced-accordion\" data-id=\"91e2206\" data-element_type=\"widget\" data-settings=\"{&quot;active_item&quot;:1}\" data-widget_type=\"wpr-advanced-accordion.default\">\n\t\t\t\t<div class=\"elementor-widget-container\">\n\t\t\t\t\t\n            <div class=\"wpr-advanced-accordion\" data-accordion-type=\"accordion\" data-active-index=\"1\" data-accordion-trigger=\"click\" data-interaction-speed=\"0.4\">\n\n\t\t\t\n                \n\t\t\t\t\t<div class=\"wpr-accordion-item-wrap\">\n\t\t\t\t\t\t<button class=\"wpr-acc-button\">\n\t\t\t\t\t\t\t<span class=\"wpr-acc-item-title\">\n\t\t\t\t\t\t\t\t\t\t\t\t\t\t\t\t\t<div class=\"wpr-acc-icon-box\">\n\t\t\t\t\t\t\t\t\t\t\t\t\t\t<span class=\"wpr-title-icon\">\n\t\t\t\t\t<i aria-hidden=\"true\" class=\"far fa-edit\"><\/i>\t\t\t\t<\/span>\n\t\t\t\t\t\t\t\t\t\t\t\t<\/div>\n\t\t\t\t\t\t\t\t\n\t\t\t\t\t\t\t\t<span class=\"wpr-acc-title-text\">QUAN?<\/span>\n\t\t\t\t\t\t\t<\/span>\n\t\t\t\t\t\t\t\t\t\t\t<span class=\"wpr-toggle-icon wpr-ti-close\"><i aria-hidden=\"true\" class=\"fas fa-plus\"><\/i><\/span>\n\t\t\t\t<span class=\"wpr-toggle-icon wpr-ti-open\"><i aria-hidden=\"true\" class=\"fas fa-minus\"><\/i><\/span>\n\t\t\t\t\t\t\t\t\t<\/button>\n\n\t\t\t\t\t\t<div class=\"wpr-acc-panel\">\n\t\t\t\t\t\t\t\t\t\t\t\t\t\t\t<div class=\"wpr-acc-panel-content\"><p>Divendres 27 de setembre, dins de l'esdeveniment IndieDevDay a l'escenari principal a les 19h, despr\u00e9s dels IndieDevDay Awards.<\/p><\/div>\n\t\t\t\t\t\t\t\t\t\t\t\t\t<\/div>\n                    <\/div>\n\n                \n\t\t\t\t\t<div class=\"wpr-accordion-item-wrap\">\n\t\t\t\t\t\t<button class=\"wpr-acc-button\">\n\t\t\t\t\t\t\t<span class=\"wpr-acc-item-title\">\n\t\t\t\t\t\t\t\t\t\t\t\t\t\t\t\t\t<div class=\"wpr-acc-icon-box\">\n\t\t\t\t\t\t\t\t\t\t\t\t\t\t<span class=\"wpr-title-icon\">\n\t\t\t\t\t<i aria-hidden=\"true\" class=\"fas fa-ticket-alt\"><\/i>\t\t\t\t<\/span>\n\t\t\t\t\t\t\t\t\t\t\t\t<\/div>\n\t\t\t\t\t\t\t\t\n\t\t\t\t\t\t\t\t<span class=\"wpr-acc-title-text\">Necessito tenir una entrada o estar dins de la fira el dia 27 per assistir?<\/span>\n\t\t\t\t\t\t\t<\/span>\n\t\t\t\t\t\t\t\t\t\t\t<span class=\"wpr-toggle-icon wpr-ti-close\"><i aria-hidden=\"true\" class=\"fas fa-plus\"><\/i><\/span>\n\t\t\t\t<span class=\"wpr-toggle-icon wpr-ti-open\"><i aria-hidden=\"true\" class=\"fas fa-minus\"><\/i><\/span>\n\t\t\t\t\t\t\t\t\t<\/button>\n\n\t\t\t\t\t\t<div class=\"wpr-acc-panel\">\n\t\t\t\t\t\t\t\t\t\t\t\t\t\t\t<div class=\"wpr-acc-panel-content\"><p>S\u00ed, haur\u00e0s de formar part dels expositors que mostren els seus jocs, tenir una entrada professional de divendres o un passi professional per assistir als IndieBurgerRaw.<\/p><\/div>\n\t\t\t\t\t\t\t\t\t\t\t\t\t<\/div>\n                    <\/div>\n\n                \n\t\t\t\t\t<div class=\"wpr-accordion-item-wrap\">\n\t\t\t\t\t\t<button class=\"wpr-acc-button\">\n\t\t\t\t\t\t\t<span class=\"wpr-acc-item-title\">\n\t\t\t\t\t\t\t\t\t\t\t\t\t\t\t\t\t<div class=\"wpr-acc-icon-box\">\n\t\t\t\t\t\t\t\t\t\t\t\t\t\t<span class=\"wpr-title-icon\">\n\t\t\t\t\t<i aria-hidden=\"true\" class=\"fas fa-ticket-alt\"><\/i>\t\t\t\t<\/span>\n\t\t\t\t\t\t\t\t\t\t\t\t<\/div>\n\t\t\t\t\t\t\t\t\n\t\t\t\t\t\t\t\t<span class=\"wpr-acc-title-text\">Puc obtenir entrades per a mi i altres persones? <\/span>\n\t\t\t\t\t\t\t<\/span>\n\t\t\t\t\t\t\t\t\t\t\t<span class=\"wpr-toggle-icon wpr-ti-close\"><i aria-hidden=\"true\" class=\"fas fa-plus\"><\/i><\/span>\n\t\t\t\t<span class=\"wpr-toggle-icon wpr-ti-open\"><i aria-hidden=\"true\" class=\"fas fa-minus\"><\/i><\/span>\n\t\t\t\t\t\t\t\t\t<\/button>\n\n\t\t\t\t\t\t<div class=\"wpr-acc-panel\">\n\t\t\t\t\t\t\t\t\t\t\t\t\t\t\t<div class=\"wpr-acc-panel-content\"><p>No, les entrades amb hamburguesa s\u00f3n limitades, aix\u00ed que en cada comanda nom\u00e9s es podr\u00e0 demanar un acc\u00e9s a IndieBurgerRaw.<\/p><\/div>\n\t\t\t\t\t\t\t\t\t\t\t\t\t<\/div>\n                    <\/div>\n\n                \n\t\t\t\t\t<div class=\"wpr-accordion-item-wrap\">\n\t\t\t\t\t\t<button class=\"wpr-acc-button\">\n\t\t\t\t\t\t\t<span class=\"wpr-acc-item-title\">\n\t\t\t\t\t\t\t\t\t\t\t\t\t\t\t\t\t<div class=\"wpr-acc-icon-box\">\n\t\t\t\t\t\t\t\t\t\t\t\t\t\t<span class=\"wpr-title-icon\">\n\t\t\t\t\t<i aria-hidden=\"true\" class=\"fas fa-asterisk\"><\/i>\t\t\t\t<\/span>\n\t\t\t\t\t\t\t\t\t\t\t\t<\/div>\n\t\t\t\t\t\t\t\t\n\t\t\t\t\t\t\t\t<span class=\"wpr-acc-title-text\">Qu\u00e8 s\u00f3n els Indie Burger?<\/span>\n\t\t\t\t\t\t\t<\/span>\n\t\t\t\t\t\t\t\t\t\t\t<span class=\"wpr-toggle-icon wpr-ti-close\"><i aria-hidden=\"true\" class=\"fas fa-plus\"><\/i><\/span>\n\t\t\t\t<span class=\"wpr-toggle-icon wpr-ti-open\"><i aria-hidden=\"true\" class=\"fas fa-minus\"><\/i><\/span>\n\t\t\t\t\t\t\t\t\t<\/button>\n\n\t\t\t\t\t\t<div class=\"wpr-acc-panel\">\n\t\t\t\t\t\t\t\t\t\t\t\t\t\t\t<div class=\"wpr-acc-panel-content translation-block\">Burger Developer Central \u00e9s el punt de trobada en xarxa per a desenvolupadors de videojocs independents i amants de les hamburgueses d'Espanya, tamb\u00e9 coneguts com a Burger Developers.\n<br><br>\nBurger Developers \u00e9s un grup obert i sense \u00e0nim de lucre en qu\u00e8 es d\u00f3na la benvinguda a la participaci\u00f3 de nous membres de la ind\u00fastria. Si vols saber m\u00e9s detalls sobre nosaltres o apuntar-te a una de les nostres properes trobades, simplement posa\u2019t en contacte amb nosaltres.\n<br><br>\nSi tens qualsevol pregunta, posa't en contacte amb nosaltres sense cap problema a la seg\u00fcent adre\u00e7a: info@burgerdeveloper.com\n<br><br>\nHamburgueses i videojocs per a tothom!<\/div>\n\t\t\t\t\t\t\t\t\t\t\t\t\t<\/div>\n                    <\/div>\n\n                \n\t\t\t\t\t<div class=\"wpr-accordion-item-wrap\">\n\t\t\t\t\t\t<button class=\"wpr-acc-button\">\n\t\t\t\t\t\t\t<span class=\"wpr-acc-item-title\">\n\t\t\t\t\t\t\t\t\t\t\t\t\t\t\t\t\t<div class=\"wpr-acc-icon-box\">\n\t\t\t\t\t\t\t\t\t\t\t\t\t\t<span class=\"wpr-title-icon\">\n\t\t\t\t\t<i aria-hidden=\"true\" class=\"fas fa-euro-sign\"><\/i>\t\t\t\t<\/span>\n\t\t\t\t\t\t\t\t\t\t\t\t<\/div>\n\t\t\t\t\t\t\t\t\n\t\t\t\t\t\t\t\t<span class=\"wpr-acc-title-text\">Quant costa l\u2019entrada?<\/span>\n\t\t\t\t\t\t\t<\/span>\n\t\t\t\t\t\t\t\t\t\t\t<span class=\"wpr-toggle-icon wpr-ti-close\"><i aria-hidden=\"true\" class=\"fas fa-plus\"><\/i><\/span>\n\t\t\t\t<span class=\"wpr-toggle-icon wpr-ti-open\"><i aria-hidden=\"true\" class=\"fas fa-minus\"><\/i><\/span>\n\t\t\t\t\t\t\t\t\t<\/button>\n\n\t\t\t\t\t\t<div class=\"wpr-acc-panel\">\n\t\t\t\t\t\t\t\t\t\t\t\t\t\t\t<div class=\"wpr-acc-panel-content\"><p>Res. Gratis gr\u00e0cies a:<\/p><p class=\"translation-block\">-Brainwash Gang<br>-Crema<br>-Deconstructeam<br>-IndieDevDay<br>-The Game Kitchen<br>-Undercoders<br>-Devolver Digital<br>-Malaga Jam<\/p><p>Podrem gaudir d'un esdeveniment divertit amb menjar i beguda per a tothom.<\/p><\/div>\n\t\t\t\t\t\t\t\t\t\t\t\t\t<\/div>\n                    <\/div>\n\n                \n\t\t\t\t\t<div class=\"wpr-accordion-item-wrap\">\n\t\t\t\t\t\t<button class=\"wpr-acc-button\">\n\t\t\t\t\t\t\t<span class=\"wpr-acc-item-title\">\n\t\t\t\t\t\t\t\t\t\t\t\t\t\t\t\t\t<div class=\"wpr-acc-icon-box\">\n\t\t\t\t\t\t\t\t\t\t\t\t\t\t<span class=\"wpr-title-icon\">\n\t\t\t\t\t<i aria-hidden=\"true\" class=\"far fa-laugh-beam\"><\/i>\t\t\t\t<\/span>\n\t\t\t\t\t\t\t\t\t\t\t\t<\/div>\n\t\t\t\t\t\t\t\t\n\t\t\t\t\t\t\t\t<span class=\"wpr-acc-title-text\">Qu\u00e8 passar\u00e0 als Indie Burger Raw?<\/span>\n\t\t\t\t\t\t\t<\/span>\n\t\t\t\t\t\t\t\t\t\t\t<span class=\"wpr-toggle-icon wpr-ti-close\"><i aria-hidden=\"true\" class=\"fas fa-plus\"><\/i><\/span>\n\t\t\t\t<span class=\"wpr-toggle-icon wpr-ti-open\"><i aria-hidden=\"true\" class=\"fas fa-minus\"><\/i><\/span>\n\t\t\t\t\t\t\t\t\t<\/button>\n\n\t\t\t\t\t\t<div class=\"wpr-acc-panel\">\n\t\t\t\t\t\t\t\t\t\t\t\t\t\t\t<div class=\"wpr-acc-panel-content\"><p>Indie Burger Raw \u00e9s un esdeveniment de tipus mixer, on passaran coses a l'escenari, per\u00f2 tamb\u00e9 hi haur\u00e0 un espai per fer networking, con\u00e8ixer-nos i descansar d'una llarga jornada a l'IndieDevDay amb menjar i beguda.<\/p><\/div>\n\t\t\t\t\t\t\t\t\t\t\t\t\t<\/div>\n                    <\/div>\n\n                            <\/div>\n        \t\t\t\t<\/div>\n\t\t\t\t<\/div>\n\t\t\t\t<\/div>\n\t\t\t\t<\/div>\n\t\t\t\t\t<\/div>\n\t\t\t\t<\/div>\n\t\t\t\t<\/div>","protected":false},"excerpt":{"rendered":"<p>F.A.Q. \u00bfCUANDO? Viernes 27 de septiembre, dentro del evento IndieDevDay en el escenario principal a las 19h, tr\u00e1s los IndieDevDay Awards \u00bfNecesito tener una entrada o estar dentro de la feria el d\u00eda 27 para asistir? Si, tendr\u00e1s que ser parte de los expositores que est\u00e1n mostrando sus juegos, tener una entrada profesional de viernes o un pase profesional para asistir a los IndieBurguerRaw \u00bfPuedo comprar obtener entradas para mi y otras personas? No, las entradas con burger son limitadas, asi que en cada pedido solo se podr\u00e1 pedir un acceso a IndieBurgerRaw \u00bfQue son los Indie Burger? Burger Developer Central es el punto de encuentro en la red de los desarrolladores de videojuegos independientes y amantes de las hamburguesas de Espa\u00f1a, alternativamente conocidos como\u00a0Burger Developers. Burger Developers es un\u00a0grupo abierto\u00a0y sin animo de lucro\u00a0en el que se da la bienvenida a la participaci\u00f3n de nuevos miembros de la industria. Si deseas conocer m\u00e1s detalles sobre nosotros o apuntarte a uno de nuestros pr\u00f3ximos encuentros, simplemente ponte en contacto con nosotros. Si tienes cualquier pregunta, ponte en\u00a0contacto\u00a0con nosotros sin reparo alguno en la siguiente direcci\u00f3n:\u00a0info@burgerdeveloper.com &nbsp; Hamburguesas y videojuegos para todos! \u00bfCuanto cuesta la entrada? Nada, es gratis, gracias a: -Brainwash Gang-Crema-Deconstructeam-IndieDevDay-The Game Kitchen-Undercoders-Devolver Digital-Malaga Jam Podremos disfrutar de un evento divertido con comida y bebida para todos. \u00bfQue va a pasar en los Indie Burguer Raw? Indie Burguer Raw es un evento tipo mixer, donde suceder\u00e1n cosas en el escenario, pero donde hay un espacio para el networking, conocernos y descansar de una larga jornada de IndieDevDay con comida y bebida.<\/p>","protected":false},"author":1,"featured_media":0,"parent":0,"menu_order":0,"comment_status":"closed","ping_status":"closed","template":"elementor_header_footer","meta":{"footnotes":""},"class_list":["post-92367","page","type-page","status-publish","hentry"],"_links":{"self":[{"href":"https:\/\/www.indiedevday.es\/ca\/wp-json\/wp\/v2\/pages\/92367","targetHints":{"allow":["GET"]}}],"collection":[{"href":"https:\/\/www.indiedevday.es\/ca\/wp-json\/wp\/v2\/pages"}],"about":[{"href":"https:\/\/www.indiedevday.es\/ca\/wp-json\/wp\/v2\/types\/page"}],"author":[{"embeddable":true,"href":"https:\/\/www.indiedevday.es\/ca\/wp-json\/wp\/v2\/users\/1"}],"replies":[{"embeddable":true,"href":"https:\/\/www.indiedevday.es\/ca\/wp-json\/wp\/v2\/comments?post=92367"}],"version-history":[{"count":55,"href":"https:\/\/www.indiedevday.es\/ca\/wp-json\/wp\/v2\/pages\/92367\/revisions"}],"predecessor-version":[{"id":92425,"href":"https:\/\/www.indiedevday.es\/ca\/wp-json\/wp\/v2\/pages\/92367\/revisions\/92425"}],"wp:attachment":[{"href":"https:\/\/www.indiedevday.es\/ca\/wp-json\/wp\/v2\/media?parent=92367"}],"curies":[{"name":"wp","href":"https:\/\/api.w.org\/{rel}","templated":true}]}}