
{"id":91643,"date":"2024-07-15T09:26:41","date_gmt":"2024-07-15T09:26:41","guid":{"rendered":"https:\/\/www.indiedevday.es\/?page_id=91643"},"modified":"2024-07-15T10:36:21","modified_gmt":"2024-07-15T10:36:21","slug":"cometcon-2024","status":"publish","type":"page","link":"https:\/\/www.indiedevday.es\/ca\/cometcon-2024\/","title":{"rendered":"CometCon 2024"},"content":{"rendered":"<div data-elementor-type=\"wp-page\" data-elementor-id=\"91643\" class=\"elementor elementor-91643\" data-elementor-post-type=\"page\">\n\t\t\t\t<div class=\"elementor-element elementor-element-f36219f e-flex e-con-boxed wpr-particle-no wpr-jarallax-no wpr-parallax-no wpr-sticky-section-no e-con e-parent\" data-id=\"f36219f\" data-element_type=\"container\" data-settings=\"{&quot;background_background&quot;:&quot;classic&quot;}\">\n\t\t\t\t\t<div class=\"e-con-inner\">\n\t\t<div class=\"elementor-element elementor-element-f82e719 e-con-full e-flex wpr-particle-no wpr-jarallax-no wpr-parallax-no wpr-sticky-section-no e-con e-child\" data-id=\"f82e719\" data-element_type=\"container\">\n\t\t\t\t<div class=\"elementor-element elementor-element-915b8bb elementor-widget elementor-widget-text-editor\" data-id=\"915b8bb\" data-element_type=\"widget\" data-widget_type=\"text-editor.default\">\n\t\t\t\t<div class=\"elementor-widget-container\">\n\t\t\t\t\t\t\t\t\t<p>Patrocinat per&nbsp;<\/p>\t\t\t\t\t\t\t\t<\/div>\n\t\t\t\t<\/div>\n\t\t<div class=\"elementor-element elementor-element-d0551c8 e-con-full e-flex wpr-particle-no wpr-jarallax-no wpr-parallax-no wpr-sticky-section-no e-con e-child\" data-id=\"d0551c8\" data-element_type=\"container\">\n\t\t<div class=\"elementor-element elementor-element-42d8057 e-con-full e-flex wpr-particle-no wpr-jarallax-no wpr-parallax-no wpr-sticky-section-no e-con e-child\" data-id=\"42d8057\" data-element_type=\"container\" data-settings=\"{&quot;background_background&quot;:&quot;classic&quot;}\">\n\t\t<div class=\"elementor-element elementor-element-47df6bc gen_intros03 animated-fast e-con-full e-flex wpr-particle-no wpr-jarallax-no wpr-parallax-no wpr-sticky-section-no elementor-invisible e-con e-child\" data-id=\"47df6bc\" data-element_type=\"container\" data-settings=\"{&quot;background_background&quot;:&quot;classic&quot;,&quot;animation&quot;:&quot;fadeIn&quot;,&quot;animation_delay&quot;:900}\">\n\t\t\t\t<div class=\"elementor-element elementor-element-9673876 elementor-widget elementor-widget-image\" data-id=\"9673876\" data-element_type=\"widget\" data-widget_type=\"image.default\">\n\t\t\t\t<div class=\"elementor-widget-container\">\n\t\t\t\t\t\t\t\t\t\t\t\t\t\t\t<img decoding=\"async\" width=\"768\" height=\"1\" src=\"https:\/\/www.indiedevday.es\/wp-content\/uploads\/2023\/03\/Recurso-11IDPlogo2.svg\" class=\"attachment-medium_large size-medium_large wp-image-88076\" alt=\"indiedevplay logo\" \/>\t\t\t\t\t\t\t\t\t\t\t\t\t\t\t<\/div>\n\t\t\t\t<\/div>\n\t\t\t\t<\/div>\n\t\t<div class=\"elementor-element elementor-element-0842d37 gen_intros02 e-con-full e-flex wpr-particle-no wpr-jarallax-no wpr-parallax-no wpr-sticky-section-no e-con e-child\" data-id=\"0842d37\" data-element_type=\"container\">\n\t\t\t\t<div class=\"elementor-element elementor-element-a197a34 nomouse elementor-widget elementor-widget-heading\" data-id=\"a197a34\" data-element_type=\"widget\" data-widget_type=\"heading.default\">\n\t\t\t\t<div class=\"elementor-widget-container\">\n\t\t\t\t\t<h2 class=\"elementor-heading-title elementor-size-default\">IDD + CometCon<\/h2>\t\t\t\t<\/div>\n\t\t\t\t<\/div>\n\t\t\t\t<div class=\"elementor-element elementor-element-039bfbf elementor-widget elementor-widget-text-editor\" data-id=\"039bfbf\" data-element_type=\"widget\" data-widget_type=\"text-editor.default\">\n\t\t\t\t<div class=\"elementor-widget-container\">\n\t\t\t\t\t\t\t\t\t<p><span style=\"letter-spacing: 0px;\">IndieDevPlay \u00e9s un projecte amb qu\u00e8 impulsar els desenvolupaments nacionals en el marc d'altres esdeveniments, fires i espais d'un \u00e0mbit diferent del desenvolupament independent com a \u00fanic objectiu.<\/span><\/p><p>En aquesta ocasi\u00f3 IDP es va de viatge a Gij\u00f3n per a assistir a la CometCon i aporta un espai on provar diversos videojocs independents.<\/p>\t\t\t\t\t\t\t\t<\/div>\n\t\t\t\t<\/div>\n\t\t\t\t<\/div>\n\t\t\t\t<\/div>\n\t\t\t\t<\/div>\n\t\t<div class=\"elementor-element elementor-element-6457661 e-con-full e-flex wpr-particle-no wpr-jarallax-no wpr-parallax-no wpr-sticky-section-no e-con e-child\" data-id=\"6457661\" data-element_type=\"container\">\n\t\t<div class=\"elementor-element elementor-element-1da2df0 e-con-full e-flex wpr-particle-no wpr-jarallax-no wpr-parallax-no wpr-sticky-section-no e-con e-child\" data-id=\"1da2df0\" data-element_type=\"container\" data-settings=\"{&quot;background_background&quot;:&quot;classic&quot;}\">\n\t\t\t\t<div class=\"elementor-element elementor-element-cdd60d2 elementor-widget elementor-widget-heading\" data-id=\"cdd60d2\" data-element_type=\"widget\" data-widget_type=\"heading.default\">\n\t\t\t\t<div class=\"elementor-widget-container\">\n\t\t\t\t\t<h1 class=\"elementor-heading-title elementor-size-default\">COMETCON<\/h1>\t\t\t\t<\/div>\n\t\t\t\t<\/div>\n\t\t\t\t<div class=\"elementor-element elementor-element-5403467 elementor-widget elementor-widget-text-editor\" data-id=\"5403467\" data-element_type=\"widget\" data-widget_type=\"text-editor.default\">\n\t\t\t\t<div class=\"elementor-widget-container\">\n\t\t\t\t\t\t\t\t\t<p>CometCon es un evento cultural de ocio alternativo que aglutina diferentes \u00e1mbitos (videojuegos, cine, literatura, manga, anime, divulgaci\u00f3n&#8230;) que se celebra en la ciudad de Gij\u00f3n y tendr\u00e1 su onceaba edici\u00f3n durante las fechas 6, 7 y 8 de Septiembre con una asistencia de media de 19.000 asistentes.<\/p><p>Fechas: 6, 7 y 8 Septiembre<\/p><p>Puedes conocer m\u00e1s sobre CometCon en <a href=\"http:\/\/www.cometcon.org\">www.cometcon.org<\/a> o ver su aftermovie de 2023 <a href=\"https:\/\/www.youtube.com\/watch?v=_Pope2DL1Tg\">aqu\u00ed.<\/a><\/p><p><strong>Els estands assistents tindran:<\/strong><\/p><p style=\"padding-left: 40px;\">&#8211; Stand decorado de 2x1m <strong>gratuito<\/strong>.<\/p><p style=\"padding-left: 40px;\">&#8211; Tickets de comida en el evento para los 3 d\u00edas<\/p><p>Si vols participar, accedeix a aquest formulari o envia'ns un mail a indiedevday@gmail.com<\/p>\t\t\t\t\t\t\t\t<\/div>\n\t\t\t\t<\/div>\n\t\t\t\t<div class=\"elementor-element elementor-element-1d36930 elementor-widget elementor-widget-image\" data-id=\"1d36930\" data-element_type=\"widget\" data-widget_type=\"image.default\">\n\t\t\t\t<div class=\"elementor-widget-container\">\n\t\t\t\t\t\t\t\t\t\t\t\t\t\t\t\t<a href=\"http:\/\/www.cometcon.org\">\n\t\t\t\t\t\t\t<img decoding=\"async\" src=\"https:\/\/www.indiedevday.es\/wp-content\/uploads\/elementor\/thumbs\/1c328c70-bccb-436a-8b82-c0c5b89818f4-r0cfr90ocvoegw97qkkv8p1lfxo7wpzzo0687tlkfs.png\" title=\"1c328c70-bccb-436a-8b82-c0c5b89818f4\" alt=\"1c328c70-bccb-436a-8b82-c0c5b89818f4\" loading=\"lazy\" \/>\t\t\t\t\t\t\t\t<\/a>\n\t\t\t\t\t\t\t\t\t\t\t\t\t\t\t<\/div>\n\t\t\t\t<\/div>\n\t\t\t\t<\/div>\n\t\t\t\t<\/div>\n\t\t\t\t<div class=\"elementor-element elementor-element-a12b0bd elementor-widget__width-inherit elementor-widget elementor-widget-shortcode\" data-id=\"a12b0bd\" data-element_type=\"widget\" data-widget_type=\"shortcode.default\">\n\t\t\t\t<div class=\"elementor-widget-container\">\n\t\t\t\t\t\t\t<div class=\"elementor-shortcode\"><iframe src=\"\" style=\"border:0;width:100%;\" height=\"\"><\/iframe><\/div>\n\t\t\t\t\t\t<\/div>\n\t\t\t\t<\/div>\n\t\t\t\t<\/div>\n\t\t\t\t\t<\/div>\n\t\t\t\t<\/div>\n\t\t\t\t<\/div>","protected":false},"excerpt":{"rendered":"<p>Patrocinado por&nbsp; IDD + CometCon IndieDevPlay es un proyecto con el que impulsar los desarrollos nacionales en el marco de otros eventos, ferias y espacios de un \u00e1mbito diferente al desarrollo independiente como \u00fanico objetivo. En esta ocasi\u00f3n IDP se va de viaje a Gij\u00f3n para asistir a la CometCon y aporta un espacio donde probar varios videojuegos independientes. COMETCON CometCon es un evento cultural de ocio alternativo que aglutina diferentes \u00e1mbitos (videojuegos, cine, literatura, manga, anime, divulgaci\u00f3n&#8230;) que se celebra en la ciudad de Gij\u00f3n y tendr\u00e1 su onceaba edici\u00f3n durante las fechas 6, 7 y 8 de Septiembre con una asistencia de media de 19.000 asistentes. Fechas: 6, 7 y 8 Septiembre Puedes conocer m\u00e1s sobre CometCon en www.cometcon.org o ver su aftermovie de 2023 aqu\u00ed. Los stands asistentes tendr\u00e1n: &#8211; Stand decorado de 2x1m gratuito. &#8211; Tickets de comida en el evento para los 3 d\u00edas Si quieres participar, accede a este formulario o m\u00e1ndanos un mail a indiedevday@gmail.com<\/p>","protected":false},"author":1,"featured_media":0,"parent":0,"menu_order":0,"comment_status":"closed","ping_status":"closed","template":"elementor_canvas","meta":{"footnotes":""},"class_list":["post-91643","page","type-page","status-publish","hentry"],"_links":{"self":[{"href":"https:\/\/www.indiedevday.es\/ca\/wp-json\/wp\/v2\/pages\/91643","targetHints":{"allow":["GET"]}}],"collection":[{"href":"https:\/\/www.indiedevday.es\/ca\/wp-json\/wp\/v2\/pages"}],"about":[{"href":"https:\/\/www.indiedevday.es\/ca\/wp-json\/wp\/v2\/types\/page"}],"author":[{"embeddable":true,"href":"https:\/\/www.indiedevday.es\/ca\/wp-json\/wp\/v2\/users\/1"}],"replies":[{"embeddable":true,"href":"https:\/\/www.indiedevday.es\/ca\/wp-json\/wp\/v2\/comments?post=91643"}],"version-history":[{"count":19,"href":"https:\/\/www.indiedevday.es\/ca\/wp-json\/wp\/v2\/pages\/91643\/revisions"}],"predecessor-version":[{"id":91665,"href":"https:\/\/www.indiedevday.es\/ca\/wp-json\/wp\/v2\/pages\/91643\/revisions\/91665"}],"wp:attachment":[{"href":"https:\/\/www.indiedevday.es\/ca\/wp-json\/wp\/v2\/media?parent=91643"}],"curies":[{"name":"wp","href":"https:\/\/api.w.org\/{rel}","templated":true}]}}