
{"id":91615,"date":"2024-07-15T08:28:59","date_gmt":"2024-07-15T08:28:59","guid":{"rendered":"https:\/\/www.indiedevday.es\/?page_id=91615"},"modified":"2024-07-16T21:41:05","modified_gmt":"2024-07-16T21:41:05","slug":"weird-market-2024","status":"publish","type":"page","link":"https:\/\/www.indiedevday.es\/ca\/weird-market-2024\/","title":{"rendered":"Weird Market 2024"},"content":{"rendered":"<div data-elementor-type=\"wp-page\" data-elementor-id=\"91615\" class=\"elementor elementor-91615\" data-elementor-post-type=\"page\">\n\t\t\t\t\t\t<section class=\"elementor-section elementor-top-section elementor-element elementor-element-528a603 elementor-section-height-min-height elementor-section-boxed elementor-section-height-default elementor-section-items-middle wpr-particle-no wpr-jarallax-no wpr-parallax-no wpr-sticky-section-no wpr-equal-height-no\" data-id=\"528a603\" data-element_type=\"section\" data-e-type=\"section\" data-settings=\"{&quot;background_background&quot;:&quot;classic&quot;}\">\n\t\t\t\t\t\t\t<div class=\"elementor-background-overlay\"><\/div>\n\t\t\t\t\t\t\t<div class=\"elementor-container elementor-column-gap-default\">\n\t\t\t\t\t<div class=\"elementor-column elementor-col-100 elementor-top-column elementor-element elementor-element-35cb9c6\" data-id=\"35cb9c6\" data-element_type=\"column\" data-e-type=\"column\">\n\t\t\t<div class=\"elementor-widget-wrap elementor-element-populated\">\n\t\t\t\t\t\t<section class=\"elementor-section elementor-inner-section elementor-element elementor-element-64f9281 elementor-section-boxed elementor-section-height-default elementor-section-height-default wpr-particle-no wpr-jarallax-no wpr-parallax-no wpr-sticky-section-no wpr-equal-height-no\" data-id=\"64f9281\" data-element_type=\"section\" data-e-type=\"section\">\n\t\t\t\t\t\t<div class=\"elementor-container elementor-column-gap-default\">\n\t\t\t\t\t<div class=\"elementor-column elementor-col-100 elementor-inner-column elementor-element elementor-element-f5eb16e\" data-id=\"f5eb16e\" data-element_type=\"column\" data-e-type=\"column\" data-settings=\"{&quot;background_background&quot;:&quot;classic&quot;}\">\n\t\t\t<div class=\"elementor-widget-wrap elementor-element-populated\">\n\t\t\t\t<div class=\"elementor-element elementor-element-9f5213e e-flex e-con-boxed wpr-particle-no wpr-jarallax-no wpr-parallax-no wpr-sticky-section-no wpr-equal-height-no e-con e-parent\" data-id=\"9f5213e\" data-element_type=\"container\" data-e-type=\"container\">\n\t\t\t\t\t<div class=\"e-con-inner\">\n\t\t<div class=\"elementor-element elementor-element-b5e0139 e-flex e-con-boxed wpr-particle-no wpr-jarallax-no wpr-parallax-no wpr-sticky-section-no wpr-equal-height-no e-con e-child\" data-id=\"b5e0139\" data-element_type=\"container\" data-e-type=\"container\">\n\t\t\t\t\t<div class=\"e-con-inner\">\n\t\t<div class=\"elementor-element elementor-element-6421727 e-flex e-con-boxed wpr-particle-no wpr-jarallax-no wpr-parallax-no wpr-sticky-section-no wpr-equal-height-no e-con e-child\" data-id=\"6421727\" data-element_type=\"container\" data-e-type=\"container\" data-settings=\"{&quot;background_background&quot;:&quot;classic&quot;}\">\n\t\t\t\t\t<div class=\"e-con-inner\">\n\t\t\t\t<div class=\"elementor-element elementor-element-150ece2 elementor-widget elementor-widget-image\" data-id=\"150ece2\" data-element_type=\"widget\" data-e-type=\"widget\" data-widget_type=\"image.default\">\n\t\t\t\t<div class=\"elementor-widget-container\">\n\t\t\t\t\t\t\t\t\t\t\t\t\t\t\t<img decoding=\"async\" width=\"768\" height=\"1\" src=\"https:\/\/www.indiedevday.es\/wp-content\/uploads\/2023\/03\/Recurso-11IDPlogo2.svg\" class=\"attachment-medium_large size-medium_large wp-image-88076\" alt=\"indiedevplay logo\" \/>\t\t\t\t\t\t\t\t\t\t\t\t\t\t\t<\/div>\n\t\t\t\t<\/div>\n\t\t\t\t\t<\/div>\n\t\t\t\t<\/div>\n\t\t<div class=\"elementor-element elementor-element-ebf99cd e-flex e-con-boxed wpr-particle-no wpr-jarallax-no wpr-parallax-no wpr-sticky-section-no wpr-equal-height-no e-con e-child\" data-id=\"ebf99cd\" data-element_type=\"container\" data-e-type=\"container\">\n\t\t\t\t\t<div class=\"e-con-inner\">\n\t\t\t\t<div class=\"elementor-element elementor-element-f1b862f nomouse elementor-widget elementor-widget-heading\" data-id=\"f1b862f\" data-element_type=\"widget\" data-e-type=\"widget\" data-widget_type=\"heading.default\">\n\t\t\t\t<div class=\"elementor-widget-container\">\n\t\t\t\t\t<h2 class=\"elementor-heading-title elementor-size-default\">IDD + Weird Market<\/h2>\t\t\t\t<\/div>\n\t\t\t\t<\/div>\n\t\t\t\t<div class=\"elementor-element elementor-element-0d27bc4 elementor-widget elementor-widget-text-editor\" data-id=\"0d27bc4\" data-element_type=\"widget\" data-e-type=\"widget\" data-widget_type=\"text-editor.default\">\n\t\t\t\t<div class=\"elementor-widget-container\">\n\t\t\t\t\t\t\t\t\t<p><span style=\"letter-spacing: 0px;\">IndieDevPlay \u00e9s un projecte amb qu\u00e8 impulsar els desenvolupaments nacionals en el marc d'altres esdeveniments, fires i espais d'un \u00e0mbit diferent del desenvolupament independent com a \u00fanic objectiu.<\/span><\/p><p><span style=\"letter-spacing: 0px;\">\u00a0<\/span><\/p><p>En esta ocasi\u00f3n IDP se va de viaje a Valencia para crear un espacio de showcase.<\/p>\t\t\t\t\t\t\t\t<\/div>\n\t\t\t\t<\/div>\n\t\t\t\t\t<\/div>\n\t\t\t\t<\/div>\n\t\t\t\t\t<\/div>\n\t\t\t\t<\/div>\n\t\t\t\t\t<\/div>\n\t\t\t\t<\/div>\n\t\t\t\t<div class=\"elementor-element elementor-element-155ee90 elementor-widget elementor-widget-heading\" data-id=\"155ee90\" data-element_type=\"widget\" data-e-type=\"widget\" data-widget_type=\"heading.default\">\n\t\t\t\t<div class=\"elementor-widget-container\">\n\t\t\t\t\t<h1 class=\"elementor-heading-title elementor-size-default\"><b>IndieDevPlay Valencia<\/b><br>\n<h2 style=\"color:white\"><\/h2><\/h1>\t\t\t\t<\/div>\n\t\t\t\t<\/div>\n\t\t<div class=\"elementor-element elementor-element-6628102 e-con-full e-flex wpr-particle-no wpr-jarallax-no wpr-parallax-no wpr-sticky-section-no wpr-equal-height-no e-con e-parent\" data-id=\"6628102\" data-element_type=\"container\" data-e-type=\"container\">\n\t\t\t\t<div class=\"elementor-element elementor-element-3673893 elementor-widget elementor-widget-image\" data-id=\"3673893\" data-element_type=\"widget\" data-e-type=\"widget\" data-widget_type=\"image.default\">\n\t\t\t\t<div class=\"elementor-widget-container\">\n\t\t\t\t\t\t\t\t\t\t\t\t\t\t\t<img fetchpriority=\"high\" decoding=\"async\" width=\"800\" height=\"277\" src=\"https:\/\/www.indiedevday.es\/wp-content\/uploads\/2024\/07\/logo_weird_blanco-1024x355.png\" class=\"attachment-large size-large wp-image-91622\" alt=\"logo weird market\" srcset=\"https:\/\/www.indiedevday.es\/wp-content\/uploads\/2024\/07\/logo_weird_blanco-1024x355.png 1024w, https:\/\/www.indiedevday.es\/wp-content\/uploads\/2024\/07\/logo_weird_blanco-300x104.png 300w, https:\/\/www.indiedevday.es\/wp-content\/uploads\/2024\/07\/logo_weird_blanco-768x266.png 768w, https:\/\/www.indiedevday.es\/wp-content\/uploads\/2024\/07\/logo_weird_blanco-1536x533.png 1536w, https:\/\/www.indiedevday.es\/wp-content\/uploads\/2024\/07\/logo_weird_blanco-18x6.png 18w, https:\/\/www.indiedevday.es\/wp-content\/uploads\/2024\/07\/logo_weird_blanco.png 1695w\" sizes=\"(max-width: 800px) 100vw, 800px\" \/>\t\t\t\t\t\t\t\t\t\t\t\t\t\t\t<\/div>\n\t\t\t\t<\/div>\n\t\t\t\t<\/div>\n\t\t\t\t<div class=\"elementor-element elementor-element-0c41c9d elementor-widget elementor-widget-text-editor\" data-id=\"0c41c9d\" data-element_type=\"widget\" data-e-type=\"widget\" data-widget_type=\"text-editor.default\">\n\t\t\t\t<div class=\"elementor-widget-container\">\n\t\t\t\t\t\t\t\t\t<p dir=\"ltr\"><strong>WEIRD MARKET<\/strong> es un escaparate de lo que est\u00e1 por llegar. Las <strong>\u00faltimas tendencias<\/strong> del sector de la <strong>animaci\u00f3n, videojuegos y new media<\/strong> se convierten en los protagonistas de las<strong> conferencias, mesas redondas y encuentros.<\/strong><\/p><p dir=\"ltr\" style=\"line-height: 1.38; margin-bottom: 0pt; margin-top: 0pt; text-align: justify;\"><b>\u00a0<\/b><\/p><p dir=\"ltr\">En el <strong>showroom se podr\u00e1n probar experiencias innovadoras y videojuegos que a\u00fan no han salido al mercado<\/strong>. As\u00ed como maquetas de animaci\u00f3n o informaci\u00f3n de asociaciones y centros formativos.<\/p><p dir=\"ltr\" style=\"line-height: 1.38; margin-bottom: 0pt; margin-top: 0pt; text-align: justify;\"><b>\u00a0<\/b><\/p><p dir=\"ltr\">Este espacio estar\u00e1<strong> abierto tanto para un p\u00fablico profesional como para el p\u00fablico general<\/strong>. La <strong>entrada a este espacio es gratuita<\/strong> con el objetivo de incentivar que cualquier persona pueda acudir a descubrir lo \u00faltimo del sector.\u00a0<\/p><p dir=\"ltr\" style=\"line-height: 1.38; margin-bottom: 0pt; margin-top: 0pt; text-align: justify;\"><b>\u00a0<\/b><\/p><p dir=\"ltr\"><strong>El coste de los expositores tambi\u00e9n es gratuito para creadores y desarrolladores de videojuegos, animaci\u00f3n, juegos de mesa o c\u00f3mic,<\/strong> siendo \u00fanicamente indispensable completar una inscripci\u00f3n con materiales del proyecto a exponer, confirmaci\u00f3n de disponibilidad y reconfirmaci\u00f3n por parte de la organizaci\u00f3n que tendr\u00e1 en cuenta el aforo y calidad.<\/p><p dir=\"ltr\" style=\"line-height: 1.38; margin-bottom: 0pt; margin-top: 0pt; text-align: justify;\"><b>\u00a0<\/b><\/p><p dir=\"ltr\">Este a\u00f1o el <strong>Showroom<\/strong> tendr\u00e1 lugar el<strong> viernes 4 y s\u00e1bado 5 de octubre<\/strong> (abierto al p\u00fablico <strong>de 11 a 14h y de 16 a 19h<\/strong>). El d\u00eda de<strong> montaje <\/strong>ser\u00e1 en la ma\u00f1ana del<strong> viernes<\/strong>. La sede del showroom ser\u00e1 <strong>Las Naves, <\/strong>centro de innovaci\u00f3n social y urbana de la ciudad de<strong> Valencia.<\/strong><\/p><p dir=\"ltr\" style=\"line-height: 1.38; margin-bottom: 0pt; margin-top: 0pt; text-align: justify;\"><b>\u00a0<\/b><\/p><p dir=\"ltr\">Para <strong>participar<\/strong> puedes mandarnos tu propuesta <strong>antes del lunes 19 de agosto.<\/strong> De entre todas las recibidas, se seleccionar\u00e1 la representaci\u00f3n final que tendr\u00e1 su espacio en Weird Market, con lo que el env\u00edo de la solicitud NO implica ser seleccionado. <strong>La confirmaci\u00f3n<\/strong> se comunicar\u00e1 a los seleccionados <strong>v\u00eda correo electr\u00f3nico.<\/strong><\/p><p dir=\"ltr\" style=\"line-height: 1.38; margin-bottom: 0pt; margin-top: 0pt; text-align: justify;\"><b>\u00a0<\/b><\/p><p dir=\"ltr\"><strong>Los proyectos seleccionados<\/strong> tendr\u00e1n a su disposici\u00f3n<strong> dos acreditaciones con comidas<\/strong> para los dos representantes que asistan.<\/p><p dir=\"ltr\" style=\"line-height: 1.38; margin-bottom: 0pt; margin-top: 0pt; text-align: justify;\"><b>\u00a0<\/b><\/p><p dir=\"ltr\">En la selecci\u00f3n de los proyectos se tendr\u00e1 en cuenta:<\/p><ul><li dir=\"ltr\"><p dir=\"ltr\">El orden de inscripci\u00f3n y aforo\u00a0<\/p><\/li><li dir=\"ltr\"><p dir=\"ltr\">La calidad del proyecto\u00a0<\/p><\/li><li dir=\"ltr\"><p dir=\"ltr\">Tendr\u00e1n prioridad los proyectos de la Comunidad Valenciana<\/p><\/li><\/ul>\t\t\t\t\t\t\t\t<\/div>\n\t\t\t\t<\/div>\n\t\t\t\t\t<\/div>\n\t\t<\/div>\n\t\t\t\t\t<\/div>\n\t\t<\/section>\n\t\t\t\t<div class=\"elementor-element elementor-element-be12df7 elementor-widget__width-inherit elementor-widget elementor-widget-shortcode\" data-id=\"be12df7\" data-element_type=\"widget\" data-e-type=\"widget\" data-widget_type=\"shortcode.default\">\n\t\t\t\t<div class=\"elementor-widget-container\">\n\t\t\t\t\t\t\t<div class=\"elementor-shortcode\"><iframe src=\"https:\/\/www.cognitoforms.com\/f\/7P-ZTme7oU6d5ITfbOgeQw\/133\" allow=\"payment\" style=\"border:0;width:100%;\" height=\"2068\"><\/iframe>\n<script src=\"https:\/\/www.cognitoforms.com\/f\/iframe.js\"><\/script><\/div>\n\t\t\t\t\t\t<\/div>\n\t\t\t\t<\/div>\n\t\t\t\t\t<\/div>\n\t\t<\/div>\n\t\t\t\t\t<\/div>\n\t\t<\/section>\n\t\t\t\t<\/div>","protected":false},"excerpt":{"rendered":"<p>IDD + Weird Market IndieDevPlay es un proyecto con el que impulsar los desarrollos nacionales en el marco de otros eventos, ferias y espacios de un \u00e1mbito diferente al desarrollo independiente como \u00fanico objetivo. \u00a0 En esta ocasi\u00f3n IDP se va de viaje a Valencia para crear un espacio de showcase. IndieDevPlay Valencia WEIRD MARKET es un escaparate de lo que est\u00e1 por llegar. Las \u00faltimas tendencias del sector de la animaci\u00f3n, videojuegos y new media se convierten en los protagonistas de las conferencias, mesas redondas y encuentros. \u00a0 En el showroom se podr\u00e1n probar experiencias innovadoras y videojuegos que a\u00fan no han salido al mercado. As\u00ed como maquetas de animaci\u00f3n o informaci\u00f3n de asociaciones y centros formativos. \u00a0 Este espacio estar\u00e1 abierto tanto para un p\u00fablico profesional como para el p\u00fablico general. La entrada a este espacio es gratuita con el objetivo de incentivar que cualquier persona pueda acudir a descubrir lo \u00faltimo del sector.\u00a0 \u00a0 El coste de los expositores tambi\u00e9n es gratuito para creadores y desarrolladores de videojuegos, animaci\u00f3n, juegos de mesa o c\u00f3mic, siendo \u00fanicamente indispensable completar una inscripci\u00f3n con materiales del proyecto a exponer, confirmaci\u00f3n de disponibilidad y reconfirmaci\u00f3n por parte de la organizaci\u00f3n que tendr\u00e1 en cuenta el aforo y calidad. \u00a0 Este a\u00f1o el Showroom tendr\u00e1 lugar el viernes 4 y s\u00e1bado 5 de octubre (abierto al p\u00fablico de 11 a 14h y de 16 a 19h). El d\u00eda de montaje ser\u00e1 en la ma\u00f1ana del viernes. La sede del showroom ser\u00e1 Las Naves, centro de innovaci\u00f3n social y urbana de la ciudad de Valencia. \u00a0 Para participar puedes mandarnos tu propuesta antes del lunes 19 de agosto. De entre todas las recibidas, se seleccionar\u00e1 la representaci\u00f3n final que tendr\u00e1 su espacio en Weird Market, con lo que el env\u00edo de la solicitud NO implica ser seleccionado. La confirmaci\u00f3n se comunicar\u00e1 a los seleccionados v\u00eda correo electr\u00f3nico. \u00a0 Los proyectos seleccionados tendr\u00e1n a su disposici\u00f3n dos acreditaciones con comidas para los dos representantes que asistan. \u00a0 En la selecci\u00f3n de los proyectos se tendr\u00e1 en cuenta: El orden de inscripci\u00f3n y aforo\u00a0 La calidad del proyecto\u00a0 Tendr\u00e1n prioridad los proyectos de la Comunidad Valenciana<\/p>","protected":false},"author":1,"featured_media":0,"parent":0,"menu_order":0,"comment_status":"closed","ping_status":"closed","template":"elementor_header_footer","meta":{"footnotes":""},"class_list":["post-91615","page","type-page","status-publish","hentry"],"_links":{"self":[{"href":"https:\/\/www.indiedevday.es\/ca\/wp-json\/wp\/v2\/pages\/91615","targetHints":{"allow":["GET"]}}],"collection":[{"href":"https:\/\/www.indiedevday.es\/ca\/wp-json\/wp\/v2\/pages"}],"about":[{"href":"https:\/\/www.indiedevday.es\/ca\/wp-json\/wp\/v2\/types\/page"}],"author":[{"embeddable":true,"href":"https:\/\/www.indiedevday.es\/ca\/wp-json\/wp\/v2\/users\/1"}],"replies":[{"embeddable":true,"href":"https:\/\/www.indiedevday.es\/ca\/wp-json\/wp\/v2\/comments?post=91615"}],"version-history":[{"count":22,"href":"https:\/\/www.indiedevday.es\/ca\/wp-json\/wp\/v2\/pages\/91615\/revisions"}],"predecessor-version":[{"id":91668,"href":"https:\/\/www.indiedevday.es\/ca\/wp-json\/wp\/v2\/pages\/91615\/revisions\/91668"}],"wp:attachment":[{"href":"https:\/\/www.indiedevday.es\/ca\/wp-json\/wp\/v2\/media?parent=91615"}],"curies":[{"name":"wp","href":"https:\/\/api.w.org\/{rel}","templated":true}]}}