
{"id":2064,"date":"2020-11-05T09:19:59","date_gmt":"2020-11-05T09:19:59","guid":{"rendered":"http:\/\/www.indiedevday.es\/?page_id=2064"},"modified":"2020-11-07T11:27:01","modified_gmt":"2020-11-07T11:27:01","slug":"devyokaicade","status":"publish","type":"page","link":"https:\/\/www.indiedevday.es\/ca\/devyokaicade\/","title":{"rendered":"DevYokaicade"},"content":{"rendered":"<div data-elementor-type=\"wp-page\" data-elementor-id=\"2064\" class=\"elementor elementor-2064\" data-elementor-post-type=\"page\">\n\t\t\t\t\t\t<section class=\"elementor-section elementor-top-section elementor-element elementor-element-55541cd elementor-section-boxed elementor-section-height-default elementor-section-height-default\" data-id=\"55541cd\" data-element_type=\"section\" data-settings=\"{&quot;background_background&quot;:&quot;classic&quot;}\">\n\t\t\t\t\t\t<div class=\"elementor-container elementor-column-gap-default\">\n\t\t\t\t\t<div class=\"elementor-column elementor-col-100 elementor-top-column elementor-element elementor-element-4ec8afe\" data-id=\"4ec8afe\" data-element_type=\"column\">\n\t\t\t<div class=\"elementor-widget-wrap elementor-element-populated\">\n\t\t\t\t\t\t<div class=\"elementor-element elementor-element-0b08dc2 elementor-widget elementor-widget-spacer\" data-id=\"0b08dc2\" data-element_type=\"widget\" data-widget_type=\"spacer.default\">\n\t\t\t\t<div class=\"elementor-widget-container\">\n\t\t\t\t\t\t\t<div class=\"elementor-spacer\">\n\t\t\t<div class=\"elementor-spacer-inner\"><\/div>\n\t\t<\/div>\n\t\t\t\t\t\t<\/div>\n\t\t\t\t<\/div>\n\t\t\t\t\t<\/div>\n\t\t<\/div>\n\t\t\t\t\t<\/div>\n\t\t<\/section>\n\t\t\t\t<section class=\"elementor-section elementor-top-section elementor-element elementor-element-9f5db99 elementor-section-boxed elementor-section-height-default elementor-section-height-default\" data-id=\"9f5db99\" data-element_type=\"section\" data-settings=\"{&quot;background_background&quot;:&quot;classic&quot;}\">\n\t\t\t\t\t\t<div class=\"elementor-container elementor-column-gap-default\">\n\t\t\t\t\t<div class=\"elementor-column elementor-col-50 elementor-top-column elementor-element elementor-element-42a7444\" data-id=\"42a7444\" data-element_type=\"column\">\n\t\t\t<div class=\"elementor-widget-wrap\">\n\t\t\t\t\t\t\t<\/div>\n\t\t<\/div>\n\t\t\t\t<div class=\"elementor-column elementor-col-100 elementor-top-column elementor-element elementor-element-9d27d2f\" data-id=\"9d27d2f\" data-element_type=\"column\">\n\t\t\t<div class=\"elementor-widget-wrap elementor-element-populated\">\n\t\t\t\t\t\t<div class=\"elementor-element elementor-element-a6e8a07 elementor-widget elementor-widget-image\" data-id=\"a6e8a07\" data-element_type=\"widget\" data-widget_type=\"image.default\">\n\t\t\t\t<div class=\"elementor-widget-container\">\n\t\t\t\t\t\t\t\t\t\t\t\t\t\t\t\t<a href=\"http:\/\/www.indiedevday.es\/ca\/\">\n\t\t\t\t\t\t\t<img fetchpriority=\"high\" decoding=\"async\" width=\"1925\" height=\"738\" src=\"https:\/\/www.indiedevday.es\/wp-content\/uploads\/2020\/10\/DEVS-1.png\" class=\"attachment-2048x2048 size-2048x2048 wp-image-1574\" alt=\"\" srcset=\"https:\/\/www.indiedevday.es\/wp-content\/uploads\/2020\/10\/DEVS-1.png 1925w, https:\/\/www.indiedevday.es\/wp-content\/uploads\/2020\/10\/DEVS-1-300x115.png 300w, https:\/\/www.indiedevday.es\/wp-content\/uploads\/2020\/10\/DEVS-1-1024x393.png 1024w, https:\/\/www.indiedevday.es\/wp-content\/uploads\/2020\/10\/DEVS-1-768x294.png 768w, https:\/\/www.indiedevday.es\/wp-content\/uploads\/2020\/10\/DEVS-1-1536x589.png 1536w, https:\/\/www.indiedevday.es\/wp-content\/uploads\/2020\/10\/DEVS-1-830x318.png 830w, https:\/\/www.indiedevday.es\/wp-content\/uploads\/2020\/10\/DEVS-1-230x88.png 230w, https:\/\/www.indiedevday.es\/wp-content\/uploads\/2020\/10\/DEVS-1-350x134.png 350w, https:\/\/www.indiedevday.es\/wp-content\/uploads\/2020\/10\/DEVS-1-480x184.png 480w\" sizes=\"(max-width: 1925px) 100vw, 1925px\" \/>\t\t\t\t\t\t\t\t<\/a>\n\t\t\t\t\t\t\t\t\t\t\t\t\t\t\t<\/div>\n\t\t\t\t<\/div>\n\t\t\t\t\t<\/div>\n\t\t<\/div>\n\t\t\t\t<div class=\"elementor-column elementor-col-50 elementor-top-column elementor-element elementor-element-f36aee5\" data-id=\"f36aee5\" data-element_type=\"column\">\n\t\t\t<div class=\"elementor-widget-wrap\">\n\t\t\t\t\t\t\t<\/div>\n\t\t<\/div>\n\t\t\t\t\t<\/div>\n\t\t<\/section>\n\t\t\t\t<section class=\"elementor-section elementor-top-section elementor-element elementor-element-049818f elementor-section-boxed elementor-section-height-default elementor-section-height-default\" data-id=\"049818f\" data-element_type=\"section\" data-settings=\"{&quot;background_background&quot;:&quot;classic&quot;}\">\n\t\t\t\t\t\t<div class=\"elementor-container elementor-column-gap-default\">\n\t\t\t\t\t<div class=\"elementor-column elementor-col-100 elementor-top-column elementor-element elementor-element-05acc0e\" data-id=\"05acc0e\" data-element_type=\"column\">\n\t\t\t<div class=\"elementor-widget-wrap elementor-element-populated\">\n\t\t\t\t\t\t<div class=\"elementor-element elementor-element-3fdeb07 elementor-widget elementor-widget-spacer\" data-id=\"3fdeb07\" data-element_type=\"widget\" data-widget_type=\"spacer.default\">\n\t\t\t\t<div class=\"elementor-widget-container\">\n\t\t\t\t\t\t\t<div class=\"elementor-spacer\">\n\t\t\t<div class=\"elementor-spacer-inner\"><\/div>\n\t\t<\/div>\n\t\t\t\t\t\t<\/div>\n\t\t\t\t<\/div>\n\t\t\t\t\t<\/div>\n\t\t<\/div>\n\t\t\t\t\t<\/div>\n\t\t<\/section>\n\t\t\t\t<section class=\"elementor-section elementor-top-section elementor-element elementor-element-7cc15a6 elementor-section-boxed elementor-section-height-default elementor-section-height-default\" data-id=\"7cc15a6\" data-element_type=\"section\" data-settings=\"{&quot;background_background&quot;:&quot;classic&quot;}\">\n\t\t\t\t\t\t<div class=\"elementor-container elementor-column-gap-default\">\n\t\t\t\t\t<div class=\"elementor-column elementor-col-50 elementor-top-column elementor-element elementor-element-fba723b\" data-id=\"fba723b\" data-element_type=\"column\">\n\t\t\t<div class=\"elementor-widget-wrap elementor-element-populated\">\n\t\t\t\t\t\t<div class=\"elementor-element elementor-element-0bc3a24 elementor-widget elementor-widget-image\" data-id=\"0bc3a24\" data-element_type=\"widget\" data-widget_type=\"image.default\">\n\t\t\t\t<div class=\"elementor-widget-container\">\n\t\t\t\t\t\t\t\t\t\t\t\t\t\t\t<img decoding=\"async\" width=\"800\" height=\"741\" src=\"https:\/\/www.indiedevday.es\/wp-content\/uploads\/2020\/10\/Logo_Yokaicade-1024x948.png\" class=\"attachment-large size-large wp-image-1763\" alt=\"\" srcset=\"https:\/\/www.indiedevday.es\/wp-content\/uploads\/2020\/10\/Logo_Yokaicade-1024x948.png 1024w, https:\/\/www.indiedevday.es\/wp-content\/uploads\/2020\/10\/Logo_Yokaicade-300x278.png 300w, https:\/\/www.indiedevday.es\/wp-content\/uploads\/2020\/10\/Logo_Yokaicade-768x711.png 768w, https:\/\/www.indiedevday.es\/wp-content\/uploads\/2020\/10\/Logo_Yokaicade-830x768.png 830w, https:\/\/www.indiedevday.es\/wp-content\/uploads\/2020\/10\/Logo_Yokaicade-230x213.png 230w, https:\/\/www.indiedevday.es\/wp-content\/uploads\/2020\/10\/Logo_Yokaicade-350x324.png 350w, https:\/\/www.indiedevday.es\/wp-content\/uploads\/2020\/10\/Logo_Yokaicade-480x444.png 480w, https:\/\/www.indiedevday.es\/wp-content\/uploads\/2020\/10\/Logo_Yokaicade.png 1397w\" sizes=\"(max-width: 800px) 100vw, 800px\" \/>\t\t\t\t\t\t\t\t\t\t\t\t\t\t\t<\/div>\n\t\t\t\t<\/div>\n\t\t\t\t\t<\/div>\n\t\t<\/div>\n\t\t\t\t<div class=\"elementor-column elementor-col-50 elementor-top-column elementor-element elementor-element-222bec7\" data-id=\"222bec7\" data-element_type=\"column\">\n\t\t\t<div class=\"elementor-widget-wrap elementor-element-populated\">\n\t\t\t\t\t\t<div class=\"elementor-element elementor-element-892ec28 elementor-widget elementor-widget-video\" data-id=\"892ec28\" data-element_type=\"widget\" data-settings=\"{&quot;youtube_url&quot;:&quot;https:\\\/\\\/www.youtube.com\\\/watch?v=UouOF2vagIE&quot;,&quot;video_type&quot;:&quot;youtube&quot;,&quot;controls&quot;:&quot;yes&quot;}\" data-widget_type=\"video.default\">\n\t\t\t\t<div class=\"elementor-widget-container\">\n\t\t\t\t\t\t\t<div class=\"elementor-wrapper elementor-open-inline\">\n\t\t\t<div class=\"elementor-video\"><\/div>\t\t<\/div>\n\t\t\t\t\t\t<\/div>\n\t\t\t\t<\/div>\n\t\t\t\t\t<\/div>\n\t\t<\/div>\n\t\t\t\t\t<\/div>\n\t\t<\/section>\n\t\t\t\t<section class=\"elementor-section elementor-top-section elementor-element elementor-element-fc37f41 elementor-section-boxed elementor-section-height-default elementor-section-height-default\" data-id=\"fc37f41\" data-element_type=\"section\" data-settings=\"{&quot;background_background&quot;:&quot;classic&quot;}\">\n\t\t\t\t\t\t<div class=\"elementor-container elementor-column-gap-default\">\n\t\t\t\t\t<div class=\"elementor-column elementor-col-100 elementor-top-column elementor-element elementor-element-6812896\" data-id=\"6812896\" data-element_type=\"column\">\n\t\t\t<div class=\"elementor-widget-wrap elementor-element-populated\">\n\t\t\t\t\t\t<div class=\"elementor-element elementor-element-bda6345 elementor-widget elementor-widget-spacer\" data-id=\"bda6345\" data-element_type=\"widget\" data-widget_type=\"spacer.default\">\n\t\t\t\t<div class=\"elementor-widget-container\">\n\t\t\t\t\t\t\t<div class=\"elementor-spacer\">\n\t\t\t<div class=\"elementor-spacer-inner\"><\/div>\n\t\t<\/div>\n\t\t\t\t\t\t<\/div>\n\t\t\t\t<\/div>\n\t\t\t\t\t<\/div>\n\t\t<\/div>\n\t\t\t\t\t<\/div>\n\t\t<\/section>\n\t\t\t\t<section class=\"elementor-section elementor-top-section elementor-element elementor-element-3a1da90 elementor-section-boxed elementor-section-height-default elementor-section-height-default\" data-id=\"3a1da90\" data-element_type=\"section\" data-settings=\"{&quot;background_background&quot;:&quot;classic&quot;}\">\n\t\t\t\t\t\t<div class=\"elementor-container elementor-column-gap-default\">\n\t\t\t\t\t\t<\/div>\n\t\t<\/section>\n\t\t\t\t<section class=\"elementor-section elementor-top-section elementor-element elementor-element-08b52e4 elementor-section-boxed elementor-section-height-default elementor-section-height-default\" data-id=\"08b52e4\" data-element_type=\"section\" data-settings=\"{&quot;background_background&quot;:&quot;classic&quot;}\">\n\t\t\t\t\t\t<div class=\"elementor-container elementor-column-gap-default\">\n\t\t\t\t\t<div class=\"elementor-column elementor-col-100 elementor-top-column elementor-element elementor-element-f7eb0fd\" data-id=\"f7eb0fd\" data-element_type=\"column\">\n\t\t\t<div class=\"elementor-widget-wrap elementor-element-populated\">\n\t\t\t\t\t\t<div class=\"elementor-element elementor-element-b32c254 elementor-widget elementor-widget-image\" data-id=\"b32c254\" data-element_type=\"widget\" data-widget_type=\"image.default\">\n\t\t\t\t<div class=\"elementor-widget-container\">\n\t\t\t\t\t\t\t\t\t\t\t\t\t\t\t<img decoding=\"async\" src=\"https:\/\/www.indiedevday.es\/wp-content\/uploads\/2020\/11\/prueba-480x120.jpg\" title=\"prueba\" alt=\"prueba\" loading=\"lazy\" \/>\t\t\t\t\t\t\t\t\t\t\t\t\t\t\t<\/div>\n\t\t\t\t<\/div>\n\t\t\t\t\t<\/div>\n\t\t<\/div>\n\t\t\t\t\t<\/div>\n\t\t<\/section>\n\t\t\t\t<section class=\"elementor-section elementor-top-section elementor-element elementor-element-0d70a3a elementor-section-boxed elementor-section-height-default elementor-section-height-default\" data-id=\"0d70a3a\" data-element_type=\"section\" data-settings=\"{&quot;background_background&quot;:&quot;classic&quot;}\">\n\t\t\t\t\t\t<div class=\"elementor-container elementor-column-gap-default\">\n\t\t\t\t\t<div class=\"elementor-column elementor-col-100 elementor-top-column elementor-element elementor-element-c787246\" data-id=\"c787246\" data-element_type=\"column\">\n\t\t\t<div class=\"elementor-widget-wrap elementor-element-populated\">\n\t\t\t\t\t\t<div class=\"elementor-element elementor-element-5e2eff3 elementor-align-center elementor-widget elementor-widget-button\" data-id=\"5e2eff3\" data-element_type=\"widget\" data-widget_type=\"button.default\">\n\t\t\t\t<div class=\"elementor-widget-container\">\n\t\t\t\t\t\t\t\t\t<div class=\"elementor-button-wrapper\">\n\t\t\t\t\t<a class=\"elementor-button elementor-button-link elementor-size-xl\" href=\"https:\/\/drive.google.com\/drive\/folders\/1d8hG-MrNYXiPKaRMebWGaakXUx3kdRiN?usp=sharing\">\n\t\t\t\t\t\t<span class=\"elementor-button-content-wrapper\">\n\t\t\t\t\t\t\t\t\t<span class=\"elementor-button-text\">\u00a1PRUEBALO!<\/span>\n\t\t\t\t\t<\/span>\n\t\t\t\t\t<\/a>\n\t\t\t\t<\/div>\n\t\t\t\t\t\t\t\t<\/div>\n\t\t\t\t<\/div>\n\t\t\t\t\t<\/div>\n\t\t<\/div>\n\t\t\t\t\t<\/div>\n\t\t<\/section>\n\t\t\t\t<section class=\"elementor-section elementor-top-section elementor-element elementor-element-1dd3a37 elementor-section-boxed elementor-section-height-default elementor-section-height-default\" data-id=\"1dd3a37\" data-element_type=\"section\" data-settings=\"{&quot;background_background&quot;:&quot;classic&quot;}\">\n\t\t\t\t\t\t<div class=\"elementor-container elementor-column-gap-default\">\n\t\t\t\t\t<div class=\"elementor-column elementor-col-100 elementor-top-column elementor-element elementor-element-8310092\" data-id=\"8310092\" data-element_type=\"column\">\n\t\t\t<div class=\"elementor-widget-wrap elementor-element-populated\">\n\t\t\t\t\t\t<div class=\"elementor-element elementor-element-84ce7e7 elementor-widget elementor-widget-heading\" data-id=\"84ce7e7\" data-element_type=\"widget\" data-widget_type=\"heading.default\">\n\t\t\t\t<div class=\"elementor-widget-container\">\n\t\t\t\t\t<h2 class=\"elementor-heading-title elementor-size-default\">IndieGame 2020 - Ignited Steel<\/h2>\t\t\t\t<\/div>\n\t\t\t\t<\/div>\n\t\t\t\t\t<\/div>\n\t\t<\/div>\n\t\t\t\t\t<\/div>\n\t\t<\/section>\n\t\t\t\t<section class=\"elementor-section elementor-top-section elementor-element elementor-element-23eb3ac elementor-section-boxed elementor-section-height-default elementor-section-height-default\" data-id=\"23eb3ac\" data-element_type=\"section\" data-settings=\"{&quot;background_background&quot;:&quot;classic&quot;}\">\n\t\t\t\t\t\t<div class=\"elementor-container elementor-column-gap-default\">\n\t\t\t\t\t<div class=\"elementor-column elementor-col-100 elementor-top-column elementor-element elementor-element-c25824a\" data-id=\"c25824a\" data-element_type=\"column\">\n\t\t\t<div class=\"elementor-widget-wrap elementor-element-populated\">\n\t\t\t\t\t\t<div class=\"elementor-element elementor-element-26eba18 elementor-widget elementor-widget-spacer\" data-id=\"26eba18\" data-element_type=\"widget\" data-widget_type=\"spacer.default\">\n\t\t\t\t<div class=\"elementor-widget-container\">\n\t\t\t\t\t\t\t<div class=\"elementor-spacer\">\n\t\t\t<div class=\"elementor-spacer-inner\"><\/div>\n\t\t<\/div>\n\t\t\t\t\t\t<\/div>\n\t\t\t\t<\/div>\n\t\t\t\t\t<\/div>\n\t\t<\/div>\n\t\t\t\t\t<\/div>\n\t\t<\/section>\n\t\t\t\t<section class=\"elementor-section elementor-top-section elementor-element elementor-element-3dafd06 elementor-section-boxed elementor-section-height-default elementor-section-height-default\" data-id=\"3dafd06\" data-element_type=\"section\" data-settings=\"{&quot;background_background&quot;:&quot;classic&quot;}\">\n\t\t\t\t\t\t<div class=\"elementor-container elementor-column-gap-default\">\n\t\t\t\t\t<div class=\"elementor-column elementor-col-50 elementor-top-column elementor-element elementor-element-7c18eab\" data-id=\"7c18eab\" data-element_type=\"column\" data-settings=\"{&quot;background_background&quot;:&quot;classic&quot;}\">\n\t\t\t<div class=\"elementor-widget-wrap elementor-element-populated\">\n\t\t\t\t\t\t<div class=\"elementor-element elementor-element-b04c64c elementor-widget elementor-widget-heading\" data-id=\"b04c64c\" data-element_type=\"widget\" data-widget_type=\"heading.default\">\n\t\t\t\t<div class=\"elementor-widget-container\">\n\t\t\t\t\t<h2 class=\"elementor-heading-title elementor-size-default\">GAME INFO<\/h2>\t\t\t\t<\/div>\n\t\t\t\t<\/div>\n\t\t\t\t<div class=\"elementor-element elementor-element-fb069d6 elementor-widget elementor-widget-text-editor\" data-id=\"fb069d6\" data-element_type=\"widget\" data-widget_type=\"text-editor.default\">\n\t\t\t\t<div class=\"elementor-widget-container\">\n\t\t\t\t\t\t\t\t\tControla a un escuadr\u00f3n de pilotos mercenarios al mando de robots gigantes, unas reliquias de una era m\u00e1s civilizada, que te permiten enfrentarte a la malvada corporaci\u00f3n que quiere controlar toda la galaxia.  Deber\u00e1s gestionar el calor producido por estas avanzadas m\u00e1quinas, ya que tus acciones, como disparar o usar habilidades, aumentar\u00e1n la temperatura, produciendo un sobrecalentamiento que puede usarse a tu favor o volverse en tu contra.  Ignited Steel es un juego de estrategia sci-fi por turnos, que emula las sensaciones de un tactics de mechas de los 90, actualizado a mec\u00e1nicas actuales.\t\t\t\t\t\t\t\t<\/div>\n\t\t\t\t<\/div>\n\t\t\t\t\t<\/div>\n\t\t<\/div>\n\t\t\t\t<div class=\"elementor-column elementor-col-50 elementor-top-column elementor-element elementor-element-3ac417d\" data-id=\"3ac417d\" data-element_type=\"column\" data-settings=\"{&quot;background_background&quot;:&quot;classic&quot;}\">\n\t\t\t<div class=\"elementor-widget-wrap elementor-element-populated\">\n\t\t\t\t\t\t<div class=\"elementor-element elementor-element-c65d5d1 elementor-widget elementor-widget-heading\" data-id=\"c65d5d1\" data-element_type=\"widget\" data-widget_type=\"heading.default\">\n\t\t\t\t<div class=\"elementor-widget-container\">\n\t\t\t\t\t<h2 class=\"elementor-heading-title elementor-size-default\">GAME DATA<\/h2>\t\t\t\t<\/div>\n\t\t\t\t<\/div>\n\t\t\t\t<div class=\"elementor-element elementor-element-c7eae27 elementor-widget elementor-widget-text-editor\" data-id=\"c7eae27\" data-element_type=\"widget\" data-widget_type=\"text-editor.default\">\n\t\t\t\t<div class=\"elementor-widget-container\">\n\t\t\t\t\t\t\t\t\t<p style=\"text-align: left;\"><strong>GENERO<\/strong><\/p><p>Estrategia<\/p><p style=\"text-align: left;\"><span style=\"color: #ffffff;\"><strong>PLATAFORMAS<\/strong><\/span><br \/><span style=\"color: #ffffff;\">Steam<\/span><\/p><p style=\"text-align: left;\"><span style=\"color: #ffffff;\"><strong>IDIOMA<\/strong><\/span><br \/><span style=\"color: #ffffff;\">ingles<\/span><\/p>\t\t\t\t\t\t\t\t<\/div>\n\t\t\t\t<\/div>\n\t\t\t\t\t<\/div>\n\t\t<\/div>\n\t\t\t\t\t<\/div>\n\t\t<\/section>\n\t\t\t\t<section class=\"elementor-section elementor-top-section elementor-element elementor-element-35c88b2 elementor-section-boxed elementor-section-height-default elementor-section-height-default\" data-id=\"35c88b2\" data-element_type=\"section\" data-settings=\"{&quot;background_background&quot;:&quot;classic&quot;}\">\n\t\t\t\t\t\t<div class=\"elementor-container elementor-column-gap-default\">\n\t\t\t\t\t<div class=\"elementor-column elementor-col-100 elementor-top-column elementor-element elementor-element-643a9ae\" data-id=\"643a9ae\" data-element_type=\"column\">\n\t\t\t<div class=\"elementor-widget-wrap elementor-element-populated\">\n\t\t\t\t\t\t<div class=\"elementor-element elementor-element-00a25ea elementor-widget elementor-widget-video\" data-id=\"00a25ea\" data-element_type=\"widget\" data-settings=\"{&quot;youtube_url&quot;:&quot;https:\\\/\\\/youtu.be\\\/ggMgmAXMHLA&quot;,&quot;video_type&quot;:&quot;youtube&quot;,&quot;controls&quot;:&quot;yes&quot;}\" data-widget_type=\"video.default\">\n\t\t\t\t<div class=\"elementor-widget-container\">\n\t\t\t\t\t\t\t<div class=\"elementor-wrapper elementor-open-inline\">\n\t\t\t<div class=\"elementor-video\"><\/div>\t\t<\/div>\n\t\t\t\t\t\t<\/div>\n\t\t\t\t<\/div>\n\t\t\t\t\t<\/div>\n\t\t<\/div>\n\t\t\t\t\t<\/div>\n\t\t<\/section>\n\t\t\t\t<section class=\"elementor-section elementor-top-section elementor-element elementor-element-1f74eb2 elementor-section-boxed elementor-section-height-default elementor-section-height-default\" data-id=\"1f74eb2\" data-element_type=\"section\" data-settings=\"{&quot;background_background&quot;:&quot;classic&quot;}\">\n\t\t\t\t\t\t<div class=\"elementor-container elementor-column-gap-default\">\n\t\t\t\t\t\t<\/div>\n\t\t<\/section>\n\t\t\t\t<section class=\"elementor-section elementor-top-section elementor-element elementor-element-e3c3fb1 elementor-section-boxed elementor-section-height-default elementor-section-height-default\" data-id=\"e3c3fb1\" data-element_type=\"section\">\n\t\t\t\t\t\t<div class=\"elementor-container elementor-column-gap-default\">\n\t\t\t\t\t<div class=\"elementor-column elementor-col-100 elementor-top-column elementor-element elementor-element-4c90fbc\" data-id=\"4c90fbc\" data-element_type=\"column\">\n\t\t\t<div class=\"elementor-widget-wrap elementor-element-populated\">\n\t\t\t\t\t\t<div class=\"elementor-element elementor-element-f681a7f elementor-widget elementor-widget-html\" data-id=\"f681a7f\" data-element_type=\"widget\" data-widget_type=\"html.default\">\n\t\t\t\t<div class=\"elementor-widget-container\">\n\t\t\t\t\t<iframe src=\"https:\/\/docs.google.com\/forms\/d\/e\/1FAIpQLSceoZdeyKGkbAI-irb5v1moLKWEyDrLGyP4F80hAt-BdodEYw\/viewform?embedded=true\" width=\"640\" height=\"1410\" frameborder=\"0\" marginheight=\"0\" marginwidth=\"0\">Cargando\u2026<\/iframe>\t\t\t\t<\/div>\n\t\t\t\t<\/div>\n\t\t\t\t\t<\/div>\n\t\t<\/div>\n\t\t\t\t\t<\/div>\n\t\t<\/section>\n\t\t\t\t<\/div>","protected":false},"excerpt":{"rendered":"<p>\u00a1PRUEBALO! IndieGame 2020 &#8211; Ignited Steel GAME INFO Controla a un escuadr\u00f3n de pilotos mercenarios al mando de robots gigantes, unas reliquias de una era m\u00e1s civilizada, que te permiten enfrentarte a la malvada corporaci\u00f3n que quiere controlar toda la galaxia. Deber\u00e1s gestionar el calor producido por estas avanzadas m\u00e1quinas, ya que tus acciones, como [&hellip;]<\/p>","protected":false},"author":1,"featured_media":0,"parent":0,"menu_order":0,"comment_status":"closed","ping_status":"closed","template":"elementor_canvas","meta":{"footnotes":""},"class_list":["post-2064","page","type-page","status-publish","hentry"],"_links":{"self":[{"href":"https:\/\/www.indiedevday.es\/ca\/wp-json\/wp\/v2\/pages\/2064","targetHints":{"allow":["GET"]}}],"collection":[{"href":"https:\/\/www.indiedevday.es\/ca\/wp-json\/wp\/v2\/pages"}],"about":[{"href":"https:\/\/www.indiedevday.es\/ca\/wp-json\/wp\/v2\/types\/page"}],"author":[{"embeddable":true,"href":"https:\/\/www.indiedevday.es\/ca\/wp-json\/wp\/v2\/users\/1"}],"replies":[{"embeddable":true,"href":"https:\/\/www.indiedevday.es\/ca\/wp-json\/wp\/v2\/comments?post=2064"}],"version-history":[{"count":8,"href":"https:\/\/www.indiedevday.es\/ca\/wp-json\/wp\/v2\/pages\/2064\/revisions"}],"predecessor-version":[{"id":2382,"href":"https:\/\/www.indiedevday.es\/ca\/wp-json\/wp\/v2\/pages\/2064\/revisions\/2382"}],"wp:attachment":[{"href":"https:\/\/www.indiedevday.es\/ca\/wp-json\/wp\/v2\/media?parent=2064"}],"curies":[{"name":"wp","href":"https:\/\/api.w.org\/{rel}","templated":true}]}}