
{"id":1377,"date":"2020-09-28T16:49:46","date_gmt":"2020-09-28T16:49:46","guid":{"rendered":"http:\/\/www.indiedevday.es\/?page_id=1377"},"modified":"2020-10-12T08:15:35","modified_gmt":"2020-10-12T08:15:35","slug":"solicitud-expositor-2020","status":"publish","type":"page","link":"https:\/\/www.indiedevday.es\/ca\/solicitud-expositor-2020\/","title":{"rendered":"Solicitud de expositor 2020"},"content":{"rendered":"<div data-elementor-type=\"wp-post\" data-elementor-id=\"1377\" class=\"elementor elementor-1377\" data-elementor-post-type=\"page\">\n\t\t\t\t\t\t<section class=\"elementor-section elementor-top-section elementor-element elementor-element-1e1e206 elementor-section-boxed elementor-section-height-default elementor-section-height-default\" data-id=\"1e1e206\" data-element_type=\"section\" data-settings=\"{&quot;background_background&quot;:&quot;classic&quot;}\">\n\t\t\t\t\t\t<div class=\"elementor-container elementor-column-gap-default\">\n\t\t\t\t\t<div class=\"elementor-column elementor-col-100 elementor-top-column elementor-element elementor-element-10da514\" data-id=\"10da514\" data-element_type=\"column\">\n\t\t\t<div class=\"elementor-widget-wrap elementor-element-populated\">\n\t\t\t\t\t\t<div class=\"elementor-element elementor-element-cb16e72 elementor-widget elementor-widget-image\" data-id=\"cb16e72\" data-element_type=\"widget\" data-widget_type=\"image.default\">\n\t\t\t\t<div class=\"elementor-widget-container\">\n\t\t\t\t\t\t\t\t\t\t\t\t\t\t\t<img fetchpriority=\"high\" decoding=\"async\" width=\"800\" height=\"347\" src=\"https:\/\/www.indiedevday.es\/wp-content\/uploads\/2020\/10\/Letrero-1.png\" class=\"attachment-large size-large wp-image-1515\" alt=\"\" srcset=\"https:\/\/www.indiedevday.es\/wp-content\/uploads\/2020\/10\/Letrero-1.png 1000w, https:\/\/www.indiedevday.es\/wp-content\/uploads\/2020\/10\/Letrero-1-300x130.png 300w, https:\/\/www.indiedevday.es\/wp-content\/uploads\/2020\/10\/Letrero-1-768x333.png 768w, https:\/\/www.indiedevday.es\/wp-content\/uploads\/2020\/10\/Letrero-1-830x360.png 830w, https:\/\/www.indiedevday.es\/wp-content\/uploads\/2020\/10\/Letrero-1-230x100.png 230w, https:\/\/www.indiedevday.es\/wp-content\/uploads\/2020\/10\/Letrero-1-350x152.png 350w, https:\/\/www.indiedevday.es\/wp-content\/uploads\/2020\/10\/Letrero-1-480x208.png 480w\" sizes=\"(max-width: 800px) 100vw, 800px\" \/>\t\t\t\t\t\t\t\t\t\t\t\t\t\t\t<\/div>\n\t\t\t\t<\/div>\n\t\t\t\t\t<\/div>\n\t\t<\/div>\n\t\t\t\t\t<\/div>\n\t\t<\/section>\n\t\t\t\t<section class=\"elementor-section elementor-top-section elementor-element elementor-element-454770d5 elementor-section-boxed elementor-section-height-default elementor-section-height-default\" data-id=\"454770d5\" data-element_type=\"section\" id=\"services\">\n\t\t\t\t\t\t<div class=\"elementor-container elementor-column-gap-default\">\n\t\t\t\t\t<div class=\"elementor-column elementor-col-100 elementor-top-column elementor-element elementor-element-49c465df\" data-id=\"49c465df\" data-element_type=\"column\">\n\t\t\t<div class=\"elementor-widget-wrap elementor-element-populated\">\n\t\t\t\t\t\t<div class=\"elementor-element elementor-element-39c9553d elementor-widget elementor-widget-heading\" data-id=\"39c9553d\" data-element_type=\"widget\" data-widget_type=\"heading.default\">\n\t\t\t\t<div class=\"elementor-widget-container\">\n\t\t\t\t\t<h3 class=\"elementor-heading-title elementor-size-default\">SOLICITUD DE EXPOSITOR 2020<\/h3>\t\t\t\t<\/div>\n\t\t\t\t<\/div>\n\t\t\t\t<div class=\"elementor-element elementor-element-3584b5 elementor-widget-divider--view-line elementor-widget elementor-widget-divider\" data-id=\"3584b5\" data-element_type=\"widget\" data-widget_type=\"divider.default\">\n\t\t\t\t<div class=\"elementor-widget-container\">\n\t\t\t\t\t\t\t<div class=\"elementor-divider\">\n\t\t\t<span class=\"elementor-divider-separator\">\n\t\t\t\t\t\t<\/span>\n\t\t<\/div>\n\t\t\t\t\t\t<\/div>\n\t\t\t\t<\/div>\n\t\t\t\t<div class=\"elementor-element elementor-element-2a1e8f3 elementor-widget elementor-widget-text-editor\" data-id=\"2a1e8f3\" data-element_type=\"widget\" data-widget_type=\"text-editor.default\">\n\t\t\t\t<div class=\"elementor-widget-container\">\n\t\t\t\t\t\t\t\t\t<p>Debido a la situaci\u00f3n actual, el formato de IndieDevDay cambia para ser 100% online, y esto afecta mucho a la forma en lo que los estudios y desarrolladores pueden participar en el evento. Vamos a intentar respetar al m\u00e1ximo el esp\u00edritu del evento realizando presentaciones en diversos formatos.<\/p>\n<p>Tras la finalizaci\u00f3n del plazo de solicitudes, dependiendo del estado de los proyectos y juegos (trailer, concepts, material gr\u00e1fico, demo, gameplay&#8230;) se decidir\u00e1n las modalidades en las que se har\u00e1n las presentaciones:<br>-Pitch del estudio\/desarrollador<br>-Visionado de trailer<br>-Mesa redonda de presentaciones con desarrolladores<br>-Demo jugada con streamers del evento (con posibilidad de hacerlo junto al desarrollador)<br>-Promoci\u00f3n del espacio donde descargar\/jugar el juego<\/p>\n<p>Contactaremos con vosotros tras el cierre de las solicitudes.<\/p>\t\t\t\t\t\t\t\t<\/div>\n\t\t\t\t<\/div>\n\t\t\t\t<div class=\"elementor-element elementor-element-fb1f437 elementor-widget elementor-widget-text-editor\" data-id=\"fb1f437\" data-element_type=\"widget\" data-widget_type=\"text-editor.default\">\n\t\t\t\t<div class=\"elementor-widget-container\">\n\t\t\t\t\t\t\t\t\tEn IndieDevDay 2020 vamos a recibir solicitudes hasta el <strong>\u00a011 de Octubre<\/strong>.\n\n<iframe style=\"position: relative; width: 1px; min-width: 100%; *width: 100%;\" src=\"https:\/\/www.cognitoforms.com\/f\/7P-ZTme7oU6d5ITfbOgeQw?id=47\" width=\"100%\" height=\"1500\" frameborder=\"0\" scrolling=\"yes\" seamless=\"seamless\"><\/iframe>\t\t\t\t\t\t\t\t<\/div>\n\t\t\t\t<\/div>\n\t\t\t\t\t<\/div>\n\t\t<\/div>\n\t\t\t\t\t<\/div>\n\t\t<\/section>\n\t\t\t\t<section class=\"elementor-section elementor-top-section elementor-element elementor-element-dbd9029 elementor-section-boxed elementor-section-height-default elementor-section-height-default\" data-id=\"dbd9029\" data-element_type=\"section\">\n\t\t\t\t\t\t<div class=\"elementor-container elementor-column-gap-default\">\n\t\t\t\t\t<div class=\"elementor-column elementor-col-100 elementor-top-column elementor-element elementor-element-a22eb34\" data-id=\"a22eb34\" data-element_type=\"column\">\n\t\t\t<div class=\"elementor-widget-wrap elementor-element-populated\">\n\t\t\t\t\t\t\t<\/div>\n\t\t<\/div>\n\t\t\t\t\t<\/div>\n\t\t<\/section>\n\t\t\t\t<section class=\"elementor-section elementor-top-section elementor-element elementor-element-6af86639 elementor-section-boxed elementor-section-height-default elementor-section-height-default\" data-id=\"6af86639\" data-element_type=\"section\" data-settings=\"{&quot;background_background&quot;:&quot;classic&quot;}\">\n\t\t\t\t\t\t<div class=\"elementor-container elementor-column-gap-default\">\n\t\t\t\t\t<div class=\"elementor-column elementor-col-100 elementor-top-column elementor-element elementor-element-7c43a80e\" data-id=\"7c43a80e\" data-element_type=\"column\">\n\t\t\t<div class=\"elementor-widget-wrap elementor-element-populated\">\n\t\t\t\t\t\t<div class=\"elementor-element elementor-element-4c271b4 sydney-social-row elementor-shape-rounded elementor-grid-0 e-grid-align-center elementor-widget elementor-widget-social-icons\" data-id=\"4c271b4\" data-element_type=\"widget\" data-widget_type=\"social-icons.default\">\n\t\t\t\t<div class=\"elementor-widget-container\">\n\t\t\t\t\t\t\t<div class=\"elementor-social-icons-wrapper elementor-grid\" role=\"list\">\n\t\t\t\t\t\t\t<span class=\"elementor-grid-item\" role=\"listitem\">\n\t\t\t\t\t<a class=\"elementor-icon elementor-social-icon elementor-social-icon-facebook elementor-repeater-item-1fc9825\" href=\"https:\/\/www.facebook.com\/Indiedevday-279375892840809\" target=\"_blank\">\n\t\t\t\t\t\t<span class=\"elementor-screen-only\">Facebook<\/span>\n\t\t\t\t\t\t\t\t\t\t\t\t\t<i class=\"fa fa-facebook\" aria-hidden=\"true\"><\/i>\n\t\t\t\t\t\t\t\t\t\t\t<\/a>\n\t\t\t\t<\/span>\n\t\t\t\t\t\t\t<span class=\"elementor-grid-item\" role=\"listitem\">\n\t\t\t\t\t<a class=\"elementor-icon elementor-social-icon elementor-social-icon-twitter elementor-repeater-item-3cff2d5\" href=\"https:\/\/twitter.com\/IndieDevDay\" target=\"_blank\">\n\t\t\t\t\t\t<span class=\"elementor-screen-only\">Twitter<\/span>\n\t\t\t\t\t\t\t\t\t\t\t\t\t<i class=\"fa fa-twitter\" aria-hidden=\"true\"><\/i>\n\t\t\t\t\t\t\t\t\t\t\t<\/a>\n\t\t\t\t<\/span>\n\t\t\t\t\t\t\t<span class=\"elementor-grid-item\" role=\"listitem\">\n\t\t\t\t\t<a class=\"elementor-icon elementor-social-icon elementor-social-icon-instagram elementor-repeater-item-cc36850\" href=\"https:\/\/www.instagram.com\/indiedevday\/\" target=\"_blank\">\n\t\t\t\t\t\t<span class=\"elementor-screen-only\">Instagram<\/span>\n\t\t\t\t\t\t\t\t\t\t\t\t\t<i class=\"fa fa-instagram\" aria-hidden=\"true\"><\/i>\n\t\t\t\t\t\t\t\t\t\t\t<\/a>\n\t\t\t\t<\/span>\n\t\t\t\t\t<\/div>\n\t\t\t\t\t\t<\/div>\n\t\t\t\t<\/div>\n\t\t\t\t\t<\/div>\n\t\t<\/div>\n\t\t\t\t\t<\/div>\n\t\t<\/section>\n\t\t\t\t<\/div>","protected":false},"excerpt":{"rendered":"<p>SOLICITUD DE EXPOSITOR 2020 Debido a la situaci\u00f3n actual, el formato de IndieDevDay cambia para ser 100% online, y esto afecta mucho a la forma en lo que los estudios y desarrolladores pueden participar en el evento. Vamos a intentar respetar al m\u00e1ximo el esp\u00edritu del evento realizando presentaciones en diversos formatos. Tras la finalizaci\u00f3n [&hellip;]<\/p>","protected":false},"author":1,"featured_media":0,"parent":0,"menu_order":0,"comment_status":"closed","ping_status":"closed","template":"page-templates\/page_front-page.php","meta":{"footnotes":""},"class_list":["post-1377","page","type-page","status-publish","hentry"],"_links":{"self":[{"href":"https:\/\/www.indiedevday.es\/ca\/wp-json\/wp\/v2\/pages\/1377","targetHints":{"allow":["GET"]}}],"collection":[{"href":"https:\/\/www.indiedevday.es\/ca\/wp-json\/wp\/v2\/pages"}],"about":[{"href":"https:\/\/www.indiedevday.es\/ca\/wp-json\/wp\/v2\/types\/page"}],"author":[{"embeddable":true,"href":"https:\/\/www.indiedevday.es\/ca\/wp-json\/wp\/v2\/users\/1"}],"replies":[{"embeddable":true,"href":"https:\/\/www.indiedevday.es\/ca\/wp-json\/wp\/v2\/comments?post=1377"}],"version-history":[{"count":26,"href":"https:\/\/www.indiedevday.es\/ca\/wp-json\/wp\/v2\/pages\/1377\/revisions"}],"predecessor-version":[{"id":1518,"href":"https:\/\/www.indiedevday.es\/ca\/wp-json\/wp\/v2\/pages\/1377\/revisions\/1518"}],"wp:attachment":[{"href":"https:\/\/www.indiedevday.es\/ca\/wp-json\/wp\/v2\/media?parent=1377"}],"curies":[{"name":"wp","href":"https:\/\/api.w.org\/{rel}","templated":true}]}}