
{"id":1327,"date":"2019-09-03T09:55:54","date_gmt":"2019-09-03T09:55:54","guid":{"rendered":"http:\/\/www.indiedevday.es\/?page_id=1327"},"modified":"2019-09-05T07:10:48","modified_gmt":"2019-09-05T07:10:48","slug":"sesiones-musicales","status":"publish","type":"page","link":"https:\/\/www.indiedevday.es\/ca\/sesiones-musicales\/","title":{"rendered":"Sesiones Musicales"},"content":{"rendered":"<div data-elementor-type=\"wp-post\" data-elementor-id=\"1327\" class=\"elementor elementor-1327\" data-elementor-post-type=\"page\">\n\t\t\t\t\t\t<section class=\"elementor-section elementor-top-section elementor-element elementor-element-7676542 elementor-section-boxed elementor-section-height-default elementor-section-height-default\" data-id=\"7676542\" data-element_type=\"section\">\n\t\t\t\t\t\t<div class=\"elementor-container elementor-column-gap-default\">\n\t\t\t\t\t<div class=\"elementor-column elementor-col-100 elementor-top-column elementor-element elementor-element-83b66f3\" data-id=\"83b66f3\" data-element_type=\"column\">\n\t\t\t<div class=\"elementor-widget-wrap elementor-element-populated\">\n\t\t\t\t\t\t<section class=\"elementor-section elementor-inner-section elementor-element elementor-element-e8c4a58 elementor-section-boxed elementor-section-height-default elementor-section-height-default\" data-id=\"e8c4a58\" data-element_type=\"section\">\n\t\t\t\t\t\t<div class=\"elementor-container elementor-column-gap-default\">\n\t\t\t\t\t<div class=\"elementor-column elementor-col-50 elementor-inner-column elementor-element elementor-element-01681be\" data-id=\"01681be\" data-element_type=\"column\">\n\t\t\t<div class=\"elementor-widget-wrap elementor-element-populated\">\n\t\t\t\t\t\t<div class=\"elementor-element elementor-element-7119a52 elementor-widget elementor-widget-image\" data-id=\"7119a52\" data-element_type=\"widget\" data-widget_type=\"image.default\">\n\t\t\t\t<div class=\"elementor-widget-container\">\n\t\t\t\t\t\t\t\t\t\t\t\t\t\t\t\t<a href=\"https:\/\/www.indiedevday.es\/ca\">\n\t\t\t\t\t\t\t<img decoding=\"async\" width=\"150\" height=\"150\" src=\"https:\/\/www.indiedevday.es\/wp-content\/uploads\/2019\/06\/logo-2-150x150.png\" class=\"attachment-thumbnail size-thumbnail wp-image-909\" alt=\"\" srcset=\"https:\/\/www.indiedevday.es\/wp-content\/uploads\/2019\/06\/logo-2-150x150.png 150w, https:\/\/www.indiedevday.es\/wp-content\/uploads\/2019\/06\/logo-2-300x300.png 300w, https:\/\/www.indiedevday.es\/wp-content\/uploads\/2019\/06\/logo-2-768x768.png 768w, https:\/\/www.indiedevday.es\/wp-content\/uploads\/2019\/06\/logo-2-830x830.png 830w, https:\/\/www.indiedevday.es\/wp-content\/uploads\/2019\/06\/logo-2-230x230.png 230w, https:\/\/www.indiedevday.es\/wp-content\/uploads\/2019\/06\/logo-2-350x350.png 350w, https:\/\/www.indiedevday.es\/wp-content\/uploads\/2019\/06\/logo-2-480x480.png 480w, https:\/\/www.indiedevday.es\/wp-content\/uploads\/2019\/06\/logo-2.png 1000w\" sizes=\"(max-width: 150px) 100vw, 150px\" \/>\t\t\t\t\t\t\t\t<\/a>\n\t\t\t\t\t\t\t\t\t\t\t\t\t\t\t<\/div>\n\t\t\t\t<\/div>\n\t\t\t\t\t<\/div>\n\t\t<\/div>\n\t\t\t\t<div class=\"elementor-column elementor-col-50 elementor-inner-column elementor-element elementor-element-e5ef946\" data-id=\"e5ef946\" data-element_type=\"column\">\n\t\t\t<div class=\"elementor-widget-wrap elementor-element-populated\">\n\t\t\t\t\t\t<div class=\"elementor-element elementor-element-7bf2355 elementor-widget elementor-widget-heading\" data-id=\"7bf2355\" data-element_type=\"widget\" data-widget_type=\"heading.default\">\n\t\t\t\t<div class=\"elementor-widget-container\">\n\t\t\t\t\t<h2 class=\"elementor-heading-title elementor-size-default\">Dj\u2019s, M\u00fasica y Videojuegos<\/h2>\t\t\t\t<\/div>\n\t\t\t\t<\/div>\n\t\t\t\t\t<\/div>\n\t\t<\/div>\n\t\t\t\t\t<\/div>\n\t\t<\/section>\n\t\t\t\t<div class=\"elementor-element elementor-element-377820b elementor-widget elementor-widget-image\" data-id=\"377820b\" data-element_type=\"widget\" data-widget_type=\"image.default\">\n\t\t\t\t<div class=\"elementor-widget-container\">\n\t\t\t\t\t\t\t\t\t\t\t\t\t\t\t<img fetchpriority=\"high\" decoding=\"async\" width=\"768\" height=\"614\" src=\"https:\/\/www.indiedevday.es\/wp-content\/uploads\/2019\/09\/WhatsApp-Image-2019-09-05-at-04.51.51-768x614.jpeg\" class=\"attachment-medium_large size-medium_large wp-image-1347\" alt=\"Horario DJS\" srcset=\"https:\/\/www.indiedevday.es\/wp-content\/uploads\/2019\/09\/WhatsApp-Image-2019-09-05-at-04.51.51-768x614.jpeg 768w, https:\/\/www.indiedevday.es\/wp-content\/uploads\/2019\/09\/WhatsApp-Image-2019-09-05-at-04.51.51-300x240.jpeg 300w, https:\/\/www.indiedevday.es\/wp-content\/uploads\/2019\/09\/WhatsApp-Image-2019-09-05-at-04.51.51-1024x819.jpeg 1024w, https:\/\/www.indiedevday.es\/wp-content\/uploads\/2019\/09\/WhatsApp-Image-2019-09-05-at-04.51.51-830x664.jpeg 830w, https:\/\/www.indiedevday.es\/wp-content\/uploads\/2019\/09\/WhatsApp-Image-2019-09-05-at-04.51.51-230x184.jpeg 230w, https:\/\/www.indiedevday.es\/wp-content\/uploads\/2019\/09\/WhatsApp-Image-2019-09-05-at-04.51.51-350x280.jpeg 350w, https:\/\/www.indiedevday.es\/wp-content\/uploads\/2019\/09\/WhatsApp-Image-2019-09-05-at-04.51.51-480x384.jpeg 480w, https:\/\/www.indiedevday.es\/wp-content\/uploads\/2019\/09\/WhatsApp-Image-2019-09-05-at-04.51.51.jpeg 1600w\" sizes=\"(max-width: 768px) 100vw, 768px\" \/>\t\t\t\t\t\t\t\t\t\t\t\t\t\t\t<\/div>\n\t\t\t\t<\/div>\n\t\t\t\t<div class=\"elementor-element elementor-element-5dffb9e elementor-widget elementor-widget-text-editor\" data-id=\"5dffb9e\" data-element_type=\"widget\" data-widget_type=\"text-editor.default\">\n\t\t\t\t<div class=\"elementor-widget-container\">\n\t\t\t\t\t\t\t\t\t<p><span style=\"font-weight: 400;\">Durante los dos d\u00edas que dure el evento habr\u00e1 DJ\u2019s que amenizar\u00e1n la zona de restauraci\u00f3n con sesiones musicales que girar\u00e1n en torno a los videojuegos o la m\u00fasica 8 bits. Estos artistas son:\u00a0<\/span><\/p>\t\t\t\t\t\t\t\t<\/div>\n\t\t\t\t<\/div>\n\t\t\t\t<div class=\"elementor-element elementor-element-220f589 elementor-position-top elementor-widget elementor-widget-image-box\" data-id=\"220f589\" data-element_type=\"widget\" data-widget_type=\"image-box.default\">\n\t\t\t\t<div class=\"elementor-widget-container\">\n\t\t\t\t\t<div class=\"elementor-image-box-wrapper\"><figure class=\"elementor-image-box-img\"><img decoding=\"async\" width=\"1080\" height=\"1080\" src=\"https:\/\/www.indiedevday.es\/wp-content\/uploads\/2019\/09\/AMTLIB.png\" class=\"attachment-full size-full wp-image-1329\" alt=\"AMTLIB\" srcset=\"https:\/\/www.indiedevday.es\/wp-content\/uploads\/2019\/09\/AMTLIB.png 1080w, https:\/\/www.indiedevday.es\/wp-content\/uploads\/2019\/09\/AMTLIB-150x150.png 150w, https:\/\/www.indiedevday.es\/wp-content\/uploads\/2019\/09\/AMTLIB-300x300.png 300w, https:\/\/www.indiedevday.es\/wp-content\/uploads\/2019\/09\/AMTLIB-768x768.png 768w, https:\/\/www.indiedevday.es\/wp-content\/uploads\/2019\/09\/AMTLIB-1024x1024.png 1024w, https:\/\/www.indiedevday.es\/wp-content\/uploads\/2019\/09\/AMTLIB-830x830.png 830w, https:\/\/www.indiedevday.es\/wp-content\/uploads\/2019\/09\/AMTLIB-230x230.png 230w, https:\/\/www.indiedevday.es\/wp-content\/uploads\/2019\/09\/AMTLIB-350x350.png 350w, https:\/\/www.indiedevday.es\/wp-content\/uploads\/2019\/09\/AMTLIB-480x480.png 480w\" sizes=\"(max-width: 1080px) 100vw, 1080px\" \/><\/figure><div class=\"elementor-image-box-content\"><h3 class=\"elementor-image-box-title\">\ud83d\udd79\ufe0f Amtlib \ud83d\udd79\ufe0f<\/h3><p class=\"elementor-image-box-description\"><p style=\"text-align: left\"><span style=\"font-weight: 400\">Jordi Gomi conocido como AMTLIB es un joven nacido en Barcelona a principios de los 90's donde la tecnolog\u00eda rompi\u00f3 esquemas y marc\u00f3 a una generaci\u00f3n. Actualmente arrastra la nostalgia de ese momento, reinventando nuevos estilos musicales mezclados con ritmos actuales tales como future funk, lo-fi, 8bits y vaporwave.<\/span><\/p>\n<p style=\"text-align: left\"><\/p>\n<p style=\"text-align: left\"><span style=\"font-weight: 400\">El nombre de AMTLIB, nace al pasar m\u00e1s de media vida utilizando la famosa librer\u00eda de \"Adobe\" amtlib.dll, creada para poder tener una vida m\u00e1s feliz.<\/span><\/p>\n<p style=\"text-align: left\"><\/p>\n<p style=\"text-align: left\"><span style=\"font-weight: 400\">\ud83d\udd3b Pod\u00e9is seguirle en \ud83d\udd3b<\/span><\/p>\n<p style=\"text-align: left\"><\/p>\n<p style=\"text-align: left\"><span style=\"font-weight: 400\">\ud83c\udf10 Soundcloud: <a href=\"https:\/\/soundcloud.com\/djamtlib\"> https:\/\/soundcloud.com\/djamtlib<\/a><\/span><\/p>\n<p style=\"text-align: left\"><span style=\"font-weight: 400\">\ud83c\udf10 Instagram: <a href=\"https:\/\/www.instagram.com\/amtlib\/\"> https:\/\/www.instagram.com\/amtlib\/<\/a><\/span><\/p>\n<p style=\"text-align: left\"><span style=\"font-weight: 400\">\ud83c\udf10 Youtube: <a href=\"https:\/\/www.youtube.com\/channel\/UCYnJNhHZiWLnm4UAZ10dxUA\"> https:\/\/www.youtube.com\/channel\/UCYnJNhHZiWLnm4UAZ10dxUA <\/a><\/span><\/p><\/p><\/div><\/div>\t\t\t\t<\/div>\n\t\t\t\t<\/div>\n\t\t\t\t<div class=\"elementor-element elementor-element-67268b9 elementor-position-top elementor-widget elementor-widget-image-box\" data-id=\"67268b9\" data-element_type=\"widget\" data-widget_type=\"image-box.default\">\n\t\t\t\t<div class=\"elementor-widget-container\">\n\t\t\t\t\t<div class=\"elementor-image-box-wrapper\"><figure class=\"elementor-image-box-img\"><img loading=\"lazy\" decoding=\"async\" width=\"720\" height=\"714\" src=\"https:\/\/www.indiedevday.es\/wp-content\/uploads\/2019\/09\/4Dboy.jpeg\" class=\"attachment-full size-full wp-image-1330\" alt=\"4Dboy\" srcset=\"https:\/\/www.indiedevday.es\/wp-content\/uploads\/2019\/09\/4Dboy.jpeg 720w, https:\/\/www.indiedevday.es\/wp-content\/uploads\/2019\/09\/4Dboy-150x150.jpeg 150w, https:\/\/www.indiedevday.es\/wp-content\/uploads\/2019\/09\/4Dboy-300x298.jpeg 300w, https:\/\/www.indiedevday.es\/wp-content\/uploads\/2019\/09\/4Dboy-230x228.jpeg 230w, https:\/\/www.indiedevday.es\/wp-content\/uploads\/2019\/09\/4Dboy-350x347.jpeg 350w, https:\/\/www.indiedevday.es\/wp-content\/uploads\/2019\/09\/4Dboy-480x476.jpeg 480w\" sizes=\"(max-width: 720px) 100vw, 720px\" \/><\/figure><div class=\"elementor-image-box-content\"><h3 class=\"elementor-image-box-title\">\ud83d\udd79\ufe0f 4Dboy \ud83d\udd79\ufe0f<\/h3><p class=\"elementor-image-box-description\"><p style=\"text-align: left\"><span style=\"font-weight: 400\">4Dboy crea su m\u00fasica con GAMEBOY y el tracker LSDJ (donde programa las melod\u00edas y sintetiza los sonidos).<\/span><\/p>\n<p style=\"text-align: left\"><\/p>\n<p style=\"text-align: left\"><span style=\"font-weight: 400\">Tambi\u00e9n usa Software de edici\u00f3n en ordenador, secuenciadores, controladores MIDI y sintetizadores para otros g\u00e9neros musicales como Drum&amp;Bass, Breakcore, etc\u2026<\/span><\/p>\n<p style=\"text-align: left\"><span style=\"font-weight: 400\">Ha participado en eventos como: LOWTOY Festival, Sal\u00f3 del Manga, Chipwrecked Festival, RetroMadrid, GAMEROCK PARTY, Atomic Pixel Party, r2con, en distintas LAN Parties, etc...<\/span><\/p>\n<p style=\"text-align: left\"><span style=\"font-weight: 400\">Ha publicado discos para sellos como: LOWTOY, Bleep Love, Point&amp;Scratch Records, etc\u2026<\/span><\/p>\n<p style=\"text-align: left\"><\/p>\n<p style=\"text-align: left\"><span style=\"font-weight: 400\">Casualmente naci\u00f3 el mismo d\u00eda, mes y a\u00f1o en que cuando la primera GAMEBOY DMG-01 sali\u00f3 al mercado en Jap\u00f3n.<\/span><\/p>\n<p style=\"text-align: left\"><\/p>\n<p style=\"text-align: left\"><span style=\"font-weight: 400\">\ud83d\udd3b Pod\u00e9is seguirle en \ud83d\udd3b<\/span><\/p>\n<p style=\"text-align: left\"><\/p>\n<p style=\"text-align: left\"><span style=\"font-weight: 400\">\ud83c\udf10 Soundcloud: <a href=\"https:\/\/soundcloud.com\/4dboy\"> https:\/\/soundcloud.com\/4dboy <\/a><\/span><\/p>\n<p style=\"text-align: left\"><span style=\"font-weight: 400\">\ud83c\udf10 Instagram: <a href=\"https:\/\/www.instagram.com\/the4dboy\">https:\/\/www.instagram.com\/the4dboy<\/a><\/span><\/p>\n<p style=\"text-align: left\"><span style=\"font-weight: 400\">\ud83c\udf10 Twitter: <a href=\"https:\/\/twitter.com\/the4dboy\"> https:\/\/twitter.com\/the4dboy <\/a>\u00a0<\/span><\/p><\/p><\/div><\/div>\t\t\t\t<\/div>\n\t\t\t\t<\/div>\n\t\t\t\t<div class=\"elementor-element elementor-element-9015b8d elementor-position-top elementor-widget elementor-widget-image-box\" data-id=\"9015b8d\" data-element_type=\"widget\" data-widget_type=\"image-box.default\">\n\t\t\t\t<div class=\"elementor-widget-container\">\n\t\t\t\t\t<div class=\"elementor-image-box-wrapper\"><figure class=\"elementor-image-box-img\"><img loading=\"lazy\" decoding=\"async\" width=\"970\" height=\"970\" src=\"https:\/\/www.indiedevday.es\/wp-content\/uploads\/2019\/09\/ZeroRelate.jpg\" class=\"attachment-full size-full wp-image-1333\" alt=\"\" srcset=\"https:\/\/www.indiedevday.es\/wp-content\/uploads\/2019\/09\/ZeroRelate.jpg 970w, https:\/\/www.indiedevday.es\/wp-content\/uploads\/2019\/09\/ZeroRelate-150x150.jpg 150w, https:\/\/www.indiedevday.es\/wp-content\/uploads\/2019\/09\/ZeroRelate-300x300.jpg 300w, https:\/\/www.indiedevday.es\/wp-content\/uploads\/2019\/09\/ZeroRelate-768x768.jpg 768w, https:\/\/www.indiedevday.es\/wp-content\/uploads\/2019\/09\/ZeroRelate-830x830.jpg 830w, https:\/\/www.indiedevday.es\/wp-content\/uploads\/2019\/09\/ZeroRelate-230x230.jpg 230w, https:\/\/www.indiedevday.es\/wp-content\/uploads\/2019\/09\/ZeroRelate-350x350.jpg 350w, https:\/\/www.indiedevday.es\/wp-content\/uploads\/2019\/09\/ZeroRelate-480x480.jpg 480w\" sizes=\"(max-width: 970px) 100vw, 970px\" \/><\/figure><div class=\"elementor-image-box-content\"><h3 class=\"elementor-image-box-title\">\ud83d\udd79\ufe0f ZeroRelate \ud83d\udd79\ufe0f<\/h3><p class=\"elementor-image-box-description\"><p style=\"text-align: left\"><span style=\"font-weight: 400\">Con m\u00e1s de 15 a\u00f1os tras los platos, dj ZeroRelate est\u00e1 viviendo una segunda juventud art\u00edstica gracias a su proyecto Continuous Play: the videogame sessions, espacio donde es capaz de mezclar estilos tan dispares como el chiptune, el trance o el drum&amp;bass y darle un novedoso formato a las bandas sonoras de videojuegos gracias a una elaborada t\u00e9cnica.<\/span><\/p>\n<p style=\"text-align: left\"><\/p>\n<p style=\"text-align: left\"><span style=\"font-weight: 400\">\ud83d\udd3b Pod\u00e9is seguirle en \ud83d\udd3b<\/span><\/p>\n<p style=\"text-align: left\"><\/p>\n<p style=\"text-align: left\"><span style=\"font-weight: 400\">\ud83c\udf10 Soundcloud: <a href=\"https:\/\/soundcloud.com\/zerorelate\">https:\/\/soundcloud.com\/zerorelate<\/a><\/span><\/p>\n<p style=\"text-align: left\"><span style=\"font-weight: 400\">\ud83c\udf10 Twitter: <a href=\"https:\/\/twitter.com\/thevideogamemix\"> https:\/\/twitter.com\/thevideogamemix<\/a><\/span><\/p><\/p><\/div><\/div>\t\t\t\t<\/div>\n\t\t\t\t<\/div>\n\t\t\t\t\t<\/div>\n\t\t<\/div>\n\t\t\t\t\t<\/div>\n\t\t<\/section>\n\t\t\t\t<section class=\"elementor-section elementor-top-section elementor-element elementor-element-5dcf28c elementor-section-stretched elementor-section-full_width elementor-section-height-default elementor-section-height-default\" data-id=\"5dcf28c\" data-element_type=\"section\" data-settings=\"{&quot;stretch_section&quot;:&quot;section-stretched&quot;,&quot;background_background&quot;:&quot;classic&quot;}\">\n\t\t\t\t\t\t<div class=\"elementor-container elementor-column-gap-default\">\n\t\t\t\t\t<div class=\"elementor-column elementor-col-100 elementor-top-column elementor-element elementor-element-fc25af6\" data-id=\"fc25af6\" data-element_type=\"column\">\n\t\t\t<div class=\"elementor-widget-wrap elementor-element-populated\">\n\t\t\t\t\t\t<div class=\"elementor-element elementor-element-f994677 sydney-social-row elementor-shape-rounded elementor-grid-0 e-grid-align-center elementor-widget elementor-widget-social-icons\" data-id=\"f994677\" data-element_type=\"widget\" data-widget_type=\"social-icons.default\">\n\t\t\t\t<div class=\"elementor-widget-container\">\n\t\t\t\t\t\t\t<div class=\"elementor-social-icons-wrapper elementor-grid\" role=\"list\">\n\t\t\t\t\t\t\t<span class=\"elementor-grid-item\" role=\"listitem\">\n\t\t\t\t\t<a class=\"elementor-icon elementor-social-icon elementor-social-icon-facebook elementor-repeater-item-1fc9825\" href=\"https:\/\/www.facebook.com\/Indiedevday-279375892840809\" target=\"_blank\">\n\t\t\t\t\t\t<span class=\"elementor-screen-only\">Facebook<\/span>\n\t\t\t\t\t\t\t\t\t\t\t\t\t<i class=\"fa fa-facebook\" aria-hidden=\"true\"><\/i>\n\t\t\t\t\t\t\t\t\t\t\t<\/a>\n\t\t\t\t<\/span>\n\t\t\t\t\t\t\t<span class=\"elementor-grid-item\" role=\"listitem\">\n\t\t\t\t\t<a class=\"elementor-icon elementor-social-icon elementor-social-icon-twitter elementor-repeater-item-3cff2d5\" href=\"https:\/\/twitter.com\/IndieDevDay\" target=\"_blank\">\n\t\t\t\t\t\t<span class=\"elementor-screen-only\">Twitter<\/span>\n\t\t\t\t\t\t\t\t\t\t\t\t\t<i class=\"fa fa-twitter\" aria-hidden=\"true\"><\/i>\n\t\t\t\t\t\t\t\t\t\t\t<\/a>\n\t\t\t\t<\/span>\n\t\t\t\t\t\t\t<span class=\"elementor-grid-item\" role=\"listitem\">\n\t\t\t\t\t<a class=\"elementor-icon elementor-social-icon elementor-social-icon-instagram elementor-repeater-item-cc36850\" href=\"https:\/\/www.instagram.com\/indiedevday\/\" target=\"_blank\">\n\t\t\t\t\t\t<span class=\"elementor-screen-only\">Instagram<\/span>\n\t\t\t\t\t\t\t\t\t\t\t\t\t<i class=\"fa fa-instagram\" aria-hidden=\"true\"><\/i>\n\t\t\t\t\t\t\t\t\t\t\t<\/a>\n\t\t\t\t<\/span>\n\t\t\t\t\t<\/div>\n\t\t\t\t\t\t<\/div>\n\t\t\t\t<\/div>\n\t\t\t\t\t<\/div>\n\t\t<\/div>\n\t\t\t\t\t<\/div>\n\t\t<\/section>\n\t\t\t\t<\/div>","protected":false},"excerpt":{"rendered":"<p>Dj\u2019s, M\u00fasica y Videojuegos Durante los dos d\u00edas que dure el evento habr\u00e1 DJ\u2019s que amenizar\u00e1n la zona de restauraci\u00f3n con sesiones musicales que girar\u00e1n en torno a los videojuegos o la m\u00fasica 8 bits. Estos artistas son:\u00a0 \ud83d\udd79\ufe0f Amtlib \ud83d\udd79\ufe0f Jordi Gomi conocido como AMTLIB es un joven nacido en Barcelona a principios de [&hellip;]<\/p>","protected":false},"author":1,"featured_media":0,"parent":0,"menu_order":0,"comment_status":"closed","ping_status":"closed","template":"elementor_header_footer","meta":{"footnotes":""},"class_list":["post-1327","page","type-page","status-publish","hentry"],"_links":{"self":[{"href":"https:\/\/www.indiedevday.es\/ca\/wp-json\/wp\/v2\/pages\/1327","targetHints":{"allow":["GET"]}}],"collection":[{"href":"https:\/\/www.indiedevday.es\/ca\/wp-json\/wp\/v2\/pages"}],"about":[{"href":"https:\/\/www.indiedevday.es\/ca\/wp-json\/wp\/v2\/types\/page"}],"author":[{"embeddable":true,"href":"https:\/\/www.indiedevday.es\/ca\/wp-json\/wp\/v2\/users\/1"}],"replies":[{"embeddable":true,"href":"https:\/\/www.indiedevday.es\/ca\/wp-json\/wp\/v2\/comments?post=1327"}],"version-history":[{"count":10,"href":"https:\/\/www.indiedevday.es\/ca\/wp-json\/wp\/v2\/pages\/1327\/revisions"}],"predecessor-version":[{"id":1348,"href":"https:\/\/www.indiedevday.es\/ca\/wp-json\/wp\/v2\/pages\/1327\/revisions\/1348"}],"wp:attachment":[{"href":"https:\/\/www.indiedevday.es\/ca\/wp-json\/wp\/v2\/media?parent=1327"}],"curies":[{"name":"wp","href":"https:\/\/api.w.org\/{rel}","templated":true}]}}